{"id":66,"date":"2022-03-18T18:13:21","date_gmt":"2022-03-18T15:13:21","guid":{"rendered":"http:\/\/localhost\/wordpress\/?page_id=66"},"modified":"2022-04-11T15:15:56","modified_gmt":"2022-04-11T12:15:56","slug":"iletisim","status":"publish","type":"page","link":"http:\/\/yasinseramik.com\/index.php\/iletisim\/","title":{"rendered":"\u0130leti\u015fim"},"content":{"rendered":"<!--themify_builder_content-->\n<div id=\"themify_builder_content-66\" data-postid=\"66\" class=\"themify_builder_content themify_builder_content-66 themify_builder tf_clear\">\n    \t<!-- module_row -->\n\t<div  data-lazy=\"1\" class=\"module_row themify_builder_row fullcover tb_bcd0384 tb_first tf_clearfix\" >\n\t    <div class=\"tf_abs builder_row_cover\"><\/div>\t\t<div class=\"row_inner col_align_middle col-count-2 tf_box tf_w tf_rel\">\n\t\t\t<div  data-lazy=\"1\" class=\"module_column tb-column col4-2 first tb_mruh385 tf_box\">\n\t\t\t    \t        <div class=\"tb-column-inner tf_box tf_w\">\n\t\t    <!-- module text -->\n<div  class=\"module module-text tb_f3sc385  repeat \" data-lazy=\"1\">\n        <div  class=\"tb_text_wrap\">\n    <h2>\u0130leti\u015fim<\/h2>    <\/div>\n<\/div>\n<!-- \/module text --><!-- module text -->\n<div  class=\"module module-text tb_bxlv385  repeat \" data-lazy=\"1\">\n        <div  class=\"tb_text_wrap\">\n    <p>G\u00f6r\u00fc\u015f ve \u00f6nerileriniz i\u00e7in l\u00fctfen bizlere ula\u015f\u0131n.<\/p>    <\/div>\n<\/div>\n<!-- \/module text -->\t<div  data-lazy=\"1\" class=\"module_subrow themify_builder_sub_row tb_2v1k386 tf_w tf_clearfix\">\n\t    \t\t<div class=\"subrow_inner col_align_top gutter-none col-count-2 tf_box tf_w\">\n\t\t\t<div  data-lazy=\"1\" class=\"sub_column module_column tf_box col2-1 first tb_ga1c386\"> \n\t    \t    \t        <div class=\"tb-column-inner tf_box tf_w\">\n\t\t    <!-- module text -->\n<div  class=\"module module-text tb_x2zo386  repeat \" data-lazy=\"1\">\n        <div  class=\"tb_text_wrap\">\n    <h4>Telefon<\/h4>    <\/div>\n<\/div>\n<!-- \/module text --><!-- module divider -->\n<div  class=\"module tf_mw module-divider tb_8q4l387 solid  divider-custom divider-left\" style=\"border-width: 1px;border-color: rgba(255,255,255, 0.50);margin-top: 5px;margin-bottom: 13px;width: 50px;\" data-lazy=\"1\">\n    <\/div>\n<!-- \/module divider -->\n<!-- module icon -->\n<div  class=\"module module-icon tb_u4v6387  normal circle icon_vertical \" data-lazy=\"1\">\n    \t    <div class=\"module-icon-item\">\n\t\t\t\t\t\t\t\t\t\t\t\t\t\t\t\t\t<em class=\"ui tf_vmiddle tf_textc tf_box \" style=\"background-color: #4d7de1;color: #edf3ff\"><svg  aria-hidden=\"true\" class=\"tf_fa tf-fas-phone\"><use href=\"#tf-fas-phone\"><\/use><\/svg><\/em>\n\t\t\t\t\t\t\t\t\t\t\t\t                    \t\t\t\t\t<span class=\"tf_vmiddle\">(0212) 503 09 99<\/span>\n                                    \t\t\t\t    <\/div>\n\t\t    <div class=\"module-icon-item\">\n\t\t\t\t\t\t\t\t\t\t\t\t\t\t\t\t\t<em class=\"ui tf_vmiddle tf_textc tf_box \" style=\"background-color: #4d7de1;color: #edf3ff\"><svg  aria-hidden=\"true\" class=\"tf_fa tf-far-envelope\"><use href=\"#tf-far-envelope\"><\/use><\/svg><\/em>\n\t\t\t\t\t\t\t\t\t\t\t\t                    \t\t\t\t\t<span class=\"tf_vmiddle\">satis@yasinseramik.com<\/span>\n                                    \t\t\t\t    <\/div>\n\t\t    <div class=\"module-icon-item\">\n\t\t\t\t\t\t\t\t\t\t\t\t\t\t\t\t\t<em class=\"ui tf_vmiddle tf_textc tf_box \" style=\"background-color: #4d7de1;color: #edf3ff\"><svg  aria-hidden=\"true\" class=\"tf_fa tf-ti-mobile\"><use href=\"#tf-ti-mobile\"><\/use><\/svg><\/em>\n\t\t\t\t\t\t\t\t\t\t\t\t                    \t\t\t\t\t<span class=\"tf_vmiddle\">(0553) 130 12 16<\/span>\n                                    \t\t\t\t    <\/div>\n\t<\/div>\n<!-- \/module icon -->\n\t        <\/div>\n\t    \t<\/div>\n\t\t<div  data-lazy=\"1\" class=\"sub_column module_column tf_box col2-1 last tb_y30j387\" > \n\t    \t    \t        <div class=\"tb-column-inner tf_box tf_w\">\n\t\t    <!-- module text -->\n<div  class=\"module module-text tb_capy387  repeat \" data-lazy=\"1\">\n        <div  class=\"tb_text_wrap\">\n    <h4>Adres<\/h4>    <\/div>\n<\/div>\n<!-- \/module text --><!-- module divider -->\n<div  class=\"module tf_mw module-divider tb_nwc1387 solid  divider-custom divider-left\" style=\"border-width: 1px;border-color: rgba(255,255,255, 0.50);margin-top: 5px;margin-bottom: 13px;width: 50px;\" data-lazy=\"1\">\n    <\/div>\n<!-- \/module divider -->\n<!-- module text -->\n<div  class=\"module module-text tb_n2kb387   \" data-lazy=\"1\">\n        <div  class=\"tb_text_wrap\">\n    <p>Merkez Mah. Y\u0131ld\u0131r\u0131m Beyaz\u0131t Cad. No:207 Yenibosna-Bah\u00e7elievler\/\u0130STANBUL<\/p>    <\/div>\n<\/div>\n<!-- \/module text -->\t        <\/div>\n\t    \t<\/div>\n\t\t    <\/div>\n\t<\/div><!-- \/themify_builder_sub_row -->\n\t\t        <\/div>\n\t    \t<\/div>\n\t\t<div  data-lazy=\"1\" class=\"module_column tb-column col4-2 last tb_bdh4388 fullcover tf_box\">\n\t\t<div class=\"tf_abs builder_row_cover\"><\/div>\t    \t        <div class=\"tb-column-inner tf_box tf_w\">\n\t\t    <!-- module fancy heading -->\n<div  class=\"module module-fancy-heading tb_yocw278 \" data-lazy=\"1\">\n        <h1 class=\"fancy-heading\">\n    <span  class=\"main-head tf_block\">\n\t\t\t\t\t<iframe src=\"https:\/\/www.google.com\/maps\/embed?pb=!1m14!1m8!1m3!1d12042.52134059957!2d28.828059!3d41.0114636!3m2!1i1024!2i768!4f13.1!3m3!1m2!1s0x0%3A0x255157c2ae7b3279!2sNG%20K%C3%BCtahya%20Seramik%20-%20Yasin!5e0!3m2!1str!2str!4v1649152654937!5m2!1str!2str\" width=\"600\" height=\"450\" style=\"border:0;\" allowfullscreen=\"\" loading=\"lazy\" referrerpolicy=\"no-referrer-when-downgrade\"><\/iframe>\t\t    <\/span>\n    <span class=\"sub-head tf_block tf_rel\">\n\t\t\t\t\t\t\t    <\/span>\n    <\/h1>\n<\/div>\n<!-- \/module fancy heading -->\n\t        <\/div>\n\t    \t<\/div>\n\t\t    <\/div>\n\t    <!-- \/row_inner -->\n\t<\/div>\n\t<!-- \/module_row -->\n\t\t<!-- module_row -->\n\t<div  data-css_id=\"q2u6381\" data-lazy=\"1\" class=\"module_row themify_builder_row repeat fullwidth tb_q2u6381 tf_clearfix\" >\n\t    \t\t<div class=\"row_inner col_align_middle gutter-none col-count-1 tf_box tf_w tf_rel\"  data-basecol=\"1\" data-col_tablet=\"tablet-full\">\n\t\t\t<div  data-lazy=\"1\" class=\"module_column tb-column col-full first tb_jml9381 repeat tf_box\">\n\t\t\t    \t        <div class=\"tb-column-inner tf_box tf_w\">\n\t\t    <!-- module text -->\n<div  class=\"module module-text tb_ukue381   \" data-lazy=\"1\">\n        <div  class=\"tb_text_wrap\">\n    <h3><img loading=\"lazy\" decoding=\"async\" class=\"alignnone size-medium wp-image-1633\" src=\"http:\/\/yasinseramik.com\/wp-content\/uploads\/2022\/03\/cropped-cropped-HH_preview_rev_1-1-300x101.png\" alt=\"\" width=\"300\" height=\"101\" srcset=\"http:\/\/yasinseramik.com\/wp-content\/uploads\/2022\/03\/cropped-cropped-HH_preview_rev_1-1-300x101.png 300w, http:\/\/yasinseramik.com\/wp-content\/uploads\/2022\/03\/cropped-cropped-HH_preview_rev_1-1-768x258.png 768w, http:\/\/yasinseramik.com\/wp-content\/uploads\/2022\/03\/cropped-cropped-HH_preview_rev_1-1.png 800w\" sizes=\"auto, (max-width: 300px) 100vw, 300px\" \/><\/h3>    <\/div>\n<\/div>\n<!-- \/module text --><!-- module icon -->\n<div  class=\"module module-icon tb_bp8q381  large none icon_horizontal tf_textc\" data-lazy=\"1\">\n    \t    <div class=\"module-icon-item tf_inline_b\">\n\t\t\t\t\t\t\t<a href=\"https:\/\/www.facebook.com\/yasinseramik\/\">\n\t\t\t\t\t\t\t\t\t\t\t\t\t\t\t\t\t<em class=\"ui tf_vmiddle tf_textc tf_box \"><svg  aria-hidden=\"true\" class=\"tf_fa tf-ti-facebook\"><use href=\"#tf-ti-facebook\"><\/use><\/svg><\/em>\n\t\t\t\t\t\t\t\t\t\t\t\t\t\t\t\t\t\t\t<\/a>\n\t\t\t\t    <\/div>\n\t\t    <div class=\"module-icon-item tf_inline_b\">\n\t\t\t\t\t\t\t<a href=\" https:\/\/www.instagram.com\/yasin_yapi\/\">\n\t\t\t\t\t\t\t\t\t\t\t\t\t\t\t\t\t<em class=\"ui tf_vmiddle tf_textc tf_box \"><svg  aria-hidden=\"true\" class=\"tf_fa tf-ti-instagram\"><use href=\"#tf-ti-instagram\"><\/use><\/svg><\/em>\n\t\t\t\t\t\t\t\t\t\t\t\t\t\t\t\t\t\t\t<\/a>\n\t\t\t\t    <\/div>\n\t<\/div>\n<!-- \/module icon -->\n\t<div  data-lazy=\"1\" class=\"module_subrow themify_builder_sub_row repeat tb_bigc381 tf_w tf_clearfix\">\n\t    \t\t<div class=\"subrow_inner col_align_top gutter-none col-count-4 tf_box tf_w\">\n\t\t\t<div  data-lazy=\"1\" class=\"sub_column module_column tf_box col4-1 first tb_d4s4381\"> \n\t    \t    \t<\/div>\n\t\t<div  style=\"width: 38.39%\" data-lazy=\"1\" class=\"sub_column module_column tf_box col4-1 second tb_oiqu381\"> \n\t    \t    \t        <div class=\"tb-column-inner tf_box tf_w\">\n\t\t    <!-- module text -->\n<div  class=\"module module-text tb_evnw381   \" data-lazy=\"1\">\n        <div  class=\"tb_text_wrap\">\n    <div class=\"copyright col-sm-6 col-xs-12 text-left\">\n<p style=\"text-align: right;\">Yasin Yap\u0131 \u00a9 2022 T\u00fcm Haklar\u0131 Sakl\u0131d\u0131r.<\/p>\n<\/div>    <\/div>\n<\/div>\n<!-- \/module text -->\t        <\/div>\n\t    \t<\/div>\n\t\t<div  style=\"width: 11.61%\" data-lazy=\"1\" class=\"sub_column module_column tf_box col4-1 third tb_et7l381\"> \n\t    \t    \t<\/div>\n\t\t<div  data-lazy=\"1\" class=\"sub_column module_column tf_box col4-1 last tb_jq0g381\"> \n\t    \t    \t<\/div>\n\t\t    <\/div>\n\t<\/div><!-- \/themify_builder_sub_row -->\n\t\t        <\/div>\n\t    \t<\/div>\n\t\t    <\/div>\n\t    <!-- \/row_inner -->\n\t<\/div>\n\t<!-- \/module_row -->\n\t<\/div>\n<!--\/themify_builder_content-->","protected":false},"excerpt":{"rendered":"<p>\u0130leti\u015fim G\u00f6r\u00fc\u015f ve \u00f6nerileriniz i\u00e7in l\u00fctfen bizlere ula\u015f\u0131n. Telefon (0212) 503 09 99 satis@yasinseramik.com (0553) 130 12 16 Adres Merkez Mah. Y\u0131ld\u0131r\u0131m Beyaz\u0131t Cad. No:207 Yenibosna-Bah\u00e7elievler\/\u0130STANBUL Yasin Yap\u0131 \u00a9 2022 T\u00fcm Haklar\u0131 Sakl\u0131d\u0131r.<\/p>\n","protected":false},"author":1,"featured_media":0,"parent":0,"menu_order":0,"comment_status":"closed","ping_status":"closed","template":"","meta":{"footnotes":""},"class_list":["post-66","page","type-page","status-publish","hentry"],"yoast_head":"<!-- This site is optimized with the Yoast SEO plugin v18.4.1 - https:\/\/yoast.com\/wordpress\/plugins\/seo\/ -->\n<title>\u0130leti\u015fim - Yasin Yap\u0131<\/title>\n<meta name=\"robots\" content=\"index, follow, max-snippet:-1, max-image-preview:large, max-video-preview:-1\" \/>\n<link rel=\"canonical\" href=\"http:\/\/yasinseramik.com\/index.php\/iletisim\/\" \/>\n<meta property=\"og:locale\" content=\"tr_TR\" \/>\n<meta property=\"og:type\" content=\"article\" \/>\n<meta property=\"og:title\" content=\"\u0130leti\u015fim - Yasin Yap\u0131\" \/>\n<meta property=\"og:description\" content=\"\u0130leti\u015fim G\u00f6r\u00fc\u015f ve \u00f6nerileriniz i\u00e7in l\u00fctfen bizlere ula\u015f\u0131n. Telefon (0212) 503 09 99 satis@yasinseramik.com (0553) 130 12 16 Adres Merkez Mah. Y\u0131ld\u0131r\u0131m Beyaz\u0131t Cad. No:207 Yenibosna-Bah\u00e7elievler\/\u0130STANBUL Yasin Yap\u0131 \u00a9 2022 T\u00fcm Haklar\u0131 Sakl\u0131d\u0131r.\" \/>\n<meta property=\"og:url\" content=\"http:\/\/yasinseramik.com\/index.php\/iletisim\/\" \/>\n<meta property=\"og:site_name\" content=\"Yasin Yap\u0131\" \/>\n<meta property=\"article:modified_time\" content=\"2022-04-11T12:15:56+00:00\" \/>\n<meta name=\"twitter:card\" content=\"summary_large_image\" \/>\n<script type=\"application\/ld+json\" class=\"yoast-schema-graph\">{\"@context\":\"https:\/\/schema.org\",\"@graph\":[{\"@type\":\"Organization\",\"@id\":\"http:\/\/yasinseramik.com\/#organization\",\"name\":\"Yasin Yap\u0131\",\"url\":\"http:\/\/yasinseramik.com\/\",\"sameAs\":[],\"logo\":{\"@type\":\"ImageObject\",\"@id\":\"http:\/\/yasinseramik.com\/#logo\",\"inLanguage\":\"tr\",\"url\":\"http:\/\/yasinseramik.com\/wp-content\/uploads\/2022\/03\/cropped-cropped-cropped-HH_preview_rev_1-1.png\",\"contentUrl\":\"http:\/\/yasinseramik.com\/wp-content\/uploads\/2022\/03\/cropped-cropped-cropped-HH_preview_rev_1-1.png\",\"width\":196,\"height\":228,\"caption\":\"Yasin Yap\u0131\"},\"image\":{\"@id\":\"http:\/\/yasinseramik.com\/#logo\"}},{\"@type\":\"WebSite\",\"@id\":\"http:\/\/yasinseramik.com\/#website\",\"url\":\"http:\/\/yasinseramik.com\/\",\"name\":\"Yasin Yap\u0131\",\"description\":\"Yap\u0131 Malzemeleri\",\"publisher\":{\"@id\":\"http:\/\/yasinseramik.com\/#organization\"},\"potentialAction\":[{\"@type\":\"SearchAction\",\"target\":{\"@type\":\"EntryPoint\",\"urlTemplate\":\"http:\/\/yasinseramik.com\/?s={search_term_string}\"},\"query-input\":\"required name=search_term_string\"}],\"inLanguage\":\"tr\"},{\"@type\":\"ImageObject\",\"@id\":\"http:\/\/yasinseramik.com\/index.php\/iletisim\/#primaryimage\",\"inLanguage\":\"tr\",\"url\":\"http:\/\/yasinseramik.com\/wp-content\/uploads\/2022\/03\/cropped-cropped-HH_preview_rev_1-1.png\",\"contentUrl\":\"http:\/\/yasinseramik.com\/wp-content\/uploads\/2022\/03\/cropped-cropped-HH_preview_rev_1-1.png\",\"width\":800,\"height\":269},{\"@type\":\"WebPage\",\"@id\":\"http:\/\/yasinseramik.com\/index.php\/iletisim\/#webpage\",\"url\":\"http:\/\/yasinseramik.com\/index.php\/iletisim\/\",\"name\":\"\u0130leti\u015fim - Yasin Yap\u0131\",\"isPartOf\":{\"@id\":\"http:\/\/yasinseramik.com\/#website\"},\"primaryImageOfPage\":{\"@id\":\"http:\/\/yasinseramik.com\/index.php\/iletisim\/#primaryimage\"},\"datePublished\":\"2022-03-18T15:13:21+00:00\",\"dateModified\":\"2022-04-11T12:15:56+00:00\",\"breadcrumb\":{\"@id\":\"http:\/\/yasinseramik.com\/index.php\/iletisim\/#breadcrumb\"},\"inLanguage\":\"tr\",\"potentialAction\":[{\"@type\":\"ReadAction\",\"target\":[\"http:\/\/yasinseramik.com\/index.php\/iletisim\/\"]}]},{\"@type\":\"BreadcrumbList\",\"@id\":\"http:\/\/yasinseramik.com\/index.php\/iletisim\/#breadcrumb\",\"itemListElement\":[{\"@type\":\"ListItem\",\"position\":1,\"name\":\"Anasayfa\",\"item\":\"http:\/\/yasinseramik.com\/\"},{\"@type\":\"ListItem\",\"position\":2,\"name\":\"\u0130leti\u015fim\"}]}]}<\/script>\n<!-- \/ Yoast SEO plugin. -->","yoast_head_json":{"title":"\u0130leti\u015fim - Yasin Yap\u0131","robots":{"index":"index","follow":"follow","max-snippet":"max-snippet:-1","max-image-preview":"max-image-preview:large","max-video-preview":"max-video-preview:-1"},"canonical":"http:\/\/yasinseramik.com\/index.php\/iletisim\/","og_locale":"tr_TR","og_type":"article","og_title":"\u0130leti\u015fim - Yasin Yap\u0131","og_description":"\u0130leti\u015fim G\u00f6r\u00fc\u015f ve \u00f6nerileriniz i\u00e7in l\u00fctfen bizlere ula\u015f\u0131n. Telefon (0212) 503 09 99 satis@yasinseramik.com (0553) 130 12 16 Adres Merkez Mah. Y\u0131ld\u0131r\u0131m Beyaz\u0131t Cad. No:207 Yenibosna-Bah\u00e7elievler\/\u0130STANBUL Yasin Yap\u0131 \u00a9 2022 T\u00fcm Haklar\u0131 Sakl\u0131d\u0131r.","og_url":"http:\/\/yasinseramik.com\/index.php\/iletisim\/","og_site_name":"Yasin Yap\u0131","article_modified_time":"2022-04-11T12:15:56+00:00","twitter_card":"summary_large_image","schema":{"@context":"https:\/\/schema.org","@graph":[{"@type":"Organization","@id":"http:\/\/yasinseramik.com\/#organization","name":"Yasin Yap\u0131","url":"http:\/\/yasinseramik.com\/","sameAs":[],"logo":{"@type":"ImageObject","@id":"http:\/\/yasinseramik.com\/#logo","inLanguage":"tr","url":"http:\/\/yasinseramik.com\/wp-content\/uploads\/2022\/03\/cropped-cropped-cropped-HH_preview_rev_1-1.png","contentUrl":"http:\/\/yasinseramik.com\/wp-content\/uploads\/2022\/03\/cropped-cropped-cropped-HH_preview_rev_1-1.png","width":196,"height":228,"caption":"Yasin Yap\u0131"},"image":{"@id":"http:\/\/yasinseramik.com\/#logo"}},{"@type":"WebSite","@id":"http:\/\/yasinseramik.com\/#website","url":"http:\/\/yasinseramik.com\/","name":"Yasin Yap\u0131","description":"Yap\u0131 Malzemeleri","publisher":{"@id":"http:\/\/yasinseramik.com\/#organization"},"potentialAction":[{"@type":"SearchAction","target":{"@type":"EntryPoint","urlTemplate":"http:\/\/yasinseramik.com\/?s={search_term_string}"},"query-input":"required name=search_term_string"}],"inLanguage":"tr"},{"@type":"ImageObject","@id":"http:\/\/yasinseramik.com\/index.php\/iletisim\/#primaryimage","inLanguage":"tr","url":"http:\/\/yasinseramik.com\/wp-content\/uploads\/2022\/03\/cropped-cropped-HH_preview_rev_1-1.png","contentUrl":"http:\/\/yasinseramik.com\/wp-content\/uploads\/2022\/03\/cropped-cropped-HH_preview_rev_1-1.png","width":800,"height":269},{"@type":"WebPage","@id":"http:\/\/yasinseramik.com\/index.php\/iletisim\/#webpage","url":"http:\/\/yasinseramik.com\/index.php\/iletisim\/","name":"\u0130leti\u015fim - Yasin Yap\u0131","isPartOf":{"@id":"http:\/\/yasinseramik.com\/#website"},"primaryImageOfPage":{"@id":"http:\/\/yasinseramik.com\/index.php\/iletisim\/#primaryimage"},"datePublished":"2022-03-18T15:13:21+00:00","dateModified":"2022-04-11T12:15:56+00:00","breadcrumb":{"@id":"http:\/\/yasinseramik.com\/index.php\/iletisim\/#breadcrumb"},"inLanguage":"tr","potentialAction":[{"@type":"ReadAction","target":["http:\/\/yasinseramik.com\/index.php\/iletisim\/"]}]},{"@type":"BreadcrumbList","@id":"http:\/\/yasinseramik.com\/index.php\/iletisim\/#breadcrumb","itemListElement":[{"@type":"ListItem","position":1,"name":"Anasayfa","item":"http:\/\/yasinseramik.com\/"},{"@type":"ListItem","position":2,"name":"\u0130leti\u015fim"}]}]}},"builder_content":"<h2>\u0130leti\u015fim<\/h2>\n<p>G\u00f6r\u00fc\u015f ve \u00f6nerileriniz i\u00e7in l\u00fctfen bizlere ula\u015f\u0131n.<\/p>\n<h4>Telefon<\/h4>\n\n<em style=\"background-color: #4d7de1;color: #edf3ff\"><svg aria-hidden=\"true\"><use href=\"#tf-fas-phone\"><\/use><\/svg><\/em> (0212) 503 09 99 <em style=\"background-color: #4d7de1;color: #edf3ff\"><svg aria-hidden=\"true\"><use href=\"#tf-far-envelope\"><\/use><\/svg><\/em> satis@yasinseramik.com <em style=\"background-color: #4d7de1;color: #edf3ff\"><svg aria-hidden=\"true\"><use href=\"#tf-ti-mobile\"><\/use><\/svg><\/em> (0553) 130 12 16\n<h4>Adres<\/h4>\n\n<p>Merkez Mah. Y\u0131ld\u0131r\u0131m Beyaz\u0131t Cad. No:207 Yenibosna-Bah\u00e7elievler\/\u0130STANBUL<\/p>\n<h1><iframe src=\"https:\/\/www.google.com\/maps\/embed?pb=!1m14!1m8!1m3!1d12042.52134059957!2d28.828059!3d41.0114636!3m2!1i1024!2i768!4f13.1!3m3!1m2!1s0x0%3A0x255157c2ae7b3279!2sNG%20K%C3%BCtahya%20Seramik%20-%20Yasin!5e0!3m2!1str!2str!4v1649152654937!5m2!1str!2str\" width=\"600\" height=\"450\" style=\"border:0;\" allowfullscreen=\"\" loading=\"lazy\" referrerpolicy=\"no-referrer-when-downgrade\"><\/iframe><br\/><\/h1>\n<h3><img loading=\"lazy\" decoding=\"async\" src=\"http:\/\/yasinseramik.com\/wp-content\/uploads\/2022\/03\/cropped-cropped-HH_preview_rev_1-1-300x101.png\" alt=\"\" width=\"300\" height=\"101\" srcset=\"http:\/\/yasinseramik.com\/wp-content\/uploads\/2022\/03\/cropped-cropped-HH_preview_rev_1-1-300x101.png 300w, http:\/\/yasinseramik.com\/wp-content\/uploads\/2022\/03\/cropped-cropped-HH_preview_rev_1-1-768x258.png 768w, http:\/\/yasinseramik.com\/wp-content\/uploads\/2022\/03\/cropped-cropped-HH_preview_rev_1-1.png 800w\" sizes=\"auto, (max-width: 300px) 100vw, 300px\" \/><\/h3>\n<a href=\"https:\/\/www.facebook.com\/yasinseramik\/\"> <em><svg aria-hidden=\"true\"><use href=\"#tf-ti-facebook\"><\/use><\/svg><\/em> <\/a> <a href=\" https:\/\/www.instagram.com\/yasin_yapi\/\"> <em><svg aria-hidden=\"true\"><use href=\"#tf-ti-instagram\"><\/use><\/svg><\/em> <\/a>\n<p style=\"text-align: right;\">Yasin Yap\u0131 \u00a9 2022 T\u00fcm Haklar\u0131 Sakl\u0131d\u0131r.<\/p>","_links":{"self":[{"href":"http:\/\/yasinseramik.com\/index.php\/wp-json\/wp\/v2\/pages\/66","targetHints":{"allow":["GET"]}}],"collection":[{"href":"http:\/\/yasinseramik.com\/index.php\/wp-json\/wp\/v2\/pages"}],"about":[{"href":"http:\/\/yasinseramik.com\/index.php\/wp-json\/wp\/v2\/types\/page"}],"author":[{"embeddable":true,"href":"http:\/\/yasinseramik.com\/index.php\/wp-json\/wp\/v2\/users\/1"}],"replies":[{"embeddable":true,"href":"http:\/\/yasinseramik.com\/index.php\/wp-json\/wp\/v2\/comments?post=66"}],"version-history":[{"count":15,"href":"http:\/\/yasinseramik.com\/index.php\/wp-json\/wp\/v2\/pages\/66\/revisions"}],"predecessor-version":[{"id":5220,"href":"http:\/\/yasinseramik.com\/index.php\/wp-json\/wp\/v2\/pages\/66\/revisions\/5220"}],"wp:attachment":[{"href":"http:\/\/yasinseramik.com\/index.php\/wp-json\/wp\/v2\/media?parent=66"}],"curies":[{"name":"wp","href":"https:\/\/api.w.org\/{rel}","templated":true}]}}