{"id":3140,"date":"2022-04-02T14:58:38","date_gmt":"2022-04-02T11:58:38","guid":{"rendered":"http:\/\/yasinseramik.com\/?page_id=3140"},"modified":"2022-04-02T16:50:15","modified_gmt":"2022-04-02T13:50:15","slug":"ebat11","status":"publish","type":"page","link":"http:\/\/yasinseramik.com\/index.php\/ebat11\/","title":{"rendered":"ebat11"},"content":{"rendered":"<!--themify_builder_content-->\n<div id=\"themify_builder_content-3140\" data-postid=\"3140\" class=\"themify_builder_content themify_builder_content-3140 themify_builder tf_clear\">\n    \t<!-- module_row -->\n\t<div  data-lazy=\"1\" class=\"module_row themify_builder_row tb_8qum115 tb_first tf_clearfix\" >\n\t    \t\t<div class=\"row_inner col_align_top col-count-3 tf_box tf_w tf_rel\">\n\t\t\t<div  data-lazy=\"1\" class=\"module_column tb-column col3-1 first tb_r0hz115 tf_box\">\n\t\t\t    \t        <div class=\"tb-column-inner tf_box tf_w\">\n\t\t    <!-- module image -->\n<div  class=\"module module-image tb_1l9e115   image-top tf_mw hover-wow\" data-tf-animation_hover=\"pulse\" data-lazy=\"1\">\n        <div class=\"image-wrap tf_rel tf_mw\">\n\t\t    <a href=\"http:\/\/yasinseramik.com\/index.php\/m1\"\n\t       \t       >\n\t\t   \t\t<img loading=\"lazy\" decoding=\"async\" src=\"http:\/\/yasinseramik.com\/wp-content\/uploads\/2022\/04\/albatros01_w2000_h1045_op-1024x535-357x307.jpg\" width=\"357\" height=\"307\" class=\"wp-post-image wp-image-2274\" title=\"albatros01_w2000_h1045_op\" alt=\"albatros01_w2000_h1045_op\">\t    <\/a>\n\t\n\t\t<\/div>\n\t<!-- \/image-wrap -->\n    \n    \t<\/div>\n<!-- \/module image --><!-- module text -->\n<div  class=\"module module-text tb_7feg115   \" data-lazy=\"1\">\n        <div  class=\"tb_text_wrap\">\n    <p style=\"text-align: center;\">ALBATROS<\/p>    <\/div>\n<\/div>\n<!-- \/module text -->\t        <\/div>\n\t    \t<\/div>\n\t\t<div  data-lazy=\"1\" class=\"module_column tb-column col3-1 middle tb_7mvz115 tf_box\">\n\t\t\t    \t        <div class=\"tb-column-inner tf_box tf_w\">\n\t\t    <!-- module image -->\n<div  class=\"module module-image tb_ohpj115   image-top tf_mw hover-wow\" data-tf-animation_hover=\"pulse\" data-lazy=\"1\">\n        <div class=\"image-wrap tf_rel tf_mw\">\n\t\t    <a href=\"http:\/\/yasinseramik.com\/index.php\/m4\"\n\t       \t       >\n\t\t   \t\t<img loading=\"lazy\" decoding=\"async\" src=\"http:\/\/yasinseramik.com\/wp-content\/uploads\/2022\/04\/armada_mekan_w2000_h1045_op-1024x535-357x307.jpg\" width=\"357\" height=\"307\" class=\"wp-post-image wp-image-2277\" title=\"armada_mekan_w2000_h1045_op\" alt=\"armada_mekan_w2000_h1045_op\">\t    <\/a>\n\t\n\t\t<\/div>\n\t<!-- \/image-wrap -->\n    \n    \t<\/div>\n<!-- \/module image --><!-- module text -->\n<div  class=\"module module-text tb_cqvi115   \" data-lazy=\"1\">\n        <div  class=\"tb_text_wrap\">\n    <p style=\"text-align: center;\">ARMADA<\/p>    <\/div>\n<\/div>\n<!-- \/module text -->\t        <\/div>\n\t    \t<\/div>\n\t\t<div  data-lazy=\"1\" class=\"module_column tb-column col3-1 last tb_79k7115 tf_box\">\n\t\t\t    \t        <div class=\"tb-column-inner tf_box tf_w\">\n\t\t    <!-- module image -->\n<div  class=\"module module-image tb_6ski115   image-top tf_mw hover-wow\" data-tf-animation_hover=\"pulse\" data-lazy=\"1\">\n        <div class=\"image-wrap tf_rel tf_mw\">\n\t\t    <a href=\"http:\/\/yasinseramik.com\/index.php\/b4\"\n\t       \t       >\n\t\t   \t\t<img loading=\"lazy\" decoding=\"async\" src=\"http:\/\/yasinseramik.com\/wp-content\/uploads\/2022\/03\/DOLMEN_120X120_KUM_MEKAN_w2000_h1045_op-1024x535-357x307.jpg\" width=\"357\" height=\"307\" class=\"wp-post-image wp-image-1865\" title=\"DOLMEN_120X120_KUM_MEKAN_w2000_h1045_op\" alt=\"DOLMEN_120X120_KUM_MEKAN_w2000_h1045_op\">\t    <\/a>\n\t\n\t\t<\/div>\n\t<!-- \/image-wrap -->\n    \n    \t<\/div>\n<!-- \/module image --><!-- module text -->\n<div  class=\"module module-text tb_u0vf115   \" data-lazy=\"1\">\n        <div  class=\"tb_text_wrap\">\n    <p style=\"text-align: center;\">DOLMEN<\/p>    <\/div>\n<\/div>\n<!-- \/module text -->\t        <\/div>\n\t    \t<\/div>\n\t\t    <\/div>\n\t    <!-- \/row_inner -->\n\t<\/div>\n\t<!-- \/module_row -->\n\t\t<!-- module_row -->\n\t<div  data-lazy=\"1\" class=\"module_row themify_builder_row tb_aamu942 tf_clearfix\" >\n\t    \t\t<div class=\"row_inner col_align_top col-count-3 tf_box tf_w tf_rel\">\n\t\t\t<div  data-lazy=\"1\" class=\"module_column tb-column col3-1 first tb_v7z7942 tf_box\">\n\t\t\t    \t        <div class=\"tb-column-inner tf_box tf_w\">\n\t\t    <!-- module image -->\n<div  class=\"module module-image tb_ic9v942   image-top tf_mw hover-wow\" data-tf-animation_hover=\"pulse\" data-lazy=\"1\">\n        <div class=\"image-wrap tf_rel tf_mw\">\n\t\t    <a href=\"http:\/\/yasinseramik.com\/index.php\/b7\"\n\t       \t       >\n\t\t   \t\t<img loading=\"lazy\" decoding=\"async\" src=\"http:\/\/yasinseramik.com\/wp-content\/uploads\/2022\/03\/INFINITY_80X80_GRI_MEKAN_w2000_h1045_op-1024x535-357x307.jpg\" width=\"357\" height=\"307\" class=\"wp-post-image wp-image-1896\" title=\"INFINITY_80X80_GRI_MEKAN_w2000_h1045_op\" alt=\"INFINITY_80X80_GRI_MEKAN_w2000_h1045_op\">\t    <\/a>\n\t\n\t\t<\/div>\n\t<!-- \/image-wrap -->\n    \n    \t<\/div>\n<!-- \/module image --><!-- module text -->\n<div  class=\"module module-text tb_tssi943   \" data-lazy=\"1\">\n        <div  class=\"tb_text_wrap\">\n    <p style=\"text-align: center;\">INIFINITY<\/p>    <\/div>\n<\/div>\n<!-- \/module text -->\t        <\/div>\n\t    \t<\/div>\n\t\t<div  data-lazy=\"1\" class=\"module_column tb-column col3-1 middle tb_e17d943 tf_box\">\n\t\t\t    \t        <div class=\"tb-column-inner tf_box tf_w\">\n\t\t    <!-- module image -->\n<div  class=\"module module-image tb_qz5x943   image-top tf_mw hover-wow\" data-tf-animation_hover=\"pulse\" data-lazy=\"1\">\n        <div class=\"image-wrap tf_rel tf_mw\">\n\t\t    <a href=\"http:\/\/yasinseramik.com\/index.php\/b11\"\n\t       \t       >\n\t\t   \t\t<img loading=\"lazy\" decoding=\"async\" src=\"http:\/\/yasinseramik.com\/wp-content\/uploads\/2022\/03\/OCTAVIA_120X120_MEKAN_w2000_h1045_op-1024x535-357x307.jpg\" width=\"357\" height=\"307\" class=\"wp-post-image wp-image-1935\" title=\"OCTAVIA_120X120_MEKAN_w2000_h1045_op\" alt=\"OCTAVIA_120X120_MEKAN_w2000_h1045_op\">\t    <\/a>\n\t\n\t\t<\/div>\n\t<!-- \/image-wrap -->\n    \n    \t<\/div>\n<!-- \/module image --><!-- module text -->\n<div  class=\"module module-text tb_sv1h943   \" data-lazy=\"1\">\n        <div  class=\"tb_text_wrap\">\n    <p style=\"text-align: center;\">OCTAV\u0130A<\/p>    <\/div>\n<\/div>\n<!-- \/module text -->\t        <\/div>\n\t    \t<\/div>\n\t\t<div  data-lazy=\"1\" class=\"module_column tb-column col3-1 last tb_efav943 tf_box\">\n\t\t\t    \t        <div class=\"tb-column-inner tf_box tf_w\">\n\t\t    <!-- module image -->\n<div  class=\"module module-image tb_ctkk943   image-top tf_mw hover-wow\" data-tf-animation_hover=\"pulse\" data-lazy=\"1\">\n        <div class=\"image-wrap tf_rel tf_mw\">\n\t\t    <a href=\"http:\/\/yasinseramik.com\/index.php\/ebat6\/\"\n\t       \t       >\n\t\t   \t\t<img loading=\"lazy\" decoding=\"async\" src=\"http:\/\/yasinseramik.com\/wp-content\/uploads\/2022\/03\/opal_mekan_1_w2000_h1045_op-1024x535-357x307.jpg\" width=\"357\" height=\"307\" class=\"wp-post-image wp-image-1939\" title=\"opal_mekan_1_w2000_h1045_op\" alt=\"opal_mekan_1_w2000_h1045_op\">\t    <\/a>\n\t\n\t\t<\/div>\n\t<!-- \/image-wrap -->\n    \n    \t<\/div>\n<!-- \/module image --><!-- module text -->\n<div  class=\"module module-text tb_c266943   \" data-lazy=\"1\">\n        <div  class=\"tb_text_wrap\">\n    <p style=\"text-align: center;\">OPAL<\/p>    <\/div>\n<\/div>\n<!-- \/module text -->\t        <\/div>\n\t    \t<\/div>\n\t\t    <\/div>\n\t    <!-- \/row_inner -->\n\t<\/div>\n\t<!-- \/module_row -->\n\t\t<!-- module_row -->\n\t<div  data-lazy=\"1\" class=\"module_row themify_builder_row tb_zr5x218 tf_clearfix\" >\n\t    \t\t<div class=\"row_inner col_align_top col-count-3 tf_box tf_w tf_rel\">\n\t\t\t<div  data-lazy=\"1\" class=\"module_column tb-column col3-1 first tb_yj3g218 tf_box\">\n\t\t\t    \t        <div class=\"tb-column-inner tf_box tf_w\">\n\t\t    <!-- module image -->\n<div  class=\"module module-image tb_ugcj219   image-top tf_mw hover-wow\" data-tf-animation_hover=\"pulse\" data-lazy=\"1\">\n        <div class=\"image-wrap tf_rel tf_mw\">\n\t\t    <a href=\"http:\/\/yasinseramik.com\/index.php\/ebat7\/\"\n\t       \t       >\n\t\t   \t\t<img loading=\"lazy\" decoding=\"async\" src=\"http:\/\/yasinseramik.com\/wp-content\/uploads\/2022\/03\/royal_pulpis_mekan_w2000_h1045_op-1024x535-357x307.jpg\" width=\"357\" height=\"307\" class=\"wp-post-image wp-image-1960\" title=\"royal_pulpis_mekan_w2000_h1045_op\" alt=\"royal_pulpis_mekan_w2000_h1045_op\">\t    <\/a>\n\t\n\t\t<\/div>\n\t<!-- \/image-wrap -->\n    \n    \t<\/div>\n<!-- \/module image --><!-- module text -->\n<div  class=\"module module-text tb_23zo219   \" data-lazy=\"1\">\n        <div  class=\"tb_text_wrap\">\n    <p style=\"text-align: center;\">PULPIS PR\u0130ME<\/p>    <\/div>\n<\/div>\n<!-- \/module text -->\t        <\/div>\n\t    \t<\/div>\n\t\t<div  data-lazy=\"1\" class=\"module_column tb-column col3-1 middle tb_fxfz219 tf_box\">\n\t\t\t    \t        <div class=\"tb-column-inner tf_box tf_w\">\n\t\t    <!-- module image -->\n<div  class=\"module module-image tb_75y7219   image-top tf_mw hover-wow\" data-tf-animation_hover=\"pulse\" data-lazy=\"1\">\n        <div class=\"image-wrap tf_rel tf_mw\">\n\t\t    <a href=\"http:\/\/yasinseramik.com\/index.php\/ebat10\/\"\n\t       \t       >\n\t\t   \t\t<img loading=\"lazy\" decoding=\"async\" src=\"http:\/\/yasinseramik.com\/wp-content\/uploads\/2022\/04\/vista_mekan_1_w2000_h1045_op-1024x535-357x307.jpg\" width=\"357\" height=\"307\" class=\"wp-post-image wp-image-2744\" title=\"vista_mekan_1_w2000_h1045_op\" alt=\"vista_mekan_1_w2000_h1045_op\">\t    <\/a>\n\t\n\t\t<\/div>\n\t<!-- \/image-wrap -->\n    \n    \t<\/div>\n<!-- \/module image --><!-- module text -->\n<div  class=\"module module-text tb_m89b219   \" data-lazy=\"1\">\n        <div  class=\"tb_text_wrap\">\n    <p style=\"text-align: center;\">VISTA<\/p>    <\/div>\n<\/div>\n<!-- \/module text -->\t        <\/div>\n\t    \t<\/div>\n\t\t<div  data-lazy=\"1\" class=\"module_column tb-column col3-1 last tb_vo2y219 tf_box\">\n\t\t\t    \t<\/div>\n\t\t    <\/div>\n\t    <!-- \/row_inner -->\n\t<\/div>\n\t<!-- \/module_row -->\n\t<\/div>\n<!--\/themify_builder_content-->","protected":false},"excerpt":{"rendered":"<p>ALBATROS ARMADA DOLMEN INIFINITY OCTAV\u0130A OPAL PULPIS PR\u0130ME VISTA<\/p>\n","protected":false},"author":1,"featured_media":0,"parent":0,"menu_order":0,"comment_status":"closed","ping_status":"closed","template":"","meta":{"footnotes":""},"class_list":["post-3140","page","type-page","status-publish","hentry"],"yoast_head":"<!-- This site is optimized with the Yoast SEO plugin v18.4.1 - https:\/\/yoast.com\/wordpress\/plugins\/seo\/ -->\n<title>ebat11 - Yasin Yap\u0131<\/title>\n<meta name=\"robots\" content=\"index, follow, max-snippet:-1, max-image-preview:large, max-video-preview:-1\" \/>\n<link rel=\"canonical\" href=\"http:\/\/yasinseramik.com\/index.php\/ebat11\/\" \/>\n<meta property=\"og:locale\" content=\"tr_TR\" \/>\n<meta property=\"og:type\" content=\"article\" \/>\n<meta property=\"og:title\" content=\"ebat11 - Yasin Yap\u0131\" \/>\n<meta property=\"og:description\" content=\"ALBATROS ARMADA DOLMEN INIFINITY OCTAV\u0130A OPAL PULPIS PR\u0130ME VISTA\" \/>\n<meta property=\"og:url\" content=\"http:\/\/yasinseramik.com\/index.php\/ebat11\/\" \/>\n<meta property=\"og:site_name\" content=\"Yasin Yap\u0131\" \/>\n<meta property=\"article:modified_time\" content=\"2022-04-02T13:50:15+00:00\" \/>\n<meta property=\"og:image\" content=\"http:\/\/yasinseramik.com\/wp-content\/uploads\/2022\/04\/albatros01_w2000_h1045_op-1024x535-357x307.jpg\" \/>\n<meta name=\"twitter:card\" content=\"summary_large_image\" \/>\n<script type=\"application\/ld+json\" class=\"yoast-schema-graph\">{\"@context\":\"https:\/\/schema.org\",\"@graph\":[{\"@type\":\"Organization\",\"@id\":\"http:\/\/yasinseramik.com\/#organization\",\"name\":\"Yasin Yap\u0131\",\"url\":\"http:\/\/yasinseramik.com\/\",\"sameAs\":[],\"logo\":{\"@type\":\"ImageObject\",\"@id\":\"http:\/\/yasinseramik.com\/#logo\",\"inLanguage\":\"tr\",\"url\":\"http:\/\/yasinseramik.com\/wp-content\/uploads\/2022\/03\/cropped-cropped-cropped-HH_preview_rev_1-1.png\",\"contentUrl\":\"http:\/\/yasinseramik.com\/wp-content\/uploads\/2022\/03\/cropped-cropped-cropped-HH_preview_rev_1-1.png\",\"width\":196,\"height\":228,\"caption\":\"Yasin Yap\u0131\"},\"image\":{\"@id\":\"http:\/\/yasinseramik.com\/#logo\"}},{\"@type\":\"WebSite\",\"@id\":\"http:\/\/yasinseramik.com\/#website\",\"url\":\"http:\/\/yasinseramik.com\/\",\"name\":\"Yasin Yap\u0131\",\"description\":\"Yap\u0131 Malzemeleri\",\"publisher\":{\"@id\":\"http:\/\/yasinseramik.com\/#organization\"},\"potentialAction\":[{\"@type\":\"SearchAction\",\"target\":{\"@type\":\"EntryPoint\",\"urlTemplate\":\"http:\/\/yasinseramik.com\/?s={search_term_string}\"},\"query-input\":\"required name=search_term_string\"}],\"inLanguage\":\"tr\"},{\"@type\":\"ImageObject\",\"@id\":\"http:\/\/yasinseramik.com\/index.php\/ebat11\/#primaryimage\",\"inLanguage\":\"tr\",\"url\":\"http:\/\/yasinseramik.com\/wp-content\/uploads\/2022\/04\/albatros01_w2000_h1045_op.jpg\",\"contentUrl\":\"http:\/\/yasinseramik.com\/wp-content\/uploads\/2022\/04\/albatros01_w2000_h1045_op.jpg\",\"width\":2000,\"height\":1045},{\"@type\":\"WebPage\",\"@id\":\"http:\/\/yasinseramik.com\/index.php\/ebat11\/#webpage\",\"url\":\"http:\/\/yasinseramik.com\/index.php\/ebat11\/\",\"name\":\"ebat11 - Yasin Yap\u0131\",\"isPartOf\":{\"@id\":\"http:\/\/yasinseramik.com\/#website\"},\"primaryImageOfPage\":{\"@id\":\"http:\/\/yasinseramik.com\/index.php\/ebat11\/#primaryimage\"},\"datePublished\":\"2022-04-02T11:58:38+00:00\",\"dateModified\":\"2022-04-02T13:50:15+00:00\",\"breadcrumb\":{\"@id\":\"http:\/\/yasinseramik.com\/index.php\/ebat11\/#breadcrumb\"},\"inLanguage\":\"tr\",\"potentialAction\":[{\"@type\":\"ReadAction\",\"target\":[\"http:\/\/yasinseramik.com\/index.php\/ebat11\/\"]}]},{\"@type\":\"BreadcrumbList\",\"@id\":\"http:\/\/yasinseramik.com\/index.php\/ebat11\/#breadcrumb\",\"itemListElement\":[{\"@type\":\"ListItem\",\"position\":1,\"name\":\"Anasayfa\",\"item\":\"http:\/\/yasinseramik.com\/\"},{\"@type\":\"ListItem\",\"position\":2,\"name\":\"ebat11\"}]}]}<\/script>\n<!-- \/ Yoast SEO plugin. -->","yoast_head_json":{"title":"ebat11 - Yasin Yap\u0131","robots":{"index":"index","follow":"follow","max-snippet":"max-snippet:-1","max-image-preview":"max-image-preview:large","max-video-preview":"max-video-preview:-1"},"canonical":"http:\/\/yasinseramik.com\/index.php\/ebat11\/","og_locale":"tr_TR","og_type":"article","og_title":"ebat11 - Yasin Yap\u0131","og_description":"ALBATROS ARMADA DOLMEN INIFINITY OCTAV\u0130A OPAL PULPIS PR\u0130ME VISTA","og_url":"http:\/\/yasinseramik.com\/index.php\/ebat11\/","og_site_name":"Yasin Yap\u0131","article_modified_time":"2022-04-02T13:50:15+00:00","og_image":[{"url":"http:\/\/yasinseramik.com\/wp-content\/uploads\/2022\/04\/albatros01_w2000_h1045_op-1024x535-357x307.jpg"}],"twitter_card":"summary_large_image","schema":{"@context":"https:\/\/schema.org","@graph":[{"@type":"Organization","@id":"http:\/\/yasinseramik.com\/#organization","name":"Yasin Yap\u0131","url":"http:\/\/yasinseramik.com\/","sameAs":[],"logo":{"@type":"ImageObject","@id":"http:\/\/yasinseramik.com\/#logo","inLanguage":"tr","url":"http:\/\/yasinseramik.com\/wp-content\/uploads\/2022\/03\/cropped-cropped-cropped-HH_preview_rev_1-1.png","contentUrl":"http:\/\/yasinseramik.com\/wp-content\/uploads\/2022\/03\/cropped-cropped-cropped-HH_preview_rev_1-1.png","width":196,"height":228,"caption":"Yasin Yap\u0131"},"image":{"@id":"http:\/\/yasinseramik.com\/#logo"}},{"@type":"WebSite","@id":"http:\/\/yasinseramik.com\/#website","url":"http:\/\/yasinseramik.com\/","name":"Yasin Yap\u0131","description":"Yap\u0131 Malzemeleri","publisher":{"@id":"http:\/\/yasinseramik.com\/#organization"},"potentialAction":[{"@type":"SearchAction","target":{"@type":"EntryPoint","urlTemplate":"http:\/\/yasinseramik.com\/?s={search_term_string}"},"query-input":"required name=search_term_string"}],"inLanguage":"tr"},{"@type":"ImageObject","@id":"http:\/\/yasinseramik.com\/index.php\/ebat11\/#primaryimage","inLanguage":"tr","url":"http:\/\/yasinseramik.com\/wp-content\/uploads\/2022\/04\/albatros01_w2000_h1045_op.jpg","contentUrl":"http:\/\/yasinseramik.com\/wp-content\/uploads\/2022\/04\/albatros01_w2000_h1045_op.jpg","width":2000,"height":1045},{"@type":"WebPage","@id":"http:\/\/yasinseramik.com\/index.php\/ebat11\/#webpage","url":"http:\/\/yasinseramik.com\/index.php\/ebat11\/","name":"ebat11 - Yasin Yap\u0131","isPartOf":{"@id":"http:\/\/yasinseramik.com\/#website"},"primaryImageOfPage":{"@id":"http:\/\/yasinseramik.com\/index.php\/ebat11\/#primaryimage"},"datePublished":"2022-04-02T11:58:38+00:00","dateModified":"2022-04-02T13:50:15+00:00","breadcrumb":{"@id":"http:\/\/yasinseramik.com\/index.php\/ebat11\/#breadcrumb"},"inLanguage":"tr","potentialAction":[{"@type":"ReadAction","target":["http:\/\/yasinseramik.com\/index.php\/ebat11\/"]}]},{"@type":"BreadcrumbList","@id":"http:\/\/yasinseramik.com\/index.php\/ebat11\/#breadcrumb","itemListElement":[{"@type":"ListItem","position":1,"name":"Anasayfa","item":"http:\/\/yasinseramik.com\/"},{"@type":"ListItem","position":2,"name":"ebat11"}]}]}},"builder_content":"<a href=\"http:\/\/yasinseramik.com\/index.php\/m1\" > <img loading=\"lazy\" decoding=\"async\" src=\"http:\/\/yasinseramik.com\/wp-content\/uploads\/2022\/04\/albatros01_w2000_h1045_op-1024x535-357x307.jpg\" width=\"357\" height=\"307\" title=\"albatros01_w2000_h1045_op\" alt=\"albatros01_w2000_h1045_op\"> <\/a>\n<p style=\"text-align: center;\">ALBATROS<\/p>\n<a href=\"http:\/\/yasinseramik.com\/index.php\/m4\" > <img loading=\"lazy\" decoding=\"async\" src=\"http:\/\/yasinseramik.com\/wp-content\/uploads\/2022\/04\/armada_mekan_w2000_h1045_op-1024x535-357x307.jpg\" width=\"357\" height=\"307\" title=\"armada_mekan_w2000_h1045_op\" alt=\"armada_mekan_w2000_h1045_op\"> <\/a>\n<p style=\"text-align: center;\">ARMADA<\/p>\n<a href=\"http:\/\/yasinseramik.com\/index.php\/b4\" > <img loading=\"lazy\" decoding=\"async\" src=\"http:\/\/yasinseramik.com\/wp-content\/uploads\/2022\/03\/DOLMEN_120X120_KUM_MEKAN_w2000_h1045_op-1024x535-357x307.jpg\" width=\"357\" height=\"307\" title=\"DOLMEN_120X120_KUM_MEKAN_w2000_h1045_op\" alt=\"DOLMEN_120X120_KUM_MEKAN_w2000_h1045_op\"> <\/a>\n<p style=\"text-align: center;\">DOLMEN<\/p>\n<a href=\"http:\/\/yasinseramik.com\/index.php\/b7\" > <img loading=\"lazy\" decoding=\"async\" src=\"http:\/\/yasinseramik.com\/wp-content\/uploads\/2022\/03\/INFINITY_80X80_GRI_MEKAN_w2000_h1045_op-1024x535-357x307.jpg\" width=\"357\" height=\"307\" title=\"INFINITY_80X80_GRI_MEKAN_w2000_h1045_op\" alt=\"INFINITY_80X80_GRI_MEKAN_w2000_h1045_op\"> <\/a>\n<p style=\"text-align: center;\">INIFINITY<\/p>\n<a href=\"http:\/\/yasinseramik.com\/index.php\/b11\" > <img loading=\"lazy\" decoding=\"async\" src=\"http:\/\/yasinseramik.com\/wp-content\/uploads\/2022\/03\/OCTAVIA_120X120_MEKAN_w2000_h1045_op-1024x535-357x307.jpg\" width=\"357\" height=\"307\" title=\"OCTAVIA_120X120_MEKAN_w2000_h1045_op\" alt=\"OCTAVIA_120X120_MEKAN_w2000_h1045_op\"> <\/a>\n<p style=\"text-align: center;\">OCTAV\u0130A<\/p>\n<a href=\"http:\/\/yasinseramik.com\/index.php\/ebat6\/\" > <img loading=\"lazy\" decoding=\"async\" src=\"http:\/\/yasinseramik.com\/wp-content\/uploads\/2022\/03\/opal_mekan_1_w2000_h1045_op-1024x535-357x307.jpg\" width=\"357\" height=\"307\" title=\"opal_mekan_1_w2000_h1045_op\" alt=\"opal_mekan_1_w2000_h1045_op\"> <\/a>\n<p style=\"text-align: center;\">OPAL<\/p>\n<a href=\"http:\/\/yasinseramik.com\/index.php\/ebat7\/\" > <img loading=\"lazy\" decoding=\"async\" src=\"http:\/\/yasinseramik.com\/wp-content\/uploads\/2022\/03\/royal_pulpis_mekan_w2000_h1045_op-1024x535-357x307.jpg\" width=\"357\" height=\"307\" title=\"royal_pulpis_mekan_w2000_h1045_op\" alt=\"royal_pulpis_mekan_w2000_h1045_op\"> <\/a>\n<p style=\"text-align: center;\">PULPIS PR\u0130ME<\/p>\n<a href=\"http:\/\/yasinseramik.com\/index.php\/ebat10\/\" > <img loading=\"lazy\" decoding=\"async\" src=\"http:\/\/yasinseramik.com\/wp-content\/uploads\/2022\/04\/vista_mekan_1_w2000_h1045_op-1024x535-357x307.jpg\" width=\"357\" height=\"307\" title=\"vista_mekan_1_w2000_h1045_op\" alt=\"vista_mekan_1_w2000_h1045_op\"> <\/a>\n<p style=\"text-align: center;\">VISTA<\/p>","_links":{"self":[{"href":"http:\/\/yasinseramik.com\/index.php\/wp-json\/wp\/v2\/pages\/3140","targetHints":{"allow":["GET"]}}],"collection":[{"href":"http:\/\/yasinseramik.com\/index.php\/wp-json\/wp\/v2\/pages"}],"about":[{"href":"http:\/\/yasinseramik.com\/index.php\/wp-json\/wp\/v2\/types\/page"}],"author":[{"embeddable":true,"href":"http:\/\/yasinseramik.com\/index.php\/wp-json\/wp\/v2\/users\/1"}],"replies":[{"embeddable":true,"href":"http:\/\/yasinseramik.com\/index.php\/wp-json\/wp\/v2\/comments?post=3140"}],"version-history":[{"count":4,"href":"http:\/\/yasinseramik.com\/index.php\/wp-json\/wp\/v2\/pages\/3140\/revisions"}],"predecessor-version":[{"id":3373,"href":"http:\/\/yasinseramik.com\/index.php\/wp-json\/wp\/v2\/pages\/3140\/revisions\/3373"}],"wp:attachment":[{"href":"http:\/\/yasinseramik.com\/index.php\/wp-json\/wp\/v2\/media?parent=3140"}],"curies":[{"name":"wp","href":"https:\/\/api.w.org\/{rel}","templated":true}]}}