{"id":2491,"date":"2022-04-01T14:23:36","date_gmt":"2022-04-01T11:23:36","guid":{"rendered":"http:\/\/yasinseramik.com\/?page_id=2491"},"modified":"2022-04-02T16:25:30","modified_gmt":"2022-04-02T13:25:30","slug":"a7","status":"publish","type":"page","link":"http:\/\/yasinseramik.com\/index.php\/a7\/","title":{"rendered":"Teras"},"content":{"rendered":"<!--themify_builder_content-->\n<div id=\"themify_builder_content-2491\" data-postid=\"2491\" class=\"themify_builder_content themify_builder_content-2491 themify_builder tf_clear\">\n    \t<!-- module_row -->\n\t<div  data-lazy=\"1\" class=\"module_row themify_builder_row tb_yz20796 tb_first tf_clearfix\" >\n\t    \t\t<div class=\"row_inner col_align_middle col-count-2 tf_box tf_w tf_rel\"  data-basecol=\"2\" data-col_tablet=\"column-full\" data-col_tablet_landscape=\"column4-2\" data-col_mobile=\"column-full\">\n\t\t\t<div  data-lazy=\"1\" class=\"module_column tb-column col4-2 first tb_uggu796 tf_box\">\n\t\t\t    \t        <div class=\"tb-column-inner tf_box tf_w\">\n\t\t    <!-- module text -->\n<div  class=\"module module-text tb_6207796   \" data-lazy=\"1\">\n        <div  class=\"tb_text_wrap\">\n    <h2><span style=\"color: #333333; font-family: BodoniFLF-Roman; font-size: 70px; background-color: #ffffff;\">TERAS<\/span><\/h2>    <\/div>\n<\/div>\n<!-- \/module text --><!-- module text -->\n<div  class=\"module module-text tb_xoxg796   \" data-lazy=\"1\">\n        <div  class=\"tb_text_wrap\">\n    <h3>\u00d6zg\u00fcr ve nat\u00fcrel&#8230;<\/h3>\n<p>\u0130\u00e7 ve d\u0131\u015f mek\u00e2nlarda uygulanabilen ah\u015fap dokulu seramik Teras, \u00f6zg\u00fcr ve nat\u00fcrel ruhlu tasar\u0131m\u0131 zeminlerinizi donat\u0131yor.<\/p>    <\/div>\n<\/div>\n<!-- \/module text -->\t        <\/div>\n\t    \t<\/div>\n\t\t<div  data-lazy=\"1\" class=\"module_column tb-column col4-2 last tb_p6ep796 tf_box\">\n\t\t\t    \t        <div class=\"tb-column-inner tf_box tf_w\">\n\t\t    <!-- module image -->\n<div  class=\"module module-image tb_7jnb796   image-top tf_mw\" data-lazy=\"1\">\n        <div class=\"image-wrap tf_rel tf_mw\">\n\t\t    <a href=\"http:\/\/yasinseramik.com\/wp-content\/uploads\/2022\/04\/TERAS_MEKAN_1_w2000_h1045_op.jpg\"\n\t        class=\"lightbox-builder themify_lightbox\"\t       >\n\t\t   \t\t\t\t\t\t<span class=\"zoom\">\n\t\t\t    <svg  aria-label=\"Open\" role=\"img\" class=\"tf_fa tf-ti-search\"><use href=\"#tf-ti-search\"><\/use><\/svg>\t\t\t<\/span>\n\t\t    \t\t<img loading=\"lazy\" decoding=\"async\" src=\"http:\/\/yasinseramik.com\/wp-content\/uploads\/2022\/04\/TERAS_MEKAN_1_w2000_h1045_op-1024x535-500x261.jpg\" width=\"500\" height=\"261\" class=\"wp-post-image wp-image-2518\" title=\"TERAS_MEKAN_1_w2000_h1045_op\" alt=\"TERAS_MEKAN_1_w2000_h1045_op\" srcset=\"http:\/\/yasinseramik.com\/wp-content\/uploads\/2022\/04\/TERAS_MEKAN_1_w2000_h1045_op-1024x535-500x261.jpg 500w, http:\/\/yasinseramik.com\/wp-content\/uploads\/2022\/04\/TERAS_MEKAN_1_w2000_h1045_op-300x157.jpg 300w, http:\/\/yasinseramik.com\/wp-content\/uploads\/2022\/04\/TERAS_MEKAN_1_w2000_h1045_op-1024x535.jpg 1024w, http:\/\/yasinseramik.com\/wp-content\/uploads\/2022\/04\/TERAS_MEKAN_1_w2000_h1045_op-768x401.jpg 768w, http:\/\/yasinseramik.com\/wp-content\/uploads\/2022\/04\/TERAS_MEKAN_1_w2000_h1045_op-1536x803.jpg 1536w, http:\/\/yasinseramik.com\/wp-content\/uploads\/2022\/04\/TERAS_MEKAN_1_w2000_h1045_op.jpg 2000w\" sizes=\"auto, (max-width: 500px) 100vw, 500px\" \/>\t    <\/a>\n\t\n\t\t<\/div>\n\t<!-- \/image-wrap -->\n    \n    \t<\/div>\n<!-- \/module image -->\t        <\/div>\n\t    \t<\/div>\n\t\t    <\/div>\n\t    <!-- \/row_inner -->\n\t<\/div>\n\t<!-- \/module_row -->\n\t<\/div>\n<!--\/themify_builder_content-->","protected":false},"excerpt":{"rendered":"<p>TERAS \u00d6zg\u00fcr ve nat\u00fcrel&#8230; \u0130\u00e7 ve d\u0131\u015f mek\u00e2nlarda uygulanabilen ah\u015fap dokulu seramik Teras, \u00f6zg\u00fcr ve nat\u00fcrel ruhlu tasar\u0131m\u0131 zeminlerinizi donat\u0131yor.<\/p>\n","protected":false},"author":1,"featured_media":0,"parent":0,"menu_order":0,"comment_status":"closed","ping_status":"closed","template":"","meta":{"footnotes":""},"class_list":["post-2491","page","type-page","status-publish","hentry"],"yoast_head":"<!-- This site is optimized with the Yoast SEO plugin v18.4.1 - https:\/\/yoast.com\/wordpress\/plugins\/seo\/ -->\n<title>Teras - Yasin Yap\u0131<\/title>\n<meta name=\"robots\" content=\"index, follow, max-snippet:-1, max-image-preview:large, max-video-preview:-1\" \/>\n<link rel=\"canonical\" href=\"http:\/\/yasinseramik.com\/index.php\/a7\/\" \/>\n<meta property=\"og:locale\" content=\"tr_TR\" \/>\n<meta property=\"og:type\" content=\"article\" \/>\n<meta property=\"og:title\" content=\"Teras - Yasin Yap\u0131\" \/>\n<meta property=\"og:description\" content=\"TERAS \u00d6zg\u00fcr ve nat\u00fcrel&#8230; \u0130\u00e7 ve d\u0131\u015f mek\u00e2nlarda uygulanabilen ah\u015fap dokulu seramik Teras, \u00f6zg\u00fcr ve nat\u00fcrel ruhlu tasar\u0131m\u0131 zeminlerinizi donat\u0131yor.\" \/>\n<meta property=\"og:url\" content=\"http:\/\/yasinseramik.com\/index.php\/a7\/\" \/>\n<meta property=\"og:site_name\" content=\"Yasin Yap\u0131\" \/>\n<meta property=\"article:modified_time\" content=\"2022-04-02T13:25:30+00:00\" \/>\n<meta property=\"og:image\" content=\"http:\/\/yasinseramik.com\/wp-content\/uploads\/2022\/04\/TERAS_MEKAN_1_w2000_h1045_op-1024x535-500x261.jpg\" \/>\n<meta name=\"twitter:card\" content=\"summary_large_image\" \/>\n<script type=\"application\/ld+json\" class=\"yoast-schema-graph\">{\"@context\":\"https:\/\/schema.org\",\"@graph\":[{\"@type\":\"Organization\",\"@id\":\"http:\/\/yasinseramik.com\/#organization\",\"name\":\"Yasin Yap\u0131\",\"url\":\"http:\/\/yasinseramik.com\/\",\"sameAs\":[],\"logo\":{\"@type\":\"ImageObject\",\"@id\":\"http:\/\/yasinseramik.com\/#logo\",\"inLanguage\":\"tr\",\"url\":\"http:\/\/yasinseramik.com\/wp-content\/uploads\/2022\/03\/cropped-cropped-cropped-HH_preview_rev_1-1.png\",\"contentUrl\":\"http:\/\/yasinseramik.com\/wp-content\/uploads\/2022\/03\/cropped-cropped-cropped-HH_preview_rev_1-1.png\",\"width\":196,\"height\":228,\"caption\":\"Yasin Yap\u0131\"},\"image\":{\"@id\":\"http:\/\/yasinseramik.com\/#logo\"}},{\"@type\":\"WebSite\",\"@id\":\"http:\/\/yasinseramik.com\/#website\",\"url\":\"http:\/\/yasinseramik.com\/\",\"name\":\"Yasin Yap\u0131\",\"description\":\"Yap\u0131 Malzemeleri\",\"publisher\":{\"@id\":\"http:\/\/yasinseramik.com\/#organization\"},\"potentialAction\":[{\"@type\":\"SearchAction\",\"target\":{\"@type\":\"EntryPoint\",\"urlTemplate\":\"http:\/\/yasinseramik.com\/?s={search_term_string}\"},\"query-input\":\"required name=search_term_string\"}],\"inLanguage\":\"tr\"},{\"@type\":\"ImageObject\",\"@id\":\"http:\/\/yasinseramik.com\/index.php\/a7\/#primaryimage\",\"inLanguage\":\"tr\",\"url\":\"http:\/\/yasinseramik.com\/wp-content\/uploads\/2022\/04\/TERAS_MEKAN_1_w2000_h1045_op.jpg\",\"contentUrl\":\"http:\/\/yasinseramik.com\/wp-content\/uploads\/2022\/04\/TERAS_MEKAN_1_w2000_h1045_op.jpg\",\"width\":2000,\"height\":1045},{\"@type\":\"WebPage\",\"@id\":\"http:\/\/yasinseramik.com\/index.php\/a7\/#webpage\",\"url\":\"http:\/\/yasinseramik.com\/index.php\/a7\/\",\"name\":\"Teras - Yasin Yap\u0131\",\"isPartOf\":{\"@id\":\"http:\/\/yasinseramik.com\/#website\"},\"primaryImageOfPage\":{\"@id\":\"http:\/\/yasinseramik.com\/index.php\/a7\/#primaryimage\"},\"datePublished\":\"2022-04-01T11:23:36+00:00\",\"dateModified\":\"2022-04-02T13:25:30+00:00\",\"breadcrumb\":{\"@id\":\"http:\/\/yasinseramik.com\/index.php\/a7\/#breadcrumb\"},\"inLanguage\":\"tr\",\"potentialAction\":[{\"@type\":\"ReadAction\",\"target\":[\"http:\/\/yasinseramik.com\/index.php\/a7\/\"]}]},{\"@type\":\"BreadcrumbList\",\"@id\":\"http:\/\/yasinseramik.com\/index.php\/a7\/#breadcrumb\",\"itemListElement\":[{\"@type\":\"ListItem\",\"position\":1,\"name\":\"Anasayfa\",\"item\":\"http:\/\/yasinseramik.com\/\"},{\"@type\":\"ListItem\",\"position\":2,\"name\":\"Teras\"}]}]}<\/script>\n<!-- \/ Yoast SEO plugin. -->","yoast_head_json":{"title":"Teras - Yasin Yap\u0131","robots":{"index":"index","follow":"follow","max-snippet":"max-snippet:-1","max-image-preview":"max-image-preview:large","max-video-preview":"max-video-preview:-1"},"canonical":"http:\/\/yasinseramik.com\/index.php\/a7\/","og_locale":"tr_TR","og_type":"article","og_title":"Teras - Yasin Yap\u0131","og_description":"TERAS \u00d6zg\u00fcr ve nat\u00fcrel&#8230; \u0130\u00e7 ve d\u0131\u015f mek\u00e2nlarda uygulanabilen ah\u015fap dokulu seramik Teras, \u00f6zg\u00fcr ve nat\u00fcrel ruhlu tasar\u0131m\u0131 zeminlerinizi donat\u0131yor.","og_url":"http:\/\/yasinseramik.com\/index.php\/a7\/","og_site_name":"Yasin Yap\u0131","article_modified_time":"2022-04-02T13:25:30+00:00","og_image":[{"url":"http:\/\/yasinseramik.com\/wp-content\/uploads\/2022\/04\/TERAS_MEKAN_1_w2000_h1045_op-1024x535-500x261.jpg"}],"twitter_card":"summary_large_image","schema":{"@context":"https:\/\/schema.org","@graph":[{"@type":"Organization","@id":"http:\/\/yasinseramik.com\/#organization","name":"Yasin Yap\u0131","url":"http:\/\/yasinseramik.com\/","sameAs":[],"logo":{"@type":"ImageObject","@id":"http:\/\/yasinseramik.com\/#logo","inLanguage":"tr","url":"http:\/\/yasinseramik.com\/wp-content\/uploads\/2022\/03\/cropped-cropped-cropped-HH_preview_rev_1-1.png","contentUrl":"http:\/\/yasinseramik.com\/wp-content\/uploads\/2022\/03\/cropped-cropped-cropped-HH_preview_rev_1-1.png","width":196,"height":228,"caption":"Yasin Yap\u0131"},"image":{"@id":"http:\/\/yasinseramik.com\/#logo"}},{"@type":"WebSite","@id":"http:\/\/yasinseramik.com\/#website","url":"http:\/\/yasinseramik.com\/","name":"Yasin Yap\u0131","description":"Yap\u0131 Malzemeleri","publisher":{"@id":"http:\/\/yasinseramik.com\/#organization"},"potentialAction":[{"@type":"SearchAction","target":{"@type":"EntryPoint","urlTemplate":"http:\/\/yasinseramik.com\/?s={search_term_string}"},"query-input":"required name=search_term_string"}],"inLanguage":"tr"},{"@type":"ImageObject","@id":"http:\/\/yasinseramik.com\/index.php\/a7\/#primaryimage","inLanguage":"tr","url":"http:\/\/yasinseramik.com\/wp-content\/uploads\/2022\/04\/TERAS_MEKAN_1_w2000_h1045_op.jpg","contentUrl":"http:\/\/yasinseramik.com\/wp-content\/uploads\/2022\/04\/TERAS_MEKAN_1_w2000_h1045_op.jpg","width":2000,"height":1045},{"@type":"WebPage","@id":"http:\/\/yasinseramik.com\/index.php\/a7\/#webpage","url":"http:\/\/yasinseramik.com\/index.php\/a7\/","name":"Teras - Yasin Yap\u0131","isPartOf":{"@id":"http:\/\/yasinseramik.com\/#website"},"primaryImageOfPage":{"@id":"http:\/\/yasinseramik.com\/index.php\/a7\/#primaryimage"},"datePublished":"2022-04-01T11:23:36+00:00","dateModified":"2022-04-02T13:25:30+00:00","breadcrumb":{"@id":"http:\/\/yasinseramik.com\/index.php\/a7\/#breadcrumb"},"inLanguage":"tr","potentialAction":[{"@type":"ReadAction","target":["http:\/\/yasinseramik.com\/index.php\/a7\/"]}]},{"@type":"BreadcrumbList","@id":"http:\/\/yasinseramik.com\/index.php\/a7\/#breadcrumb","itemListElement":[{"@type":"ListItem","position":1,"name":"Anasayfa","item":"http:\/\/yasinseramik.com\/"},{"@type":"ListItem","position":2,"name":"Teras"}]}]}},"builder_content":"<h2>TERAS<\/h2>\n<h3>\u00d6zg\u00fcr ve nat\u00fcrel...<\/h3> <p>\u0130\u00e7 ve d\u0131\u015f mek\u00e2nlarda uygulanabilen ah\u015fap dokulu seramik Teras, \u00f6zg\u00fcr ve nat\u00fcrel ruhlu tasar\u0131m\u0131 zeminlerinizi donat\u0131yor.<\/p>\n<a href=\"http:\/\/yasinseramik.com\/wp-content\/uploads\/2022\/04\/TERAS_MEKAN_1_w2000_h1045_op.jpg\" > <svg aria-label=\"Open\" role=\"img\"><use href=\"#tf-ti-search\"><\/use><\/svg> <img loading=\"lazy\" decoding=\"async\" src=\"http:\/\/yasinseramik.com\/wp-content\/uploads\/2022\/04\/TERAS_MEKAN_1_w2000_h1045_op-1024x535-500x261.jpg\" width=\"500\" height=\"261\" title=\"TERAS_MEKAN_1_w2000_h1045_op\" alt=\"TERAS_MEKAN_1_w2000_h1045_op\" srcset=\"http:\/\/yasinseramik.com\/wp-content\/uploads\/2022\/04\/TERAS_MEKAN_1_w2000_h1045_op-1024x535-500x261.jpg 500w, http:\/\/yasinseramik.com\/wp-content\/uploads\/2022\/04\/TERAS_MEKAN_1_w2000_h1045_op-300x157.jpg 300w, http:\/\/yasinseramik.com\/wp-content\/uploads\/2022\/04\/TERAS_MEKAN_1_w2000_h1045_op-1024x535.jpg 1024w, http:\/\/yasinseramik.com\/wp-content\/uploads\/2022\/04\/TERAS_MEKAN_1_w2000_h1045_op-768x401.jpg 768w, http:\/\/yasinseramik.com\/wp-content\/uploads\/2022\/04\/TERAS_MEKAN_1_w2000_h1045_op-1536x803.jpg 1536w, http:\/\/yasinseramik.com\/wp-content\/uploads\/2022\/04\/TERAS_MEKAN_1_w2000_h1045_op.jpg 2000w\" sizes=\"auto, (max-width: 500px) 100vw, 500px\" \/> <\/a>","_links":{"self":[{"href":"http:\/\/yasinseramik.com\/index.php\/wp-json\/wp\/v2\/pages\/2491","targetHints":{"allow":["GET"]}}],"collection":[{"href":"http:\/\/yasinseramik.com\/index.php\/wp-json\/wp\/v2\/pages"}],"about":[{"href":"http:\/\/yasinseramik.com\/index.php\/wp-json\/wp\/v2\/types\/page"}],"author":[{"embeddable":true,"href":"http:\/\/yasinseramik.com\/index.php\/wp-json\/wp\/v2\/users\/1"}],"replies":[{"embeddable":true,"href":"http:\/\/yasinseramik.com\/index.php\/wp-json\/wp\/v2\/comments?post=2491"}],"version-history":[{"count":5,"href":"http:\/\/yasinseramik.com\/index.php\/wp-json\/wp\/v2\/pages\/2491\/revisions"}],"predecessor-version":[{"id":3356,"href":"http:\/\/yasinseramik.com\/index.php\/wp-json\/wp\/v2\/pages\/2491\/revisions\/3356"}],"wp:attachment":[{"href":"http:\/\/yasinseramik.com\/index.php\/wp-json\/wp\/v2\/media?parent=2491"}],"curies":[{"name":"wp","href":"https:\/\/api.w.org\/{rel}","templated":true}]}}