{"id":2424,"date":"2022-04-01T14:09:14","date_gmt":"2022-04-01T11:09:14","guid":{"rendered":"http:\/\/yasinseramik.com\/?page_id=2424"},"modified":"2022-04-02T16:07:37","modified_gmt":"2022-04-02T13:07:37","slug":"k2","status":"publish","type":"page","link":"http:\/\/yasinseramik.com\/index.php\/k2\/","title":{"rendered":"Frig"},"content":{"rendered":"<!--themify_builder_content-->\n<div id=\"themify_builder_content-2424\" data-postid=\"2424\" class=\"themify_builder_content themify_builder_content-2424 themify_builder tf_clear\">\n    \t<!-- module_row -->\n\t<div  data-lazy=\"1\" class=\"module_row themify_builder_row tb_yz20796 tb_first tf_clearfix\" >\n\t    \t\t<div class=\"row_inner col_align_middle col-count-2 tf_box tf_w tf_rel\"  data-basecol=\"2\" data-col_tablet=\"column-full\" data-col_tablet_landscape=\"column4-2\" data-col_mobile=\"column-full\">\n\t\t\t<div  data-lazy=\"1\" class=\"module_column tb-column col4-2 first tb_uggu796 tf_box\">\n\t\t\t    \t        <div class=\"tb-column-inner tf_box tf_w\">\n\t\t    <!-- module text -->\n<div  class=\"module module-text tb_6207796   \" data-lazy=\"1\">\n        <div  class=\"tb_text_wrap\">\n    <h2><span style=\"color: #333333; font-family: BodoniFLF-Roman; font-size: 70px; background-color: #ffffff;\">FR\u0130G<\/span><\/h2>    <\/div>\n<\/div>\n<!-- \/module text --><!-- module text -->\n<div  class=\"module module-text tb_xoxg796   \" data-lazy=\"1\">\n        <div  class=\"tb_text_wrap\">\n    <h3>TARZI \u0130LE B\u00dcY\u00dcLER<\/h3>\n<p>Uyguland\u0131\u011f\u0131 mekan\u0131 benzersiz yapar, \u015f\u0131k ve estetik \u00e7izgisi ile ya\u015fam alanlar\u0131na farkl\u0131 bir boyut kazand\u0131r\u0131r.<\/p>    <\/div>\n<\/div>\n<!-- \/module text -->\t        <\/div>\n\t    \t<\/div>\n\t\t<div  data-lazy=\"1\" class=\"module_column tb-column col4-2 last tb_p6ep796 tf_box\">\n\t\t\t    \t        <div class=\"tb-column-inner tf_box tf_w\">\n\t\t    <!-- module image -->\n<div  class=\"module module-image tb_7jnb796   image-top tf_mw\" data-lazy=\"1\">\n        <div class=\"image-wrap tf_rel tf_mw\">\n\t\t    <a href=\"http:\/\/yasinseramik.com\/wp-content\/uploads\/2022\/03\/FRIG_60X60_MIX_MEKAN_w2000_h1045_op.jpg\"\n\t        class=\"lightbox-builder themify_lightbox\"\t       >\n\t\t   \t\t\t\t\t\t<span class=\"zoom\">\n\t\t\t    <svg  aria-label=\"Open\" role=\"img\" class=\"tf_fa tf-ti-search\"><use href=\"#tf-ti-search\"><\/use><\/svg>\t\t\t<\/span>\n\t\t    \t\t<img loading=\"lazy\" decoding=\"async\" src=\"http:\/\/yasinseramik.com\/wp-content\/uploads\/2022\/04\/FRIG_60X60_MIX_MEKAN_w2000_h1045_op-1024x535-500x261.jpg\" width=\"500\" height=\"261\" class=\"wp-post-image wp-image-2466\" title=\"FRIG_60X60_MIX_MEKAN_w2000_h1045_op\" alt=\"FRIG_60X60_MIX_MEKAN_w2000_h1045_op\" srcset=\"http:\/\/yasinseramik.com\/wp-content\/uploads\/2022\/04\/FRIG_60X60_MIX_MEKAN_w2000_h1045_op-1024x535-500x261.jpg 500w, http:\/\/yasinseramik.com\/wp-content\/uploads\/2022\/04\/FRIG_60X60_MIX_MEKAN_w2000_h1045_op-300x157.jpg 300w, http:\/\/yasinseramik.com\/wp-content\/uploads\/2022\/04\/FRIG_60X60_MIX_MEKAN_w2000_h1045_op-1024x535.jpg 1024w, http:\/\/yasinseramik.com\/wp-content\/uploads\/2022\/04\/FRIG_60X60_MIX_MEKAN_w2000_h1045_op-768x401.jpg 768w, http:\/\/yasinseramik.com\/wp-content\/uploads\/2022\/04\/FRIG_60X60_MIX_MEKAN_w2000_h1045_op-1536x803.jpg 1536w, http:\/\/yasinseramik.com\/wp-content\/uploads\/2022\/04\/FRIG_60X60_MIX_MEKAN_w2000_h1045_op.jpg 2000w\" sizes=\"auto, (max-width: 500px) 100vw, 500px\" \/>\t    <\/a>\n\t\n\t\t<\/div>\n\t<!-- \/image-wrap -->\n    \n    \t<\/div>\n<!-- \/module image -->\t        <\/div>\n\t    \t<\/div>\n\t\t    <\/div>\n\t    <!-- \/row_inner -->\n\t<\/div>\n\t<!-- \/module_row -->\n\t<\/div>\n<!--\/themify_builder_content-->","protected":false},"excerpt":{"rendered":"<p>FR\u0130G TARZI \u0130LE B\u00dcY\u00dcLER Uyguland\u0131\u011f\u0131 mekan\u0131 benzersiz yapar, \u015f\u0131k ve estetik \u00e7izgisi ile ya\u015fam alanlar\u0131na farkl\u0131 bir boyut kazand\u0131r\u0131r.<\/p>\n","protected":false},"author":1,"featured_media":0,"parent":0,"menu_order":0,"comment_status":"closed","ping_status":"closed","template":"","meta":{"footnotes":""},"class_list":["post-2424","page","type-page","status-publish","hentry"],"yoast_head":"<!-- This site is optimized with the Yoast SEO plugin v18.4.1 - https:\/\/yoast.com\/wordpress\/plugins\/seo\/ -->\n<title>Frig - Yasin Yap\u0131<\/title>\n<meta name=\"robots\" content=\"index, follow, max-snippet:-1, max-image-preview:large, max-video-preview:-1\" \/>\n<link rel=\"canonical\" href=\"http:\/\/yasinseramik.com\/index.php\/k2\/\" \/>\n<meta property=\"og:locale\" content=\"tr_TR\" \/>\n<meta property=\"og:type\" content=\"article\" \/>\n<meta property=\"og:title\" content=\"Frig - Yasin Yap\u0131\" \/>\n<meta property=\"og:description\" content=\"FR\u0130G TARZI \u0130LE B\u00dcY\u00dcLER Uyguland\u0131\u011f\u0131 mekan\u0131 benzersiz yapar, \u015f\u0131k ve estetik \u00e7izgisi ile ya\u015fam alanlar\u0131na farkl\u0131 bir boyut kazand\u0131r\u0131r.\" \/>\n<meta property=\"og:url\" content=\"http:\/\/yasinseramik.com\/index.php\/k2\/\" \/>\n<meta property=\"og:site_name\" content=\"Yasin Yap\u0131\" \/>\n<meta property=\"article:modified_time\" content=\"2022-04-02T13:07:37+00:00\" \/>\n<meta property=\"og:image\" content=\"http:\/\/yasinseramik.com\/wp-content\/uploads\/2022\/04\/FRIG_60X60_MIX_MEKAN_w2000_h1045_op-1024x535-500x261.jpg\" \/>\n<meta name=\"twitter:card\" content=\"summary_large_image\" \/>\n<script type=\"application\/ld+json\" class=\"yoast-schema-graph\">{\"@context\":\"https:\/\/schema.org\",\"@graph\":[{\"@type\":\"Organization\",\"@id\":\"http:\/\/yasinseramik.com\/#organization\",\"name\":\"Yasin Yap\u0131\",\"url\":\"http:\/\/yasinseramik.com\/\",\"sameAs\":[],\"logo\":{\"@type\":\"ImageObject\",\"@id\":\"http:\/\/yasinseramik.com\/#logo\",\"inLanguage\":\"tr\",\"url\":\"http:\/\/yasinseramik.com\/wp-content\/uploads\/2022\/03\/cropped-cropped-cropped-HH_preview_rev_1-1.png\",\"contentUrl\":\"http:\/\/yasinseramik.com\/wp-content\/uploads\/2022\/03\/cropped-cropped-cropped-HH_preview_rev_1-1.png\",\"width\":196,\"height\":228,\"caption\":\"Yasin Yap\u0131\"},\"image\":{\"@id\":\"http:\/\/yasinseramik.com\/#logo\"}},{\"@type\":\"WebSite\",\"@id\":\"http:\/\/yasinseramik.com\/#website\",\"url\":\"http:\/\/yasinseramik.com\/\",\"name\":\"Yasin Yap\u0131\",\"description\":\"Yap\u0131 Malzemeleri\",\"publisher\":{\"@id\":\"http:\/\/yasinseramik.com\/#organization\"},\"potentialAction\":[{\"@type\":\"SearchAction\",\"target\":{\"@type\":\"EntryPoint\",\"urlTemplate\":\"http:\/\/yasinseramik.com\/?s={search_term_string}\"},\"query-input\":\"required name=search_term_string\"}],\"inLanguage\":\"tr\"},{\"@type\":\"ImageObject\",\"@id\":\"http:\/\/yasinseramik.com\/index.php\/k2\/#primaryimage\",\"inLanguage\":\"tr\",\"url\":\"http:\/\/yasinseramik.com\/wp-content\/uploads\/2022\/04\/FRIG_60X60_MIX_MEKAN_w2000_h1045_op.jpg\",\"contentUrl\":\"http:\/\/yasinseramik.com\/wp-content\/uploads\/2022\/04\/FRIG_60X60_MIX_MEKAN_w2000_h1045_op.jpg\",\"width\":2000,\"height\":1045},{\"@type\":\"WebPage\",\"@id\":\"http:\/\/yasinseramik.com\/index.php\/k2\/#webpage\",\"url\":\"http:\/\/yasinseramik.com\/index.php\/k2\/\",\"name\":\"Frig - Yasin Yap\u0131\",\"isPartOf\":{\"@id\":\"http:\/\/yasinseramik.com\/#website\"},\"primaryImageOfPage\":{\"@id\":\"http:\/\/yasinseramik.com\/index.php\/k2\/#primaryimage\"},\"datePublished\":\"2022-04-01T11:09:14+00:00\",\"dateModified\":\"2022-04-02T13:07:37+00:00\",\"breadcrumb\":{\"@id\":\"http:\/\/yasinseramik.com\/index.php\/k2\/#breadcrumb\"},\"inLanguage\":\"tr\",\"potentialAction\":[{\"@type\":\"ReadAction\",\"target\":[\"http:\/\/yasinseramik.com\/index.php\/k2\/\"]}]},{\"@type\":\"BreadcrumbList\",\"@id\":\"http:\/\/yasinseramik.com\/index.php\/k2\/#breadcrumb\",\"itemListElement\":[{\"@type\":\"ListItem\",\"position\":1,\"name\":\"Anasayfa\",\"item\":\"http:\/\/yasinseramik.com\/\"},{\"@type\":\"ListItem\",\"position\":2,\"name\":\"Frig\"}]}]}<\/script>\n<!-- \/ Yoast SEO plugin. -->","yoast_head_json":{"title":"Frig - Yasin Yap\u0131","robots":{"index":"index","follow":"follow","max-snippet":"max-snippet:-1","max-image-preview":"max-image-preview:large","max-video-preview":"max-video-preview:-1"},"canonical":"http:\/\/yasinseramik.com\/index.php\/k2\/","og_locale":"tr_TR","og_type":"article","og_title":"Frig - Yasin Yap\u0131","og_description":"FR\u0130G TARZI \u0130LE B\u00dcY\u00dcLER Uyguland\u0131\u011f\u0131 mekan\u0131 benzersiz yapar, \u015f\u0131k ve estetik \u00e7izgisi ile ya\u015fam alanlar\u0131na farkl\u0131 bir boyut kazand\u0131r\u0131r.","og_url":"http:\/\/yasinseramik.com\/index.php\/k2\/","og_site_name":"Yasin Yap\u0131","article_modified_time":"2022-04-02T13:07:37+00:00","og_image":[{"url":"http:\/\/yasinseramik.com\/wp-content\/uploads\/2022\/04\/FRIG_60X60_MIX_MEKAN_w2000_h1045_op-1024x535-500x261.jpg"}],"twitter_card":"summary_large_image","schema":{"@context":"https:\/\/schema.org","@graph":[{"@type":"Organization","@id":"http:\/\/yasinseramik.com\/#organization","name":"Yasin Yap\u0131","url":"http:\/\/yasinseramik.com\/","sameAs":[],"logo":{"@type":"ImageObject","@id":"http:\/\/yasinseramik.com\/#logo","inLanguage":"tr","url":"http:\/\/yasinseramik.com\/wp-content\/uploads\/2022\/03\/cropped-cropped-cropped-HH_preview_rev_1-1.png","contentUrl":"http:\/\/yasinseramik.com\/wp-content\/uploads\/2022\/03\/cropped-cropped-cropped-HH_preview_rev_1-1.png","width":196,"height":228,"caption":"Yasin Yap\u0131"},"image":{"@id":"http:\/\/yasinseramik.com\/#logo"}},{"@type":"WebSite","@id":"http:\/\/yasinseramik.com\/#website","url":"http:\/\/yasinseramik.com\/","name":"Yasin Yap\u0131","description":"Yap\u0131 Malzemeleri","publisher":{"@id":"http:\/\/yasinseramik.com\/#organization"},"potentialAction":[{"@type":"SearchAction","target":{"@type":"EntryPoint","urlTemplate":"http:\/\/yasinseramik.com\/?s={search_term_string}"},"query-input":"required name=search_term_string"}],"inLanguage":"tr"},{"@type":"ImageObject","@id":"http:\/\/yasinseramik.com\/index.php\/k2\/#primaryimage","inLanguage":"tr","url":"http:\/\/yasinseramik.com\/wp-content\/uploads\/2022\/04\/FRIG_60X60_MIX_MEKAN_w2000_h1045_op.jpg","contentUrl":"http:\/\/yasinseramik.com\/wp-content\/uploads\/2022\/04\/FRIG_60X60_MIX_MEKAN_w2000_h1045_op.jpg","width":2000,"height":1045},{"@type":"WebPage","@id":"http:\/\/yasinseramik.com\/index.php\/k2\/#webpage","url":"http:\/\/yasinseramik.com\/index.php\/k2\/","name":"Frig - Yasin Yap\u0131","isPartOf":{"@id":"http:\/\/yasinseramik.com\/#website"},"primaryImageOfPage":{"@id":"http:\/\/yasinseramik.com\/index.php\/k2\/#primaryimage"},"datePublished":"2022-04-01T11:09:14+00:00","dateModified":"2022-04-02T13:07:37+00:00","breadcrumb":{"@id":"http:\/\/yasinseramik.com\/index.php\/k2\/#breadcrumb"},"inLanguage":"tr","potentialAction":[{"@type":"ReadAction","target":["http:\/\/yasinseramik.com\/index.php\/k2\/"]}]},{"@type":"BreadcrumbList","@id":"http:\/\/yasinseramik.com\/index.php\/k2\/#breadcrumb","itemListElement":[{"@type":"ListItem","position":1,"name":"Anasayfa","item":"http:\/\/yasinseramik.com\/"},{"@type":"ListItem","position":2,"name":"Frig"}]}]}},"builder_content":"<h2>FR\u0130G<\/h2>\n<h3>TARZI \u0130LE B\u00dcY\u00dcLER<\/h3> <p>Uyguland\u0131\u011f\u0131 mekan\u0131 benzersiz yapar, \u015f\u0131k ve estetik \u00e7izgisi ile ya\u015fam alanlar\u0131na farkl\u0131 bir boyut kazand\u0131r\u0131r.<\/p>\n<a href=\"http:\/\/yasinseramik.com\/wp-content\/uploads\/2022\/03\/FRIG_60X60_MIX_MEKAN_w2000_h1045_op.jpg\" > <svg aria-label=\"Open\" role=\"img\"><use href=\"#tf-ti-search\"><\/use><\/svg> <img loading=\"lazy\" decoding=\"async\" src=\"http:\/\/yasinseramik.com\/wp-content\/uploads\/2022\/04\/FRIG_60X60_MIX_MEKAN_w2000_h1045_op-1024x535-500x261.jpg\" width=\"500\" height=\"261\" title=\"FRIG_60X60_MIX_MEKAN_w2000_h1045_op\" alt=\"FRIG_60X60_MIX_MEKAN_w2000_h1045_op\" srcset=\"http:\/\/yasinseramik.com\/wp-content\/uploads\/2022\/04\/FRIG_60X60_MIX_MEKAN_w2000_h1045_op-1024x535-500x261.jpg 500w, http:\/\/yasinseramik.com\/wp-content\/uploads\/2022\/04\/FRIG_60X60_MIX_MEKAN_w2000_h1045_op-300x157.jpg 300w, http:\/\/yasinseramik.com\/wp-content\/uploads\/2022\/04\/FRIG_60X60_MIX_MEKAN_w2000_h1045_op-1024x535.jpg 1024w, http:\/\/yasinseramik.com\/wp-content\/uploads\/2022\/04\/FRIG_60X60_MIX_MEKAN_w2000_h1045_op-768x401.jpg 768w, http:\/\/yasinseramik.com\/wp-content\/uploads\/2022\/04\/FRIG_60X60_MIX_MEKAN_w2000_h1045_op-1536x803.jpg 1536w, http:\/\/yasinseramik.com\/wp-content\/uploads\/2022\/04\/FRIG_60X60_MIX_MEKAN_w2000_h1045_op.jpg 2000w\" sizes=\"auto, (max-width: 500px) 100vw, 500px\" \/> <\/a>","_links":{"self":[{"href":"http:\/\/yasinseramik.com\/index.php\/wp-json\/wp\/v2\/pages\/2424","targetHints":{"allow":["GET"]}}],"collection":[{"href":"http:\/\/yasinseramik.com\/index.php\/wp-json\/wp\/v2\/pages"}],"about":[{"href":"http:\/\/yasinseramik.com\/index.php\/wp-json\/wp\/v2\/types\/page"}],"author":[{"embeddable":true,"href":"http:\/\/yasinseramik.com\/index.php\/wp-json\/wp\/v2\/users\/1"}],"replies":[{"embeddable":true,"href":"http:\/\/yasinseramik.com\/index.php\/wp-json\/wp\/v2\/comments?post=2424"}],"version-history":[{"count":5,"href":"http:\/\/yasinseramik.com\/index.php\/wp-json\/wp\/v2\/pages\/2424\/revisions"}],"predecessor-version":[{"id":3264,"href":"http:\/\/yasinseramik.com\/index.php\/wp-json\/wp\/v2\/pages\/2424\/revisions\/3264"}],"wp:attachment":[{"href":"http:\/\/yasinseramik.com\/index.php\/wp-json\/wp\/v2\/media?parent=2424"}],"curies":[{"name":"wp","href":"https:\/\/api.w.org\/{rel}","templated":true}]}}