{"id":2156,"date":"2022-04-01T12:12:12","date_gmt":"2022-04-01T09:12:12","guid":{"rendered":"http:\/\/yasinseramik.com\/?page_id=2156"},"modified":"2022-04-04T17:53:43","modified_gmt":"2022-04-04T14:53:43","slug":"tas","status":"publish","type":"page","link":"http:\/\/yasinseramik.com\/index.php\/tas\/","title":{"rendered":"Ta\u015f"},"content":{"rendered":"<!--themify_builder_content-->\n<div id=\"themify_builder_content-2156\" data-postid=\"2156\" class=\"themify_builder_content themify_builder_content-2156 themify_builder tf_clear\">\n    \t<!-- module_row -->\n\t<div  data-lazy=\"1\" class=\"module_row themify_builder_row tb_8qum115 tb_first tf_clearfix\" >\n\t    \t\t<div class=\"row_inner col_align_top col-count-3 tf_box tf_w tf_rel\">\n\t\t\t<div  data-lazy=\"1\" class=\"module_column tb-column col3-1 first tb_r0hz115 tf_box\">\n\t\t\t    \t        <div class=\"tb-column-inner tf_box tf_w\">\n\t\t    <!-- module image -->\n<div  class=\"module module-image tb_1l9e115   image-top tf_mw hover-wow\" data-tf-animation_hover=\"pulse\" data-lazy=\"1\">\n        <div class=\"image-wrap tf_rel tf_mw\">\n\t\t    <a href=\"http:\/\/yasinseramik.com\/index.php\/t1\"\n\t       \t       >\n\t\t   \t\t<img loading=\"lazy\" decoding=\"async\" src=\"http:\/\/yasinseramik.com\/wp-content\/uploads\/2022\/04\/ADRIA_60X120_MEKAN_w2000_h1045_op-1024x535-357x307.jpg\" width=\"357\" height=\"307\" class=\"wp-post-image wp-image-2168\" title=\"ADRIA_60X120_MEKAN_w2000_h1045_op\" alt=\"ADRIA_60X120_MEKAN_w2000_h1045_op\">\t    <\/a>\n\t\n\t\t<\/div>\n\t<!-- \/image-wrap -->\n    \n    \t<\/div>\n<!-- \/module image --><!-- module text -->\n<div  class=\"module module-text tb_7feg115   \" data-lazy=\"1\">\n        <div  class=\"tb_text_wrap\">\n    <p style=\"text-align: center;\">ADRIA<\/p>    <\/div>\n<\/div>\n<!-- \/module text -->\t        <\/div>\n\t    \t<\/div>\n\t\t<div  data-lazy=\"1\" class=\"module_column tb-column col3-1 middle tb_7mvz115 tf_box\">\n\t\t\t    \t        <div class=\"tb-column-inner tf_box tf_w\">\n\t\t    <!-- module image -->\n<div  class=\"module module-image tb_1x66948   image-top tf_mw hover-wow\" data-tf-animation_hover=\"pulse\" data-lazy=\"1\">\n        <div class=\"image-wrap tf_rel tf_mw\">\n\t\t    <a href=\"http:\/\/yasinseramik.com\/index.php\/t8\"\n\t       \t       >\n\t\t   \t\t<img loading=\"lazy\" decoding=\"async\" src=\"http:\/\/yasinseramik.com\/wp-content\/uploads\/2022\/04\/GEM_STONE_60X120_ANTRASIT_MEKAN_w2000_h1045_op-1024x535-357x307.jpg\" width=\"357\" height=\"307\" class=\"wp-post-image wp-image-2176\" title=\"GEM_STONE_60X120_ANTRASIT_MEKAN_w2000_h1045_op\" alt=\"GEM_STONE_60X120_ANTRASIT_MEKAN_w2000_h1045_op\">\t    <\/a>\n\t\n\t\t<\/div>\n\t<!-- \/image-wrap -->\n    \n    \t<\/div>\n<!-- \/module image --><!-- module text -->\n<div  class=\"module module-text tb_or2q948   \" data-lazy=\"1\">\n        <div  class=\"tb_text_wrap\">\n    <p style=\"text-align: center;\">GEMSTONE<\/p>    <\/div>\n<\/div>\n<!-- \/module text -->\t        <\/div>\n\t    \t<\/div>\n\t\t<div  data-lazy=\"1\" class=\"module_column tb-column col3-1 last tb_79k7115 tf_box\">\n\t\t\t    \t        <div class=\"tb-column-inner tf_box tf_w\">\n\t\t    <!-- module image -->\n<div  class=\"module module-image tb_wb2j135   image-top tf_mw hover-wow\" data-tf-animation_hover=\"pulse\" data-lazy=\"1\">\n        <div class=\"image-wrap tf_rel tf_mw\">\n\t\t    <a href=\"http:\/\/yasinseramik.com\/index.php\/t6\"\n\t       \t       >\n\t\t   \t\t<img loading=\"lazy\" decoding=\"async\" src=\"http:\/\/yasinseramik.com\/wp-content\/uploads\/2022\/04\/evani_mekan_1_w2000_h1045_op-1024x535-357x307.jpg\" width=\"357\" height=\"307\" class=\"wp-post-image wp-image-2173\" title=\"evani_mekan_1_w2000_h1045_op\" alt=\"evani_mekan_1_w2000_h1045_op\">\t    <\/a>\n\t\n\t\t<\/div>\n\t<!-- \/image-wrap -->\n    \n    \t<\/div>\n<!-- \/module image --><!-- module text -->\n<div  class=\"module module-text tb_o2zu135   \" data-lazy=\"1\">\n        <div  class=\"tb_text_wrap\">\n    <p style=\"text-align: center;\">EVAN\u0130<\/p>    <\/div>\n<\/div>\n<!-- \/module text -->\t        <\/div>\n\t    \t<\/div>\n\t\t    <\/div>\n\t    <!-- \/row_inner -->\n\t<\/div>\n\t<!-- \/module_row -->\n\t\t<!-- module_row -->\n\t<div  data-lazy=\"1\" class=\"module_row themify_builder_row tb_20fa947 tf_clearfix\" >\n\t    \t\t<div class=\"row_inner col_align_top col-count-3 tf_box tf_w tf_rel\">\n\t\t\t<div  data-lazy=\"1\" class=\"module_column tb-column col3-1 first tb_mqed947 tf_box\">\n\t\t\t    \t        <div class=\"tb-column-inner tf_box tf_w\">\n\t\t    <!-- module image -->\n<div  class=\"module module-image tb_dgpe947   image-top tf_mw hover-wow\" data-tf-animation_hover=\"pulse\" data-lazy=\"1\">\n        <div class=\"image-wrap tf_rel tf_mw\">\n\t\t    <a href=\"http:\/\/yasinseramik.com\/index.php\/t7\"\n\t       \t       >\n\t\t   \t\t<img loading=\"lazy\" decoding=\"async\" src=\"http:\/\/yasinseramik.com\/wp-content\/uploads\/2022\/04\/falez_mekan_w2000_h1045_op-1024x535-357x307.jpg\" width=\"357\" height=\"307\" class=\"wp-post-image wp-image-2175\" title=\"falez_mekan_w2000_h1045_op\" alt=\"falez_mekan_w2000_h1045_op\">\t    <\/a>\n\t\n\t\t<\/div>\n\t<!-- \/image-wrap -->\n    \n    \t<\/div>\n<!-- \/module image --><!-- module text -->\n<div  class=\"module module-text tb_mj61947   \" data-lazy=\"1\">\n        <div  class=\"tb_text_wrap\">\n    <p style=\"text-align: center;\">FALEZ<\/p>    <\/div>\n<\/div>\n<!-- \/module text -->\t        <\/div>\n\t    \t<\/div>\n\t\t<div  data-lazy=\"1\" class=\"module_column tb-column col3-1 middle tb_5jkt948 tf_box\">\n\t\t\t    \t        <div class=\"tb-column-inner tf_box tf_w\">\n\t\t    <!-- module image -->\n<div  class=\"module module-image tb_g0vg618   image-top tf_mw hover-wow\" data-tf-animation_hover=\"pulse\" data-lazy=\"1\">\n        <div class=\"image-wrap tf_rel tf_mw\">\n\t\t    <a href=\"http:\/\/yasinseramik.com\/index.php\/t11\"\n\t       \t       >\n\t\t   \t\t<img loading=\"lazy\" decoding=\"async\" src=\"http:\/\/yasinseramik.com\/wp-content\/uploads\/2022\/04\/KRATOS_60X160_MEKAN_w2000_h1045_op-1024x535-357x307.jpg\" width=\"357\" height=\"307\" class=\"wp-post-image wp-image-2184\" title=\"KRATOS_60X160_MEKAN_w2000_h1045_op\" alt=\"KRATOS_60X160_MEKAN_w2000_h1045_op\">\t    <\/a>\n\t\n\t\t<\/div>\n\t<!-- \/image-wrap -->\n    \n    \t<\/div>\n<!-- \/module image --><!-- module text -->\n<div  class=\"module module-text tb_hcqv618   \" data-lazy=\"1\">\n        <div  class=\"tb_text_wrap\">\n    <p style=\"text-align: center;\">KRATOS<\/p>    <\/div>\n<\/div>\n<!-- \/module text -->\t        <\/div>\n\t    \t<\/div>\n\t\t<div  data-lazy=\"1\" class=\"module_column tb-column col3-1 last tb_xahs948 tf_box\">\n\t\t\t    \t        <div class=\"tb-column-inner tf_box tf_w\">\n\t\t    <!-- module image -->\n<div  class=\"module module-image tb_owd6948   image-top tf_mw hover-wow\" data-tf-animation_hover=\"pulse\" data-lazy=\"1\">\n        <div class=\"image-wrap tf_rel tf_mw\">\n\t\t    <a href=\"http:\/\/yasinseramik.com\/index.php\/t9\"\n\t       \t       >\n\t\t   \t\t<img loading=\"lazy\" decoding=\"async\" src=\"http:\/\/yasinseramik.com\/wp-content\/uploads\/2022\/04\/kanyon_mekan_w2000_h1045_op-1024x535-357x307.jpg\" width=\"357\" height=\"307\" class=\"wp-post-image wp-image-2179\" title=\"kanyon_mekan_w2000_h1045_op\" alt=\"kanyon_mekan_w2000_h1045_op\">\t    <\/a>\n\t\n\t\t<\/div>\n\t<!-- \/image-wrap -->\n    \n    \t<\/div>\n<!-- \/module image --><!-- module text -->\n<div  class=\"module module-text tb_arn7948   \" data-lazy=\"1\">\n        <div  class=\"tb_text_wrap\">\n    <p style=\"text-align: center;\">KANYON<\/p>    <\/div>\n<\/div>\n<!-- \/module text -->\t        <\/div>\n\t    \t<\/div>\n\t\t    <\/div>\n\t    <!-- \/row_inner -->\n\t<\/div>\n\t<!-- \/module_row -->\n\t\t<!-- module_row -->\n\t<div  data-lazy=\"1\" class=\"module_row themify_builder_row tb_unhj617 tf_clearfix\" >\n\t    \t\t<div class=\"row_inner col_align_top col-count-3 tf_box tf_w tf_rel\">\n\t\t\t<div  data-lazy=\"1\" class=\"module_column tb-column col3-1 first tb_4pu8617 tf_box\">\n\t\t\t    \t        <div class=\"tb-column-inner tf_box tf_w\">\n\t\t    <!-- module image -->\n<div  class=\"module module-image tb_81bj618   image-top tf_mw hover-wow\" data-tf-animation_hover=\"pulse\" data-lazy=\"1\">\n        <div class=\"image-wrap tf_rel tf_mw\">\n\t\t    <a href=\"http:\/\/yasinseramik.com\/index.php\/t10\"\n\t       \t       >\n\t\t   \t\t<img loading=\"lazy\" decoding=\"async\" src=\"http:\/\/yasinseramik.com\/wp-content\/uploads\/2022\/04\/KEOPS_60X120_MEKAN_w2000_h1045_op-1024x535-357x307.jpg\" width=\"357\" height=\"307\" class=\"wp-post-image wp-image-2181\" title=\"KEOPS_60X120_MEKAN_w2000_h1045_op\" alt=\"KEOPS_60X120_MEKAN_w2000_h1045_op\">\t    <\/a>\n\t\n\t\t<\/div>\n\t<!-- \/image-wrap -->\n    \n    \t<\/div>\n<!-- \/module image --><!-- module text -->\n<div  class=\"module module-text tb_qmjx618   \" data-lazy=\"1\">\n        <div  class=\"tb_text_wrap\">\n    <p style=\"text-align: center;\">KEOPS<\/p>    <\/div>\n<\/div>\n<!-- \/module text -->\t        <\/div>\n\t    \t<\/div>\n\t\t<div  data-lazy=\"1\" class=\"module_column tb-column col3-1 middle tb_t6vv618 tf_box\">\n\t\t\t    \t        <div class=\"tb-column-inner tf_box tf_w\">\n\t\t    <!-- module image -->\n<div  class=\"module module-image tb_5zew494   image-top tf_mw hover-wow\" data-tf-animation_hover=\"pulse\" data-lazy=\"1\">\n        <div class=\"image-wrap tf_rel tf_mw\">\n\t\t    <a href=\"http:\/\/yasinseramik.com\/index.php\/t14\"\n\t       \t       >\n\t\t   \t\t<img loading=\"lazy\" decoding=\"async\" src=\"http:\/\/yasinseramik.com\/wp-content\/uploads\/2022\/04\/logan_mekan_1_w2000_h1045_op-1024x535-357x307.jpg\" width=\"357\" height=\"307\" class=\"wp-post-image wp-image-2188\" title=\"logan_mekan_1_w2000_h1045_op\" alt=\"logan_mekan_1_w2000_h1045_op\">\t    <\/a>\n\t\n\t\t<\/div>\n\t<!-- \/image-wrap -->\n    \n    \t<\/div>\n<!-- \/module image --><!-- module text -->\n<div  class=\"module module-text tb_fprm494   \" data-lazy=\"1\">\n        <div  class=\"tb_text_wrap\">\n    <p style=\"text-align: center;\">LOGAN<\/p>    <\/div>\n<\/div>\n<!-- \/module text -->\t        <\/div>\n\t    \t<\/div>\n\t\t<div  data-lazy=\"1\" class=\"module_column tb-column col3-1 last tb_ra0n618 tf_box\">\n\t\t\t    \t        <div class=\"tb-column-inner tf_box tf_w\">\n\t\t    <!-- module image -->\n<div  class=\"module module-image tb_z68j494   image-top tf_mw hover-wow\" data-tf-animation_hover=\"pulse\" data-lazy=\"1\">\n        <div class=\"image-wrap tf_rel tf_mw\">\n\t\t    <a href=\"http:\/\/yasinseramik.com\/index.php\/t15\"\n\t       \t       >\n\t\t   \t\t<img loading=\"lazy\" decoding=\"async\" src=\"http:\/\/yasinseramik.com\/wp-content\/uploads\/2022\/04\/london_mekan_1_w637_h343_op-357x307.jpg\" width=\"357\" height=\"307\" class=\"wp-post-image wp-image-2190\" title=\"london_mekan_1_w637_h343_op\" alt=\"london_mekan_1_w637_h343_op\">\t    <\/a>\n\t\n\t\t<\/div>\n\t<!-- \/image-wrap -->\n    \n    \t<\/div>\n<!-- \/module image --><!-- module text -->\n<div  class=\"module module-text tb_0j93494   \" data-lazy=\"1\">\n        <div  class=\"tb_text_wrap\">\n    <p style=\"text-align: center;\">LONDON<\/p>    <\/div>\n<\/div>\n<!-- \/module text -->\t        <\/div>\n\t    \t<\/div>\n\t\t    <\/div>\n\t    <!-- \/row_inner -->\n\t<\/div>\n\t<!-- \/module_row -->\n\t\t<!-- module_row -->\n\t<div  data-lazy=\"1\" class=\"module_row themify_builder_row tb_2hoj493 tf_clearfix\" >\n\t    \t\t<div class=\"row_inner col_align_top col-count-3 tf_box tf_w tf_rel\">\n\t\t\t<div  data-lazy=\"1\" class=\"module_column tb-column col3-1 first tb_4dde493 tf_box\">\n\t\t\t    \t        <div class=\"tb-column-inner tf_box tf_w\">\n\t\t    <!-- module image -->\n<div  class=\"module module-image tb_jk1u493   image-top tf_mw hover-wow\" data-tf-animation_hover=\"pulse\" data-lazy=\"1\">\n        <div class=\"image-wrap tf_rel tf_mw\">\n\t\t    <a href=\"http:\/\/yasinseramik.com\/index.php\/t13\"\n\t       \t       >\n\t\t   \t\t<img loading=\"lazy\" decoding=\"async\" src=\"http:\/\/yasinseramik.com\/wp-content\/uploads\/2022\/04\/LEONARDO_60X120_BONE_MEKAN__1__w2000_h1045_op-1024x535-357x307.jpg\" width=\"357\" height=\"307\" class=\"wp-post-image wp-image-2186\" title=\"LEONARDO_60X120_BONE_MEKAN__1__w2000_h1045_op\" alt=\"LEONARDO_60X120_BONE_MEKAN__1__w2000_h1045_op\">\t    <\/a>\n\t\n\t\t<\/div>\n\t<!-- \/image-wrap -->\n    \n    \t<\/div>\n<!-- \/module image --><!-- module text -->\n<div  class=\"module module-text tb_e2pk494   \" data-lazy=\"1\">\n        <div  class=\"tb_text_wrap\">\n    <p style=\"text-align: center;\">LEONARDO<\/p>    <\/div>\n<\/div>\n<!-- \/module text -->\t        <\/div>\n\t    \t<\/div>\n\t\t<div  data-lazy=\"1\" class=\"module_column tb-column col3-1 middle tb_xy95494 tf_box\">\n\t\t\t    \t        <div class=\"tb-column-inner tf_box tf_w\">\n\t\t    <!-- module image -->\n<div  class=\"module module-image tb_u8yv150   image-top tf_mw hover-wow\" data-tf-animation_hover=\"pulse\" data-lazy=\"1\">\n        <div class=\"image-wrap tf_rel tf_mw\">\n\t\t    <a href=\"http:\/\/yasinseramik.com\/index.php\/t18\"\n\t       \t       >\n\t\t   \t\t<img loading=\"lazy\" decoding=\"async\" src=\"http:\/\/yasinseramik.com\/wp-content\/uploads\/2022\/04\/navona_mekan_w2000_h1045_op-1024x535-357x307.jpg\" width=\"357\" height=\"307\" class=\"wp-post-image wp-image-2196\" title=\"navona_mekan_w2000_h1045_op\" alt=\"navona_mekan_w2000_h1045_op\">\t    <\/a>\n\t\n\t\t<\/div>\n\t<!-- \/image-wrap -->\n    \n    \t<\/div>\n<!-- \/module image --><!-- module text -->\n<div  class=\"module module-text tb_5bnb150   \" data-lazy=\"1\">\n        <div  class=\"tb_text_wrap\">\n    <p style=\"text-align: center;\">NAVONA<\/p>    <\/div>\n<\/div>\n<!-- \/module text -->\t        <\/div>\n\t    \t<\/div>\n\t\t<div  data-lazy=\"1\" class=\"module_column tb-column col3-1 last tb_cyj7494 tf_box\">\n\t\t\t    \t        <div class=\"tb-column-inner tf_box tf_w\">\n\t\t    <!-- module image -->\n<div  class=\"module module-image tb_rcq0150   image-top tf_mw hover-wow\" data-tf-animation_hover=\"pulse\" data-lazy=\"1\">\n        <div class=\"image-wrap tf_rel tf_mw\">\n\t\t    <a href=\"http:\/\/yasinseramik.com\/index.php\/t16\"\n\t       \t       >\n\t\t   \t\t<img loading=\"lazy\" decoding=\"async\" src=\"http:\/\/yasinseramik.com\/wp-content\/uploads\/2022\/04\/marmo_mekan_2_w637_h343_op-357x307.jpg\" width=\"357\" height=\"307\" class=\"wp-post-image wp-image-2192\" title=\"marmo_mekan_2_w637_h343_op\" alt=\"marmo_mekan_2_w637_h343_op\">\t    <\/a>\n\t\n\t\t<\/div>\n\t<!-- \/image-wrap -->\n    \n    \t<\/div>\n<!-- \/module image --><!-- module text -->\n<div  class=\"module module-text tb_wtf2150   \" data-lazy=\"1\">\n        <div  class=\"tb_text_wrap\">\n    <p style=\"text-align: center;\">MARMO<\/p>    <\/div>\n<\/div>\n<!-- \/module text -->\t        <\/div>\n\t    \t<\/div>\n\t\t    <\/div>\n\t    <!-- \/row_inner -->\n\t<\/div>\n\t<!-- \/module_row -->\n\t<\/div>\n<!--\/themify_builder_content-->","protected":false},"excerpt":{"rendered":"<p>ADRIA GEMSTONE EVAN\u0130 FALEZ KRATOS KANYON KEOPS LOGAN LONDON LEONARDO NAVONA MARMO<\/p>\n","protected":false},"author":1,"featured_media":0,"parent":0,"menu_order":0,"comment_status":"closed","ping_status":"closed","template":"","meta":{"footnotes":""},"class_list":["post-2156","page","type-page","status-publish","hentry"],"yoast_head":"<!-- This site is optimized with the Yoast SEO plugin v18.4.1 - https:\/\/yoast.com\/wordpress\/plugins\/seo\/ -->\n<title>Ta\u015f - Yasin Yap\u0131<\/title>\n<meta name=\"robots\" content=\"index, follow, max-snippet:-1, max-image-preview:large, max-video-preview:-1\" \/>\n<link rel=\"canonical\" href=\"http:\/\/yasinseramik.com\/index.php\/tas\/\" \/>\n<meta property=\"og:locale\" content=\"tr_TR\" \/>\n<meta property=\"og:type\" content=\"article\" \/>\n<meta property=\"og:title\" content=\"Ta\u015f - Yasin Yap\u0131\" \/>\n<meta property=\"og:description\" content=\"ADRIA GEMSTONE EVAN\u0130 FALEZ KRATOS KANYON KEOPS LOGAN LONDON LEONARDO NAVONA MARMO\" \/>\n<meta property=\"og:url\" content=\"http:\/\/yasinseramik.com\/index.php\/tas\/\" \/>\n<meta property=\"og:site_name\" content=\"Yasin Yap\u0131\" \/>\n<meta property=\"article:modified_time\" content=\"2022-04-04T14:53:43+00:00\" \/>\n<meta property=\"og:image\" content=\"http:\/\/yasinseramik.com\/wp-content\/uploads\/2022\/04\/ADRIA_60X120_MEKAN_w2000_h1045_op-1024x535-357x307.jpg\" \/>\n<meta name=\"twitter:card\" content=\"summary_large_image\" \/>\n<script type=\"application\/ld+json\" class=\"yoast-schema-graph\">{\"@context\":\"https:\/\/schema.org\",\"@graph\":[{\"@type\":\"Organization\",\"@id\":\"http:\/\/yasinseramik.com\/#organization\",\"name\":\"Yasin Yap\u0131\",\"url\":\"http:\/\/yasinseramik.com\/\",\"sameAs\":[],\"logo\":{\"@type\":\"ImageObject\",\"@id\":\"http:\/\/yasinseramik.com\/#logo\",\"inLanguage\":\"tr\",\"url\":\"http:\/\/yasinseramik.com\/wp-content\/uploads\/2022\/03\/cropped-cropped-cropped-HH_preview_rev_1-1.png\",\"contentUrl\":\"http:\/\/yasinseramik.com\/wp-content\/uploads\/2022\/03\/cropped-cropped-cropped-HH_preview_rev_1-1.png\",\"width\":196,\"height\":228,\"caption\":\"Yasin Yap\u0131\"},\"image\":{\"@id\":\"http:\/\/yasinseramik.com\/#logo\"}},{\"@type\":\"WebSite\",\"@id\":\"http:\/\/yasinseramik.com\/#website\",\"url\":\"http:\/\/yasinseramik.com\/\",\"name\":\"Yasin Yap\u0131\",\"description\":\"Yap\u0131 Malzemeleri\",\"publisher\":{\"@id\":\"http:\/\/yasinseramik.com\/#organization\"},\"potentialAction\":[{\"@type\":\"SearchAction\",\"target\":{\"@type\":\"EntryPoint\",\"urlTemplate\":\"http:\/\/yasinseramik.com\/?s={search_term_string}\"},\"query-input\":\"required name=search_term_string\"}],\"inLanguage\":\"tr\"},{\"@type\":\"ImageObject\",\"@id\":\"http:\/\/yasinseramik.com\/index.php\/tas\/#primaryimage\",\"inLanguage\":\"tr\",\"url\":\"http:\/\/yasinseramik.com\/wp-content\/uploads\/2022\/04\/ADRIA_60X120_MEKAN_w2000_h1045_op.jpg\",\"contentUrl\":\"http:\/\/yasinseramik.com\/wp-content\/uploads\/2022\/04\/ADRIA_60X120_MEKAN_w2000_h1045_op.jpg\",\"width\":2000,\"height\":1045},{\"@type\":\"WebPage\",\"@id\":\"http:\/\/yasinseramik.com\/index.php\/tas\/#webpage\",\"url\":\"http:\/\/yasinseramik.com\/index.php\/tas\/\",\"name\":\"Ta\u015f - Yasin Yap\u0131\",\"isPartOf\":{\"@id\":\"http:\/\/yasinseramik.com\/#website\"},\"primaryImageOfPage\":{\"@id\":\"http:\/\/yasinseramik.com\/index.php\/tas\/#primaryimage\"},\"datePublished\":\"2022-04-01T09:12:12+00:00\",\"dateModified\":\"2022-04-04T14:53:43+00:00\",\"breadcrumb\":{\"@id\":\"http:\/\/yasinseramik.com\/index.php\/tas\/#breadcrumb\"},\"inLanguage\":\"tr\",\"potentialAction\":[{\"@type\":\"ReadAction\",\"target\":[\"http:\/\/yasinseramik.com\/index.php\/tas\/\"]}]},{\"@type\":\"BreadcrumbList\",\"@id\":\"http:\/\/yasinseramik.com\/index.php\/tas\/#breadcrumb\",\"itemListElement\":[{\"@type\":\"ListItem\",\"position\":1,\"name\":\"Anasayfa\",\"item\":\"http:\/\/yasinseramik.com\/\"},{\"@type\":\"ListItem\",\"position\":2,\"name\":\"Ta\u015f\"}]}]}<\/script>\n<!-- \/ Yoast SEO plugin. -->","yoast_head_json":{"title":"Ta\u015f - Yasin Yap\u0131","robots":{"index":"index","follow":"follow","max-snippet":"max-snippet:-1","max-image-preview":"max-image-preview:large","max-video-preview":"max-video-preview:-1"},"canonical":"http:\/\/yasinseramik.com\/index.php\/tas\/","og_locale":"tr_TR","og_type":"article","og_title":"Ta\u015f - Yasin Yap\u0131","og_description":"ADRIA GEMSTONE EVAN\u0130 FALEZ KRATOS KANYON KEOPS LOGAN LONDON LEONARDO NAVONA MARMO","og_url":"http:\/\/yasinseramik.com\/index.php\/tas\/","og_site_name":"Yasin Yap\u0131","article_modified_time":"2022-04-04T14:53:43+00:00","og_image":[{"url":"http:\/\/yasinseramik.com\/wp-content\/uploads\/2022\/04\/ADRIA_60X120_MEKAN_w2000_h1045_op-1024x535-357x307.jpg"}],"twitter_card":"summary_large_image","schema":{"@context":"https:\/\/schema.org","@graph":[{"@type":"Organization","@id":"http:\/\/yasinseramik.com\/#organization","name":"Yasin Yap\u0131","url":"http:\/\/yasinseramik.com\/","sameAs":[],"logo":{"@type":"ImageObject","@id":"http:\/\/yasinseramik.com\/#logo","inLanguage":"tr","url":"http:\/\/yasinseramik.com\/wp-content\/uploads\/2022\/03\/cropped-cropped-cropped-HH_preview_rev_1-1.png","contentUrl":"http:\/\/yasinseramik.com\/wp-content\/uploads\/2022\/03\/cropped-cropped-cropped-HH_preview_rev_1-1.png","width":196,"height":228,"caption":"Yasin Yap\u0131"},"image":{"@id":"http:\/\/yasinseramik.com\/#logo"}},{"@type":"WebSite","@id":"http:\/\/yasinseramik.com\/#website","url":"http:\/\/yasinseramik.com\/","name":"Yasin Yap\u0131","description":"Yap\u0131 Malzemeleri","publisher":{"@id":"http:\/\/yasinseramik.com\/#organization"},"potentialAction":[{"@type":"SearchAction","target":{"@type":"EntryPoint","urlTemplate":"http:\/\/yasinseramik.com\/?s={search_term_string}"},"query-input":"required name=search_term_string"}],"inLanguage":"tr"},{"@type":"ImageObject","@id":"http:\/\/yasinseramik.com\/index.php\/tas\/#primaryimage","inLanguage":"tr","url":"http:\/\/yasinseramik.com\/wp-content\/uploads\/2022\/04\/ADRIA_60X120_MEKAN_w2000_h1045_op.jpg","contentUrl":"http:\/\/yasinseramik.com\/wp-content\/uploads\/2022\/04\/ADRIA_60X120_MEKAN_w2000_h1045_op.jpg","width":2000,"height":1045},{"@type":"WebPage","@id":"http:\/\/yasinseramik.com\/index.php\/tas\/#webpage","url":"http:\/\/yasinseramik.com\/index.php\/tas\/","name":"Ta\u015f - Yasin Yap\u0131","isPartOf":{"@id":"http:\/\/yasinseramik.com\/#website"},"primaryImageOfPage":{"@id":"http:\/\/yasinseramik.com\/index.php\/tas\/#primaryimage"},"datePublished":"2022-04-01T09:12:12+00:00","dateModified":"2022-04-04T14:53:43+00:00","breadcrumb":{"@id":"http:\/\/yasinseramik.com\/index.php\/tas\/#breadcrumb"},"inLanguage":"tr","potentialAction":[{"@type":"ReadAction","target":["http:\/\/yasinseramik.com\/index.php\/tas\/"]}]},{"@type":"BreadcrumbList","@id":"http:\/\/yasinseramik.com\/index.php\/tas\/#breadcrumb","itemListElement":[{"@type":"ListItem","position":1,"name":"Anasayfa","item":"http:\/\/yasinseramik.com\/"},{"@type":"ListItem","position":2,"name":"Ta\u015f"}]}]}},"builder_content":"<a href=\"http:\/\/yasinseramik.com\/index.php\/t1\" > <img loading=\"lazy\" decoding=\"async\" src=\"http:\/\/yasinseramik.com\/wp-content\/uploads\/2022\/04\/ADRIA_60X120_MEKAN_w2000_h1045_op-1024x535-357x307.jpg\" width=\"357\" height=\"307\" title=\"ADRIA_60X120_MEKAN_w2000_h1045_op\" alt=\"ADRIA_60X120_MEKAN_w2000_h1045_op\"> <\/a>\n<p style=\"text-align: center;\">ADRIA<\/p>\n<a href=\"http:\/\/yasinseramik.com\/index.php\/t8\" > <img loading=\"lazy\" decoding=\"async\" src=\"http:\/\/yasinseramik.com\/wp-content\/uploads\/2022\/04\/GEM_STONE_60X120_ANTRASIT_MEKAN_w2000_h1045_op-1024x535-357x307.jpg\" width=\"357\" height=\"307\" title=\"GEM_STONE_60X120_ANTRASIT_MEKAN_w2000_h1045_op\" alt=\"GEM_STONE_60X120_ANTRASIT_MEKAN_w2000_h1045_op\"> <\/a>\n<p style=\"text-align: center;\">GEMSTONE<\/p>\n<a href=\"http:\/\/yasinseramik.com\/index.php\/t6\" > <img loading=\"lazy\" decoding=\"async\" src=\"http:\/\/yasinseramik.com\/wp-content\/uploads\/2022\/04\/evani_mekan_1_w2000_h1045_op-1024x535-357x307.jpg\" width=\"357\" height=\"307\" title=\"evani_mekan_1_w2000_h1045_op\" alt=\"evani_mekan_1_w2000_h1045_op\"> <\/a>\n<p style=\"text-align: center;\">EVAN\u0130<\/p>\n<a href=\"http:\/\/yasinseramik.com\/index.php\/t7\" > <img loading=\"lazy\" decoding=\"async\" src=\"http:\/\/yasinseramik.com\/wp-content\/uploads\/2022\/04\/falez_mekan_w2000_h1045_op-1024x535-357x307.jpg\" width=\"357\" height=\"307\" title=\"falez_mekan_w2000_h1045_op\" alt=\"falez_mekan_w2000_h1045_op\"> <\/a>\n<p style=\"text-align: center;\">FALEZ<\/p>\n<a href=\"http:\/\/yasinseramik.com\/index.php\/t11\" > <img loading=\"lazy\" decoding=\"async\" src=\"http:\/\/yasinseramik.com\/wp-content\/uploads\/2022\/04\/KRATOS_60X160_MEKAN_w2000_h1045_op-1024x535-357x307.jpg\" width=\"357\" height=\"307\" title=\"KRATOS_60X160_MEKAN_w2000_h1045_op\" alt=\"KRATOS_60X160_MEKAN_w2000_h1045_op\"> <\/a>\n<p style=\"text-align: center;\">KRATOS<\/p>\n<a href=\"http:\/\/yasinseramik.com\/index.php\/t9\" > <img loading=\"lazy\" decoding=\"async\" src=\"http:\/\/yasinseramik.com\/wp-content\/uploads\/2022\/04\/kanyon_mekan_w2000_h1045_op-1024x535-357x307.jpg\" width=\"357\" height=\"307\" title=\"kanyon_mekan_w2000_h1045_op\" alt=\"kanyon_mekan_w2000_h1045_op\"> <\/a>\n<p style=\"text-align: center;\">KANYON<\/p>\n<a href=\"http:\/\/yasinseramik.com\/index.php\/t10\" > <img loading=\"lazy\" decoding=\"async\" src=\"http:\/\/yasinseramik.com\/wp-content\/uploads\/2022\/04\/KEOPS_60X120_MEKAN_w2000_h1045_op-1024x535-357x307.jpg\" width=\"357\" height=\"307\" title=\"KEOPS_60X120_MEKAN_w2000_h1045_op\" alt=\"KEOPS_60X120_MEKAN_w2000_h1045_op\"> <\/a>\n<p style=\"text-align: center;\">KEOPS<\/p>\n<a href=\"http:\/\/yasinseramik.com\/index.php\/t14\" > <img loading=\"lazy\" decoding=\"async\" src=\"http:\/\/yasinseramik.com\/wp-content\/uploads\/2022\/04\/logan_mekan_1_w2000_h1045_op-1024x535-357x307.jpg\" width=\"357\" height=\"307\" title=\"logan_mekan_1_w2000_h1045_op\" alt=\"logan_mekan_1_w2000_h1045_op\"> <\/a>\n<p style=\"text-align: center;\">LOGAN<\/p>\n<a href=\"http:\/\/yasinseramik.com\/index.php\/t15\" > <img loading=\"lazy\" decoding=\"async\" src=\"http:\/\/yasinseramik.com\/wp-content\/uploads\/2022\/04\/london_mekan_1_w637_h343_op-357x307.jpg\" width=\"357\" height=\"307\" title=\"london_mekan_1_w637_h343_op\" alt=\"london_mekan_1_w637_h343_op\"> <\/a>\n<p style=\"text-align: center;\">LONDON<\/p>\n<a href=\"http:\/\/yasinseramik.com\/index.php\/t13\" > <img loading=\"lazy\" decoding=\"async\" src=\"http:\/\/yasinseramik.com\/wp-content\/uploads\/2022\/04\/LEONARDO_60X120_BONE_MEKAN__1__w2000_h1045_op-1024x535-357x307.jpg\" width=\"357\" height=\"307\" title=\"LEONARDO_60X120_BONE_MEKAN__1__w2000_h1045_op\" alt=\"LEONARDO_60X120_BONE_MEKAN__1__w2000_h1045_op\"> <\/a>\n<p style=\"text-align: center;\">LEONARDO<\/p>\n<a href=\"http:\/\/yasinseramik.com\/index.php\/t18\" > <img loading=\"lazy\" decoding=\"async\" src=\"http:\/\/yasinseramik.com\/wp-content\/uploads\/2022\/04\/navona_mekan_w2000_h1045_op-1024x535-357x307.jpg\" width=\"357\" height=\"307\" title=\"navona_mekan_w2000_h1045_op\" alt=\"navona_mekan_w2000_h1045_op\"> <\/a>\n<p style=\"text-align: center;\">NAVONA<\/p>\n<a href=\"http:\/\/yasinseramik.com\/index.php\/t16\" > <img loading=\"lazy\" decoding=\"async\" src=\"http:\/\/yasinseramik.com\/wp-content\/uploads\/2022\/04\/marmo_mekan_2_w637_h343_op-357x307.jpg\" width=\"357\" height=\"307\" title=\"marmo_mekan_2_w637_h343_op\" alt=\"marmo_mekan_2_w637_h343_op\"> <\/a>\n<p style=\"text-align: center;\">MARMO<\/p>","_links":{"self":[{"href":"http:\/\/yasinseramik.com\/index.php\/wp-json\/wp\/v2\/pages\/2156","targetHints":{"allow":["GET"]}}],"collection":[{"href":"http:\/\/yasinseramik.com\/index.php\/wp-json\/wp\/v2\/pages"}],"about":[{"href":"http:\/\/yasinseramik.com\/index.php\/wp-json\/wp\/v2\/types\/page"}],"author":[{"embeddable":true,"href":"http:\/\/yasinseramik.com\/index.php\/wp-json\/wp\/v2\/users\/1"}],"replies":[{"embeddable":true,"href":"http:\/\/yasinseramik.com\/index.php\/wp-json\/wp\/v2\/comments?post=2156"}],"version-history":[{"count":25,"href":"http:\/\/yasinseramik.com\/index.php\/wp-json\/wp\/v2\/pages\/2156\/revisions"}],"predecessor-version":[{"id":3788,"href":"http:\/\/yasinseramik.com\/index.php\/wp-json\/wp\/v2\/pages\/2156\/revisions\/3788"}],"wp:attachment":[{"href":"http:\/\/yasinseramik.com\/index.php\/wp-json\/wp\/v2\/media?parent=2156"}],"curies":[{"name":"wp","href":"https:\/\/api.w.org\/{rel}","templated":true}]}}