{"id":2007,"date":"2022-03-31T17:25:15","date_gmt":"2022-03-31T14:25:15","guid":{"rendered":"http:\/\/yasinseramik.com\/?page_id=2007"},"modified":"2022-04-05T13:18:50","modified_gmt":"2022-04-05T10:18:50","slug":"doku","status":"publish","type":"page","link":"http:\/\/yasinseramik.com\/index.php\/doku\/","title":{"rendered":"Doku"},"content":{"rendered":"<!--themify_builder_content-->\n<div id=\"themify_builder_content-2007\" data-postid=\"2007\" class=\"themify_builder_content themify_builder_content-2007 themify_builder tf_clear\">\n    \t<!-- module_row -->\n\t<div  data-lax-optimize=\"true\" data-lax-no-op=\"true\" data-lazy=\"1\" class=\"module_row themify_builder_row tb_467k405 tb_first tf_clearfix\" >\n\t    \t\t<div class=\"row_inner col_align_top col-count-6 tf_box tf_w tf_rel\">\n\t\t\t<div  data-lazy=\"1\" class=\"module_column tb-column col6-1 first tb_8g4j406 tf_box\">\n\t\t\t    \t        <div class=\"tb-column-inner tf_box tf_w\">\n\t\t    <!-- module image -->\n<div  class=\"module module-image tb_ho3t361   image-top tf_mw hover-wow\" data-tf-animation_hover=\"pulse\" data-lazy=\"1\">\n        <div class=\"image-wrap tf_rel tf_mw\">\n\t\t    <a href=\"http:\/\/yasinseramik.com\/index.php\/tas\"\n\t       \t       >\n\t\t   \t\t<img loading=\"lazy\" decoding=\"async\" src=\"http:\/\/yasinseramik.com\/wp-content\/uploads\/2022\/03\/tas_w272_h246-160x236.jpg\" width=\"160\" height=\"236\" class=\"wp-post-image wp-image-2028\" title=\"tas_w272_h246\" alt=\"tas_w272_h246\">\t    <\/a>\n\t\n\t\t<\/div>\n\t<!-- \/image-wrap -->\n    \n    \t<\/div>\n<!-- \/module image --><!-- module text -->\n<div  class=\"module module-text tb_pi5p554   \" data-lazy=\"1\">\n        <div  class=\"tb_text_wrap\">\n    <p style=\"text-align: center;\">Ta\u015f<\/p>    <\/div>\n<\/div>\n<!-- \/module text -->\t        <\/div>\n\t    \t<\/div>\n\t\t<div  data-lazy=\"1\" class=\"module_column tb-column col6-1 second tb_wx2f406 tf_box\">\n\t\t\t    \t        <div class=\"tb-column-inner tf_box tf_w\">\n\t\t    <!-- module image -->\n<div  class=\"module module-image tb_x88d889   image-top tf_mw hover-wow\" data-tf-animation_hover=\"pulse\" data-lazy=\"1\">\n        <div class=\"image-wrap tf_rel tf_mw\">\n\t\t    <a href=\"http:\/\/yasinseramik.com\/index.php\/mermer\"\n\t       \t       >\n\t\t   \t\t<img loading=\"lazy\" decoding=\"async\" src=\"http:\/\/yasinseramik.com\/wp-content\/uploads\/2022\/03\/mermer_w272_h246-160x236.jpg\" width=\"160\" height=\"236\" class=\"wp-post-image wp-image-2026\" title=\"mermer_w272_h246\" alt=\"mermer_w272_h246\">\t    <\/a>\n\t\n\t\t<\/div>\n\t<!-- \/image-wrap -->\n    \n    \t<\/div>\n<!-- \/module image --><!-- module text -->\n<div  class=\"module module-text tb_9c6b902   \" data-lazy=\"1\">\n        <div  class=\"tb_text_wrap\">\n    <p style=\"text-align: center;\">Mermer<\/p>    <\/div>\n<\/div>\n<!-- \/module text -->\t        <\/div>\n\t    \t<\/div>\n\t\t<div  data-lazy=\"1\" class=\"module_column tb-column col6-1 third tb_rv55406 tf_box\">\n\t\t\t    \t        <div class=\"tb-column-inner tf_box tf_w\">\n\t\t    <!-- module image -->\n<div  class=\"module module-image tb_g6i6947   image-top tf_mw hover-wow\" data-tf-animation_hover=\"pulse\" data-lazy=\"1\">\n        <div class=\"image-wrap tf_rel tf_mw\">\n\t\t    <a href=\"http:\/\/yasinseramik.com\/index.php\/beton\"\n\t       \t       >\n\t\t   \t\t<img loading=\"lazy\" decoding=\"async\" src=\"http:\/\/yasinseramik.com\/wp-content\/uploads\/2022\/03\/beton_w272_h246-160x236.jpg\" width=\"160\" height=\"236\" class=\"wp-post-image wp-image-2024\" title=\"beton_w272_h246\" alt=\"beton_w272_h246\">\t    <\/a>\n\t\n\t\t<\/div>\n\t<!-- \/image-wrap -->\n    \n    \t<\/div>\n<!-- \/module image --><!-- module text -->\n<div  class=\"module module-text tb_4v4x922   \" data-lazy=\"1\">\n        <div  class=\"tb_text_wrap\">\n    <p style=\"text-align: center;\">Beton<\/p>    <\/div>\n<\/div>\n<!-- \/module text -->\t        <\/div>\n\t    \t<\/div>\n\t\t<div  data-lazy=\"1\" class=\"module_column tb-column col6-1 fourth tb_9j4i406 tf_box\">\n\t\t\t    \t        <div class=\"tb-column-inner tf_box tf_w\">\n\t\t    <!-- module image -->\n<div  class=\"module module-image tb_rdpb20   image-top tf_mw hover-wow\" data-tf-animation_hover=\"pulse\" data-lazy=\"1\">\n        <div class=\"image-wrap tf_rel tf_mw\">\n\t\t    <a href=\"http:\/\/yasinseramik.com\/index.php\/kombin\"\n\t       \t       >\n\t\t   \t\t<img loading=\"lazy\" decoding=\"async\" src=\"http:\/\/yasinseramik.com\/wp-content\/uploads\/2022\/03\/kombinler_w272_h246-160x236.jpg\" width=\"160\" height=\"236\" class=\"wp-post-image wp-image-2025\" title=\"kombinler_w272_h246\" alt=\"kombinler_w272_h246\">\t    <\/a>\n\t\n\t\t<\/div>\n\t<!-- \/image-wrap -->\n    \n    \t<\/div>\n<!-- \/module image --><!-- module text -->\n<div  class=\"module module-text tb_zbul982   \" data-lazy=\"1\">\n        <div  class=\"tb_text_wrap\">\n    <p style=\"text-align: center;\">Kombinler<\/p>    <\/div>\n<\/div>\n<!-- \/module text -->\t        <\/div>\n\t    \t<\/div>\n\t\t<div  data-lazy=\"1\" class=\"module_column tb-column col6-1 fifth tb_nr98406 tf_box\">\n\t\t\t    \t        <div class=\"tb-column-inner tf_box tf_w\">\n\t\t    <!-- module image -->\n<div  class=\"module module-image tb_kyth417   image-top tf_mw hover-wow\" data-tf-animation_hover=\"pulse\" data-lazy=\"1\">\n        <div class=\"image-wrap tf_rel tf_mw\">\n\t\t    <a href=\"http:\/\/yasinseramik.com\/index.php\/ahsap\"\n\t       \t       >\n\t\t   \t\t<img loading=\"lazy\" decoding=\"async\" src=\"http:\/\/yasinseramik.com\/wp-content\/uploads\/2022\/03\/ahsap_w272_h246-160x236.jpg\" width=\"160\" height=\"236\" class=\"wp-post-image wp-image-2023\" title=\"ahsap_w272_h246\" alt=\"ahsap_w272_h246\">\t    <\/a>\n\t\n\t\t<\/div>\n\t<!-- \/image-wrap -->\n    \n    \t<\/div>\n<!-- \/module image --><!-- module text -->\n<div  class=\"module module-text tb_zb5s808   \" data-lazy=\"1\">\n        <div  class=\"tb_text_wrap\">\n    <p style=\"text-align: center;\">Ah\u015fap<\/p>    <\/div>\n<\/div>\n<!-- \/module text -->\t        <\/div>\n\t    \t<\/div>\n\t\t<div  data-lazy=\"1\" class=\"module_column tb-column col6-1 last tb_343t407 tf_box\">\n\t\t\t    \t<\/div>\n\t\t    <\/div>\n\t    <!-- \/row_inner -->\n\t<\/div>\n\t<!-- \/module_row -->\n\t<\/div>\n<!--\/themify_builder_content-->","protected":false},"excerpt":{"rendered":"<p>Ta\u015f Mermer Beton Kombinler Ah\u015fap<\/p>\n","protected":false},"author":1,"featured_media":0,"parent":0,"menu_order":0,"comment_status":"closed","ping_status":"closed","template":"","meta":{"footnotes":""},"class_list":["post-2007","page","type-page","status-publish","hentry"],"yoast_head":"<!-- This site is optimized with the Yoast SEO plugin v18.4.1 - https:\/\/yoast.com\/wordpress\/plugins\/seo\/ -->\n<title>Doku - Yasin Yap\u0131<\/title>\n<meta name=\"robots\" content=\"index, follow, max-snippet:-1, max-image-preview:large, max-video-preview:-1\" \/>\n<link rel=\"canonical\" href=\"http:\/\/yasinseramik.com\/index.php\/doku\/\" \/>\n<meta property=\"og:locale\" content=\"tr_TR\" \/>\n<meta property=\"og:type\" content=\"article\" \/>\n<meta property=\"og:title\" content=\"Doku - Yasin Yap\u0131\" \/>\n<meta property=\"og:description\" content=\"Ta\u015f Mermer Beton Kombinler Ah\u015fap\" \/>\n<meta property=\"og:url\" content=\"http:\/\/yasinseramik.com\/index.php\/doku\/\" \/>\n<meta property=\"og:site_name\" content=\"Yasin Yap\u0131\" \/>\n<meta property=\"article:modified_time\" content=\"2022-04-05T10:18:50+00:00\" \/>\n<meta property=\"og:image\" content=\"http:\/\/yasinseramik.com\/wp-content\/uploads\/2022\/03\/parke_w272_h246-160x236.jpg\" \/>\n<meta name=\"twitter:card\" content=\"summary_large_image\" \/>\n<script type=\"application\/ld+json\" class=\"yoast-schema-graph\">{\"@context\":\"https:\/\/schema.org\",\"@graph\":[{\"@type\":\"Organization\",\"@id\":\"http:\/\/yasinseramik.com\/#organization\",\"name\":\"Yasin Yap\u0131\",\"url\":\"http:\/\/yasinseramik.com\/\",\"sameAs\":[],\"logo\":{\"@type\":\"ImageObject\",\"@id\":\"http:\/\/yasinseramik.com\/#logo\",\"inLanguage\":\"tr\",\"url\":\"http:\/\/yasinseramik.com\/wp-content\/uploads\/2022\/03\/cropped-cropped-cropped-HH_preview_rev_1-1.png\",\"contentUrl\":\"http:\/\/yasinseramik.com\/wp-content\/uploads\/2022\/03\/cropped-cropped-cropped-HH_preview_rev_1-1.png\",\"width\":196,\"height\":228,\"caption\":\"Yasin Yap\u0131\"},\"image\":{\"@id\":\"http:\/\/yasinseramik.com\/#logo\"}},{\"@type\":\"WebSite\",\"@id\":\"http:\/\/yasinseramik.com\/#website\",\"url\":\"http:\/\/yasinseramik.com\/\",\"name\":\"Yasin Yap\u0131\",\"description\":\"Yap\u0131 Malzemeleri\",\"publisher\":{\"@id\":\"http:\/\/yasinseramik.com\/#organization\"},\"potentialAction\":[{\"@type\":\"SearchAction\",\"target\":{\"@type\":\"EntryPoint\",\"urlTemplate\":\"http:\/\/yasinseramik.com\/?s={search_term_string}\"},\"query-input\":\"required name=search_term_string\"}],\"inLanguage\":\"tr\"},{\"@type\":\"ImageObject\",\"@id\":\"http:\/\/yasinseramik.com\/index.php\/doku\/#primaryimage\",\"inLanguage\":\"tr\",\"url\":\"http:\/\/yasinseramik.com\/wp-content\/uploads\/2022\/03\/tas_w272_h246.jpg\",\"contentUrl\":\"http:\/\/yasinseramik.com\/wp-content\/uploads\/2022\/03\/tas_w272_h246.jpg\",\"width\":272,\"height\":246},{\"@type\":\"WebPage\",\"@id\":\"http:\/\/yasinseramik.com\/index.php\/doku\/#webpage\",\"url\":\"http:\/\/yasinseramik.com\/index.php\/doku\/\",\"name\":\"Doku - Yasin Yap\u0131\",\"isPartOf\":{\"@id\":\"http:\/\/yasinseramik.com\/#website\"},\"primaryImageOfPage\":{\"@id\":\"http:\/\/yasinseramik.com\/index.php\/doku\/#primaryimage\"},\"datePublished\":\"2022-03-31T14:25:15+00:00\",\"dateModified\":\"2022-04-05T10:18:50+00:00\",\"breadcrumb\":{\"@id\":\"http:\/\/yasinseramik.com\/index.php\/doku\/#breadcrumb\"},\"inLanguage\":\"tr\",\"potentialAction\":[{\"@type\":\"ReadAction\",\"target\":[\"http:\/\/yasinseramik.com\/index.php\/doku\/\"]}]},{\"@type\":\"BreadcrumbList\",\"@id\":\"http:\/\/yasinseramik.com\/index.php\/doku\/#breadcrumb\",\"itemListElement\":[{\"@type\":\"ListItem\",\"position\":1,\"name\":\"Anasayfa\",\"item\":\"http:\/\/yasinseramik.com\/\"},{\"@type\":\"ListItem\",\"position\":2,\"name\":\"Doku\"}]}]}<\/script>\n<!-- \/ Yoast SEO plugin. -->","yoast_head_json":{"title":"Doku - Yasin Yap\u0131","robots":{"index":"index","follow":"follow","max-snippet":"max-snippet:-1","max-image-preview":"max-image-preview:large","max-video-preview":"max-video-preview:-1"},"canonical":"http:\/\/yasinseramik.com\/index.php\/doku\/","og_locale":"tr_TR","og_type":"article","og_title":"Doku - Yasin Yap\u0131","og_description":"Ta\u015f Mermer Beton Kombinler Ah\u015fap","og_url":"http:\/\/yasinseramik.com\/index.php\/doku\/","og_site_name":"Yasin Yap\u0131","article_modified_time":"2022-04-05T10:18:50+00:00","og_image":[{"url":"http:\/\/yasinseramik.com\/wp-content\/uploads\/2022\/03\/parke_w272_h246-160x236.jpg"}],"twitter_card":"summary_large_image","schema":{"@context":"https:\/\/schema.org","@graph":[{"@type":"Organization","@id":"http:\/\/yasinseramik.com\/#organization","name":"Yasin Yap\u0131","url":"http:\/\/yasinseramik.com\/","sameAs":[],"logo":{"@type":"ImageObject","@id":"http:\/\/yasinseramik.com\/#logo","inLanguage":"tr","url":"http:\/\/yasinseramik.com\/wp-content\/uploads\/2022\/03\/cropped-cropped-cropped-HH_preview_rev_1-1.png","contentUrl":"http:\/\/yasinseramik.com\/wp-content\/uploads\/2022\/03\/cropped-cropped-cropped-HH_preview_rev_1-1.png","width":196,"height":228,"caption":"Yasin Yap\u0131"},"image":{"@id":"http:\/\/yasinseramik.com\/#logo"}},{"@type":"WebSite","@id":"http:\/\/yasinseramik.com\/#website","url":"http:\/\/yasinseramik.com\/","name":"Yasin Yap\u0131","description":"Yap\u0131 Malzemeleri","publisher":{"@id":"http:\/\/yasinseramik.com\/#organization"},"potentialAction":[{"@type":"SearchAction","target":{"@type":"EntryPoint","urlTemplate":"http:\/\/yasinseramik.com\/?s={search_term_string}"},"query-input":"required name=search_term_string"}],"inLanguage":"tr"},{"@type":"ImageObject","@id":"http:\/\/yasinseramik.com\/index.php\/doku\/#primaryimage","inLanguage":"tr","url":"http:\/\/yasinseramik.com\/wp-content\/uploads\/2022\/03\/tas_w272_h246.jpg","contentUrl":"http:\/\/yasinseramik.com\/wp-content\/uploads\/2022\/03\/tas_w272_h246.jpg","width":272,"height":246},{"@type":"WebPage","@id":"http:\/\/yasinseramik.com\/index.php\/doku\/#webpage","url":"http:\/\/yasinseramik.com\/index.php\/doku\/","name":"Doku - Yasin Yap\u0131","isPartOf":{"@id":"http:\/\/yasinseramik.com\/#website"},"primaryImageOfPage":{"@id":"http:\/\/yasinseramik.com\/index.php\/doku\/#primaryimage"},"datePublished":"2022-03-31T14:25:15+00:00","dateModified":"2022-04-05T10:18:50+00:00","breadcrumb":{"@id":"http:\/\/yasinseramik.com\/index.php\/doku\/#breadcrumb"},"inLanguage":"tr","potentialAction":[{"@type":"ReadAction","target":["http:\/\/yasinseramik.com\/index.php\/doku\/"]}]},{"@type":"BreadcrumbList","@id":"http:\/\/yasinseramik.com\/index.php\/doku\/#breadcrumb","itemListElement":[{"@type":"ListItem","position":1,"name":"Anasayfa","item":"http:\/\/yasinseramik.com\/"},{"@type":"ListItem","position":2,"name":"Doku"}]}]}},"builder_content":"<a href=\"http:\/\/yasinseramik.com\/index.php\/tas\" > <img loading=\"lazy\" decoding=\"async\" src=\"http:\/\/yasinseramik.com\/wp-content\/uploads\/2022\/03\/tas_w272_h246-160x236.jpg\" width=\"160\" height=\"236\" title=\"tas_w272_h246\" alt=\"tas_w272_h246\"> <\/a>\n<p style=\"text-align: center;\">Ta\u015f<\/p>\n<a href=\"http:\/\/yasinseramik.com\/index.php\/mermer\" > <img loading=\"lazy\" decoding=\"async\" src=\"http:\/\/yasinseramik.com\/wp-content\/uploads\/2022\/03\/mermer_w272_h246-160x236.jpg\" width=\"160\" height=\"236\" title=\"mermer_w272_h246\" alt=\"mermer_w272_h246\"> <\/a>\n<p style=\"text-align: center;\">Mermer<\/p>\n<a href=\"http:\/\/yasinseramik.com\/index.php\/beton\" > <img loading=\"lazy\" decoding=\"async\" src=\"http:\/\/yasinseramik.com\/wp-content\/uploads\/2022\/03\/beton_w272_h246-160x236.jpg\" width=\"160\" height=\"236\" title=\"beton_w272_h246\" alt=\"beton_w272_h246\"> <\/a>\n<p style=\"text-align: center;\">Beton<\/p>\n<a href=\"http:\/\/yasinseramik.com\/index.php\/kombin\" > <img loading=\"lazy\" decoding=\"async\" src=\"http:\/\/yasinseramik.com\/wp-content\/uploads\/2022\/03\/kombinler_w272_h246-160x236.jpg\" width=\"160\" height=\"236\" title=\"kombinler_w272_h246\" alt=\"kombinler_w272_h246\"> <\/a>\n<p style=\"text-align: center;\">Kombinler<\/p>\n<a href=\"http:\/\/yasinseramik.com\/index.php\/ahsap\" > <img loading=\"lazy\" decoding=\"async\" src=\"http:\/\/yasinseramik.com\/wp-content\/uploads\/2022\/03\/ahsap_w272_h246-160x236.jpg\" width=\"160\" height=\"236\" title=\"ahsap_w272_h246\" alt=\"ahsap_w272_h246\"> <\/a>\n<p style=\"text-align: center;\">Ah\u015fap<\/p>","_links":{"self":[{"href":"http:\/\/yasinseramik.com\/index.php\/wp-json\/wp\/v2\/pages\/2007","targetHints":{"allow":["GET"]}}],"collection":[{"href":"http:\/\/yasinseramik.com\/index.php\/wp-json\/wp\/v2\/pages"}],"about":[{"href":"http:\/\/yasinseramik.com\/index.php\/wp-json\/wp\/v2\/types\/page"}],"author":[{"embeddable":true,"href":"http:\/\/yasinseramik.com\/index.php\/wp-json\/wp\/v2\/users\/1"}],"replies":[{"embeddable":true,"href":"http:\/\/yasinseramik.com\/index.php\/wp-json\/wp\/v2\/comments?post=2007"}],"version-history":[{"count":18,"href":"http:\/\/yasinseramik.com\/index.php\/wp-json\/wp\/v2\/pages\/2007\/revisions"}],"predecessor-version":[{"id":3846,"href":"http:\/\/yasinseramik.com\/index.php\/wp-json\/wp\/v2\/pages\/2007\/revisions\/3846"}],"wp:attachment":[{"href":"http:\/\/yasinseramik.com\/index.php\/wp-json\/wp\/v2\/media?parent=2007"}],"curies":[{"name":"wp","href":"https:\/\/api.w.org\/{rel}","templated":true}]}}