{"id":1997,"date":"2022-03-31T16:09:52","date_gmt":"2022-03-31T13:09:52","guid":{"rendered":"http:\/\/yasinseramik.com\/?page_id=1997"},"modified":"2022-04-02T17:44:10","modified_gmt":"2022-04-02T14:44:10","slug":"urunler","status":"publish","type":"page","link":"http:\/\/yasinseramik.com\/index.php\/urunler\/","title":{"rendered":"\u00dcr\u00fcnler"},"content":{"rendered":"<!--themify_builder_content-->\n<div id=\"themify_builder_content-1997\" data-postid=\"1997\" class=\"themify_builder_content themify_builder_content-1997 themify_builder tf_clear\">\n    \t<!-- module_row -->\n\t<div  data-lazy=\"1\" class=\"module_row themify_builder_row tb_ivtv727 tb_first tf_clearfix\" >\n\t    \t\t<div class=\"row_inner col_align_top col-count-1 tf_box tf_w tf_rel\">\n\t\t\t<div  data-lazy=\"1\" class=\"module_column tb-column col-full first tb_up7p728 tf_box\">\n\t\t\t    \t<\/div>\n\t\t    <\/div>\n\t    <!-- \/row_inner -->\n\t<\/div>\n\t<!-- \/module_row -->\n\t\t<!-- module_row -->\n\t<div  data-css_id=\"zyla720\" data-lazy=\"1\" class=\"module_row themify_builder_row repeat fullwidth tb_zyla720 tf_clearfix\" >\n\t    \t\t<div class=\"row_inner col_align_middle gutter-none col-count-3 tf_box tf_w tf_rel\">\n\t\t\t<div  data-lazy=\"1\" class=\"module_column tb-column col3-1 first tb_fpjs721 fullcover tf_box\">\n\t\t<div class=\"tf_abs builder_row_cover\"><\/div>\t    \t        <div class=\"tb-column-inner tf_box tf_w\">\n\t\t    <!-- module buttons -->\n<div  class=\"module module-buttons tb_948l722 buttons-horizontal outline  xlarge circle\" data-lazy=\"1\">\n    \t<div class=\"module-buttons-item tf_inline_b\">\n\t\t\t\t\t\t\t<a href=\"http:\/\/yasinseramik.com\/index.php\/doku\/\" class=\"ui builder_button tb_default_color\" >\n\t\t\t\t\t\t\t\t\t\t\t<span class=\"tf_inline_b tf_vmiddle\">DOKU<\/span>\n\t\t\t\t\t\t\t\t\t\t\t<\/a>\n\t\t\t    \t<\/div>\n\t<\/div>\n<!-- \/module buttons -->\n\t        <\/div>\n\t    \t<\/div>\n\t\t<div  data-lazy=\"1\" class=\"module_column tb-column col3-1 middle tb_bhsr722 fullcover tf_box\">\n\t\t<div class=\"tf_abs builder_row_cover\"><\/div>\t    \t        <div class=\"tb-column-inner tf_box tf_w\">\n\t\t    <!-- module buttons -->\n<div  class=\"module module-buttons tb_oc5u722 buttons-horizontal outline  xlarge circle\" data-lazy=\"1\">\n    \t<div class=\"module-buttons-item tf_inline_b\">\n\t\t\t\t\t\t\t<a href=\"http:\/\/yasinseramik.com\/index.php\/renk\" class=\"ui builder_button tb_default_color\" >\n\t\t\t\t\t\t\t\t\t\t\t<span class=\"tf_inline_b tf_vmiddle\">RENK<\/span>\n\t\t\t\t\t\t\t\t\t\t\t<\/a>\n\t\t\t    \t<\/div>\n\t<\/div>\n<!-- \/module buttons -->\n\t        <\/div>\n\t    \t<\/div>\n\t\t<div  data-lazy=\"1\" class=\"module_column tb-column col3-1 last tb_vlay722 fullcover tf_box\">\n\t\t<div class=\"tf_abs builder_row_cover\"><\/div>\t    \t        <div class=\"tb-column-inner tf_box tf_w\">\n\t\t    <!-- module buttons -->\n<div  class=\"module module-buttons tb_5k9b722 buttons-horizontal outline  xlarge circle\" data-lazy=\"1\">\n    \t<div class=\"module-buttons-item tf_inline_b\">\n\t\t\t\t\t\t\t<a href=\"http:\/\/yasinseramik.com\/index.php\/ebat\" class=\"ui builder_button tb_default_color\" >\n\t\t\t\t\t\t\t\t\t\t\t<span class=\"tf_inline_b tf_vmiddle\">EBAT<\/span>\n\t\t\t\t\t\t\t\t\t\t\t<\/a>\n\t\t\t    \t<\/div>\n\t<\/div>\n<!-- \/module buttons -->\n\t        <\/div>\n\t    \t<\/div>\n\t\t    <\/div>\n\t    <!-- \/row_inner -->\n\t<\/div>\n\t<!-- \/module_row -->\n\t<\/div>\n<!--\/themify_builder_content-->","protected":false},"excerpt":{"rendered":"<p>DOKU RENK EBAT<\/p>\n","protected":false},"author":1,"featured_media":0,"parent":0,"menu_order":0,"comment_status":"closed","ping_status":"closed","template":"","meta":{"footnotes":""},"class_list":["post-1997","page","type-page","status-publish","hentry"],"yoast_head":"<!-- This site is optimized with the Yoast SEO plugin v18.4.1 - https:\/\/yoast.com\/wordpress\/plugins\/seo\/ -->\n<title>\u00dcr\u00fcnler - Yasin Yap\u0131<\/title>\n<meta name=\"robots\" content=\"index, follow, max-snippet:-1, max-image-preview:large, max-video-preview:-1\" \/>\n<link rel=\"canonical\" href=\"http:\/\/yasinseramik.com\/index.php\/urunler\/\" \/>\n<meta property=\"og:locale\" content=\"tr_TR\" \/>\n<meta property=\"og:type\" content=\"article\" \/>\n<meta property=\"og:title\" content=\"\u00dcr\u00fcnler - Yasin Yap\u0131\" \/>\n<meta property=\"og:description\" content=\"DOKU RENK EBAT\" \/>\n<meta property=\"og:url\" content=\"http:\/\/yasinseramik.com\/index.php\/urunler\/\" \/>\n<meta property=\"og:site_name\" content=\"Yasin Yap\u0131\" \/>\n<meta property=\"article:modified_time\" content=\"2022-04-02T14:44:10+00:00\" \/>\n<meta name=\"twitter:card\" content=\"summary_large_image\" \/>\n<script type=\"application\/ld+json\" class=\"yoast-schema-graph\">{\"@context\":\"https:\/\/schema.org\",\"@graph\":[{\"@type\":\"Organization\",\"@id\":\"http:\/\/yasinseramik.com\/#organization\",\"name\":\"Yasin Yap\u0131\",\"url\":\"http:\/\/yasinseramik.com\/\",\"sameAs\":[],\"logo\":{\"@type\":\"ImageObject\",\"@id\":\"http:\/\/yasinseramik.com\/#logo\",\"inLanguage\":\"tr\",\"url\":\"http:\/\/yasinseramik.com\/wp-content\/uploads\/2022\/03\/cropped-cropped-cropped-HH_preview_rev_1-1.png\",\"contentUrl\":\"http:\/\/yasinseramik.com\/wp-content\/uploads\/2022\/03\/cropped-cropped-cropped-HH_preview_rev_1-1.png\",\"width\":196,\"height\":228,\"caption\":\"Yasin Yap\u0131\"},\"image\":{\"@id\":\"http:\/\/yasinseramik.com\/#logo\"}},{\"@type\":\"WebSite\",\"@id\":\"http:\/\/yasinseramik.com\/#website\",\"url\":\"http:\/\/yasinseramik.com\/\",\"name\":\"Yasin Yap\u0131\",\"description\":\"Yap\u0131 Malzemeleri\",\"publisher\":{\"@id\":\"http:\/\/yasinseramik.com\/#organization\"},\"potentialAction\":[{\"@type\":\"SearchAction\",\"target\":{\"@type\":\"EntryPoint\",\"urlTemplate\":\"http:\/\/yasinseramik.com\/?s={search_term_string}\"},\"query-input\":\"required name=search_term_string\"}],\"inLanguage\":\"tr\"},{\"@type\":\"WebPage\",\"@id\":\"http:\/\/yasinseramik.com\/index.php\/urunler\/#webpage\",\"url\":\"http:\/\/yasinseramik.com\/index.php\/urunler\/\",\"name\":\"\u00dcr\u00fcnler - Yasin Yap\u0131\",\"isPartOf\":{\"@id\":\"http:\/\/yasinseramik.com\/#website\"},\"datePublished\":\"2022-03-31T13:09:52+00:00\",\"dateModified\":\"2022-04-02T14:44:10+00:00\",\"breadcrumb\":{\"@id\":\"http:\/\/yasinseramik.com\/index.php\/urunler\/#breadcrumb\"},\"inLanguage\":\"tr\",\"potentialAction\":[{\"@type\":\"ReadAction\",\"target\":[\"http:\/\/yasinseramik.com\/index.php\/urunler\/\"]}]},{\"@type\":\"BreadcrumbList\",\"@id\":\"http:\/\/yasinseramik.com\/index.php\/urunler\/#breadcrumb\",\"itemListElement\":[{\"@type\":\"ListItem\",\"position\":1,\"name\":\"Anasayfa\",\"item\":\"http:\/\/yasinseramik.com\/\"},{\"@type\":\"ListItem\",\"position\":2,\"name\":\"\u00dcr\u00fcnler\"}]}]}<\/script>\n<!-- \/ Yoast SEO plugin. -->","yoast_head_json":{"title":"\u00dcr\u00fcnler - Yasin Yap\u0131","robots":{"index":"index","follow":"follow","max-snippet":"max-snippet:-1","max-image-preview":"max-image-preview:large","max-video-preview":"max-video-preview:-1"},"canonical":"http:\/\/yasinseramik.com\/index.php\/urunler\/","og_locale":"tr_TR","og_type":"article","og_title":"\u00dcr\u00fcnler - Yasin Yap\u0131","og_description":"DOKU RENK EBAT","og_url":"http:\/\/yasinseramik.com\/index.php\/urunler\/","og_site_name":"Yasin Yap\u0131","article_modified_time":"2022-04-02T14:44:10+00:00","twitter_card":"summary_large_image","schema":{"@context":"https:\/\/schema.org","@graph":[{"@type":"Organization","@id":"http:\/\/yasinseramik.com\/#organization","name":"Yasin Yap\u0131","url":"http:\/\/yasinseramik.com\/","sameAs":[],"logo":{"@type":"ImageObject","@id":"http:\/\/yasinseramik.com\/#logo","inLanguage":"tr","url":"http:\/\/yasinseramik.com\/wp-content\/uploads\/2022\/03\/cropped-cropped-cropped-HH_preview_rev_1-1.png","contentUrl":"http:\/\/yasinseramik.com\/wp-content\/uploads\/2022\/03\/cropped-cropped-cropped-HH_preview_rev_1-1.png","width":196,"height":228,"caption":"Yasin Yap\u0131"},"image":{"@id":"http:\/\/yasinseramik.com\/#logo"}},{"@type":"WebSite","@id":"http:\/\/yasinseramik.com\/#website","url":"http:\/\/yasinseramik.com\/","name":"Yasin Yap\u0131","description":"Yap\u0131 Malzemeleri","publisher":{"@id":"http:\/\/yasinseramik.com\/#organization"},"potentialAction":[{"@type":"SearchAction","target":{"@type":"EntryPoint","urlTemplate":"http:\/\/yasinseramik.com\/?s={search_term_string}"},"query-input":"required name=search_term_string"}],"inLanguage":"tr"},{"@type":"WebPage","@id":"http:\/\/yasinseramik.com\/index.php\/urunler\/#webpage","url":"http:\/\/yasinseramik.com\/index.php\/urunler\/","name":"\u00dcr\u00fcnler - Yasin Yap\u0131","isPartOf":{"@id":"http:\/\/yasinseramik.com\/#website"},"datePublished":"2022-03-31T13:09:52+00:00","dateModified":"2022-04-02T14:44:10+00:00","breadcrumb":{"@id":"http:\/\/yasinseramik.com\/index.php\/urunler\/#breadcrumb"},"inLanguage":"tr","potentialAction":[{"@type":"ReadAction","target":["http:\/\/yasinseramik.com\/index.php\/urunler\/"]}]},{"@type":"BreadcrumbList","@id":"http:\/\/yasinseramik.com\/index.php\/urunler\/#breadcrumb","itemListElement":[{"@type":"ListItem","position":1,"name":"Anasayfa","item":"http:\/\/yasinseramik.com\/"},{"@type":"ListItem","position":2,"name":"\u00dcr\u00fcnler"}]}]}},"builder_content":"<a href=\"http:\/\/yasinseramik.com\/index.php\/doku\/\" > DOKU <\/a>\n<a href=\"http:\/\/yasinseramik.com\/index.php\/renk\" > RENK <\/a>\n<a href=\"http:\/\/yasinseramik.com\/index.php\/ebat\" > EBAT <\/a>","_links":{"self":[{"href":"http:\/\/yasinseramik.com\/index.php\/wp-json\/wp\/v2\/pages\/1997","targetHints":{"allow":["GET"]}}],"collection":[{"href":"http:\/\/yasinseramik.com\/index.php\/wp-json\/wp\/v2\/pages"}],"about":[{"href":"http:\/\/yasinseramik.com\/index.php\/wp-json\/wp\/v2\/types\/page"}],"author":[{"embeddable":true,"href":"http:\/\/yasinseramik.com\/index.php\/wp-json\/wp\/v2\/users\/1"}],"replies":[{"embeddable":true,"href":"http:\/\/yasinseramik.com\/index.php\/wp-json\/wp\/v2\/comments?post=1997"}],"version-history":[{"count":7,"href":"http:\/\/yasinseramik.com\/index.php\/wp-json\/wp\/v2\/pages\/1997\/revisions"}],"predecessor-version":[{"id":3431,"href":"http:\/\/yasinseramik.com\/index.php\/wp-json\/wp\/v2\/pages\/1997\/revisions\/3431"}],"wp:attachment":[{"href":"http:\/\/yasinseramik.com\/index.php\/wp-json\/wp\/v2\/media?parent=1997"}],"curies":[{"name":"wp","href":"https:\/\/api.w.org\/{rel}","templated":true}]}}