{"id":124,"date":"2022-03-18T18:13:21","date_gmt":"2022-03-18T15:13:21","guid":{"rendered":"http:\/\/localhost\/wordpress\/?page_id=63"},"modified":"2022-04-05T13:19:56","modified_gmt":"2022-04-05T10:19:56","slug":"konseptler","status":"publish","type":"page","link":"http:\/\/yasinseramik.com\/index.php\/konseptler\/","title":{"rendered":"Konseptler"},"content":{"rendered":"<!--themify_builder_content-->\n<div id=\"themify_builder_content-124\" data-postid=\"124\" class=\"themify_builder_content themify_builder_content-124 themify_builder tf_clear\">\n    \t<!-- module_row -->\n\t<div  data-lazy=\"1\" class=\"module_row themify_builder_row repeat tb_uzem912 tb_first tf_clearfix\" >\n\t    \t\t<div class=\"row_inner col_align_top col-count-1 tf_box tf_w tf_rel\">\n\t\t\t<div  data-lazy=\"1\" class=\"module_column tb-column col-full first tb_354f913 tf_box\">\n\t\t\t    \t        <div class=\"tb-column-inner tf_box tf_w\">\n\t\t    <!-- module text -->\n<div  class=\"module module-text tb_k54k913  repeat \" data-lazy=\"1\">\n        <div  class=\"tb_text_wrap\">\n    <h2>Konseptlerimiz<\/h2>    <\/div>\n<\/div>\n<!-- \/module text -->\t<div  data-lazy=\"1\" class=\"module_subrow themify_builder_sub_row tb_bvh6913 tf_w tf_clearfix\">\n\t    \t\t<div class=\"subrow_inner col_align_top gutter-narrow col-count-4 tf_box tf_w\"  data-basecol=\"4\" data-col_mobile=\"column4-2\">\n\t\t\t<div  data-lazy=\"1\" class=\"sub_column module_column tf_box col4-1 first tb_8f28914\"> \n\t    \t    \t        <div class=\"tb-column-inner tf_box tf_w\">\n\t\t    <!-- module image -->\n<div  class=\"module module-image tb_gaie914   image-overlay tf_mw\" data-lazy=\"1\">\n        <div class=\"image-wrap tf_rel tf_mw\">\n\t\t    <a href=\"http:\/\/yasinseramik.com\/index.php\/konsept-5\"\n\t       \t       >\n\t\t   \t\t<img loading=\"lazy\" decoding=\"async\" src=\"http:\/\/yasinseramik.com\/wp-content\/uploads\/2022\/03\/5-768x1024-290x290.jpeg\" width=\"290\" height=\"290\" class=\"wp-post-image wp-image-1455\" title=\"KONSEPT 1\" alt=\"KONSEPT 1\" srcset=\"http:\/\/yasinseramik.com\/wp-content\/uploads\/2022\/03\/5-768x1024-290x290.jpeg 290w, http:\/\/yasinseramik.com\/wp-content\/uploads\/2022\/03\/5-150x150.jpeg 150w\" sizes=\"auto, (max-width: 290px) 100vw, 290px\" \/>\t    <\/a>\n\t\n\t\n    \t<div class=\"image-content\">\n\t    \t\t\t<h3 class=\"image-title\">\n\t\t\t\t\t\t\t\t\t<a href=\"http:\/\/yasinseramik.com\/index.php\/konsept-5\" \n\t\t\t\t\t   \t\t\t\t\t   >\n\t\t\t\t\t\t   KONSEPT 1\t\t\t\t\t<\/a>\n\t\t\t\t\t\t\t<\/h3>\n\t    \n\t    \t<\/div>\n\t<!-- \/image-content -->\n    \t\t\t<\/div>\n\t\t<!-- \/image-wrap -->\n\t<\/div>\n<!-- \/module image -->\t        <\/div>\n\t    \t<\/div>\n\t\t<div  data-lazy=\"1\" class=\"sub_column module_column tf_box col4-1 second tb_cxm3915\"> \n\t    \t    \t        <div class=\"tb-column-inner tf_box tf_w\">\n\t\t    <!-- module image -->\n<div  class=\"module module-image tb_k7k3915   image-overlay tf_mw\" data-lazy=\"1\">\n        <div class=\"image-wrap tf_rel tf_mw\">\n\t\t    <a href=\"http:\/\/yasinseramik.com\/index.php\/konsept-2\"\n\t       \t       >\n\t\t   \t\t<img loading=\"lazy\" decoding=\"async\" src=\"http:\/\/yasinseramik.com\/wp-content\/uploads\/2022\/03\/2-769x1024-290x290.jpeg\" width=\"290\" height=\"290\" class=\"wp-post-image wp-image-1452\" title=\"KONSEPT 2\" alt=\"KONSEPT 2\" srcset=\"http:\/\/yasinseramik.com\/wp-content\/uploads\/2022\/03\/2-769x1024-290x290.jpeg 290w, http:\/\/yasinseramik.com\/wp-content\/uploads\/2022\/03\/2-150x150.jpeg 150w\" sizes=\"auto, (max-width: 290px) 100vw, 290px\" \/>\t    <\/a>\n\t\n\t\n    \t<div class=\"image-content\">\n\t    \t\t\t<h3 class=\"image-title\">\n\t\t\t\t\t\t\t\t\t<a href=\"http:\/\/yasinseramik.com\/index.php\/konsept-2\" \n\t\t\t\t\t   \t\t\t\t\t   >\n\t\t\t\t\t\t   KONSEPT 2\t\t\t\t\t<\/a>\n\t\t\t\t\t\t\t<\/h3>\n\t    \n\t    \t<\/div>\n\t<!-- \/image-content -->\n    \t\t\t<\/div>\n\t\t<!-- \/image-wrap -->\n\t<\/div>\n<!-- \/module image -->\t        <\/div>\n\t    \t<\/div>\n\t\t<div  data-lazy=\"1\" class=\"sub_column module_column tf_box col4-1 third tb_l6r2915\"> \n\t    \t    \t        <div class=\"tb-column-inner tf_box tf_w\">\n\t\t    <!-- module image -->\n<div  class=\"module module-image tb_x101915   image-overlay tf_mw\" data-lazy=\"1\">\n        <div class=\"image-wrap tf_rel tf_mw\">\n\t\t    <a href=\"http:\/\/yasinseramik.com\/index.php\/konsept-7\"\n\t       \t       >\n\t\t   \t\t<img loading=\"lazy\" decoding=\"async\" src=\"http:\/\/yasinseramik.com\/wp-content\/uploads\/2022\/03\/7-768x1024-290x290.jpeg\" width=\"290\" height=\"290\" class=\"wp-post-image wp-image-1458\" title=\"KONSEPT 3\" alt=\"KONSEPT 3\" srcset=\"http:\/\/yasinseramik.com\/wp-content\/uploads\/2022\/03\/7-768x1024-290x290.jpeg 290w, http:\/\/yasinseramik.com\/wp-content\/uploads\/2022\/03\/7-150x150.jpeg 150w\" sizes=\"auto, (max-width: 290px) 100vw, 290px\" \/>\t    <\/a>\n\t\n\t\n    \t<div class=\"image-content\">\n\t    \t\t\t<h3 class=\"image-title\">\n\t\t\t\t\t\t\t\t\t<a href=\"http:\/\/yasinseramik.com\/index.php\/konsept-7\" \n\t\t\t\t\t   \t\t\t\t\t   >\n\t\t\t\t\t\t   KONSEPT 3\t\t\t\t\t<\/a>\n\t\t\t\t\t\t\t<\/h3>\n\t    \n\t    \t<\/div>\n\t<!-- \/image-content -->\n    \t\t\t<\/div>\n\t\t<!-- \/image-wrap -->\n\t<\/div>\n<!-- \/module image -->\t        <\/div>\n\t    \t<\/div>\n\t\t<div  data-lazy=\"1\" class=\"sub_column module_column tf_box col4-1 last tb_mn15915\"> \n\t    \t    \t        <div class=\"tb-column-inner tf_box tf_w\">\n\t\t    <!-- module image -->\n<div  class=\"module module-image tb_5oxz915   image-overlay tf_mw\" data-lazy=\"1\">\n        <div class=\"image-wrap tf_rel tf_mw\">\n\t\t    <a href=\"http:\/\/yasinseramik.com\/index.php\/konsept-4\"\n\t       \t       >\n\t\t   \t\t<img loading=\"lazy\" decoding=\"async\" src=\"http:\/\/yasinseramik.com\/wp-content\/uploads\/2022\/03\/4-768x1024-290x290.jpeg\" width=\"290\" height=\"290\" class=\"wp-post-image wp-image-1454\" title=\"KONSEPT 4\" alt=\"KONSEPT 4\" srcset=\"http:\/\/yasinseramik.com\/wp-content\/uploads\/2022\/03\/4-768x1024-290x290.jpeg 290w, http:\/\/yasinseramik.com\/wp-content\/uploads\/2022\/03\/4-150x150.jpeg 150w\" sizes=\"auto, (max-width: 290px) 100vw, 290px\" \/>\t    <\/a>\n\t\n\t\n    \t<div class=\"image-content\">\n\t    \t\t\t<h3 class=\"image-title\">\n\t\t\t\t\t\t\t\t\t<a href=\"http:\/\/yasinseramik.com\/index.php\/konsept-4\" \n\t\t\t\t\t   \t\t\t\t\t   >\n\t\t\t\t\t\t   KONSEPT 4\t\t\t\t\t<\/a>\n\t\t\t\t\t\t\t<\/h3>\n\t    \n\t    \t<\/div>\n\t<!-- \/image-content -->\n    \t\t\t<\/div>\n\t\t<!-- \/image-wrap -->\n\t<\/div>\n<!-- \/module image -->\t        <\/div>\n\t    \t<\/div>\n\t\t    <\/div>\n\t<\/div><!-- \/themify_builder_sub_row -->\n\t\t<div  data-lazy=\"1\" class=\"module_subrow themify_builder_sub_row tb_6nn1916 tf_w tf_clearfix\">\n\t    \t\t<div class=\"subrow_inner col_align_top gutter-narrow col-count-4 tf_box tf_w\"  data-basecol=\"4\" data-col_mobile=\"column4-2\">\n\t\t\t<div  data-lazy=\"1\" class=\"sub_column module_column tf_box col4-1 first tb_2tz5916\"> \n\t    \t    \t<\/div>\n\t\t<div  data-lazy=\"1\" class=\"sub_column module_column tf_box col4-1 second tb_n79b916\"> \n\t    \t    \t<\/div>\n\t\t<div  data-lazy=\"1\" class=\"sub_column module_column tf_box col4-1 third tb_7obf916\"> \n\t    \t    \t<\/div>\n\t\t<div  data-lazy=\"1\" class=\"sub_column module_column tf_box col4-1 last tb_qxrl917\"> \n\t    \t    \t<\/div>\n\t\t    <\/div>\n\t<\/div><!-- \/themify_builder_sub_row -->\n\t\t        <\/div>\n\t    \t<\/div>\n\t\t    <\/div>\n\t    <!-- \/row_inner -->\n\t<\/div>\n\t<!-- \/module_row -->\n\t\t<!-- module_row -->\n\t<div  data-css_id=\"iysj197\" data-lazy=\"1\" class=\"module_row themify_builder_row fullwidth tb_iysj197 tf_clearfix\" >\n\t    \t\t<div class=\"row_inner col_align_top col-count-1 tf_box tf_w tf_rel\">\n\t\t\t<div  data-lazy=\"1\" class=\"module_column tb-column col-full first tb_3vhx197 tf_box\">\n\t\t\t    \t<\/div>\n\t\t    <\/div>\n\t    <!-- \/row_inner -->\n\t<\/div>\n\t<!-- \/module_row -->\n\t\t<!-- module_row -->\n\t<div  data-css_id=\"2ss1483\" data-lazy=\"1\" class=\"module_row themify_builder_row repeat fullwidth tb_2ss1483 tf_clearfix\" >\n\t    \t\t<div class=\"row_inner col_align_middle gutter-none col-count-1 tf_box tf_w tf_rel\"  data-basecol=\"1\" data-col_tablet=\"tablet-full\">\n\t\t\t<div  data-lazy=\"1\" class=\"module_column tb-column col-full first tb_dhuf483 repeat tf_box\">\n\t\t\t    \t        <div class=\"tb-column-inner tf_box tf_w\">\n\t\t    <!-- module text -->\n<div  class=\"module module-text tb_ecvw484   \" data-lazy=\"1\">\n        <div  class=\"tb_text_wrap\">\n    <h3><img loading=\"lazy\" decoding=\"async\" class=\"alignnone size-medium wp-image-1633\" src=\"http:\/\/yasinseramik.com\/wp-content\/uploads\/2022\/03\/cropped-cropped-HH_preview_rev_1-1-300x101.png\" alt=\"\" width=\"300\" height=\"101\" srcset=\"http:\/\/yasinseramik.com\/wp-content\/uploads\/2022\/03\/cropped-cropped-HH_preview_rev_1-1-300x101.png 300w, http:\/\/yasinseramik.com\/wp-content\/uploads\/2022\/03\/cropped-cropped-HH_preview_rev_1-1-768x258.png 768w, http:\/\/yasinseramik.com\/wp-content\/uploads\/2022\/03\/cropped-cropped-HH_preview_rev_1-1.png 800w\" sizes=\"auto, (max-width: 300px) 100vw, 300px\" \/><\/h3>    <\/div>\n<\/div>\n<!-- \/module text --><!-- module icon -->\n<div  class=\"module module-icon tb_sxg2484  large none icon_horizontal tf_textc\" data-lazy=\"1\">\n    \t    <div class=\"module-icon-item tf_inline_b\">\n\t\t\t\t\t\t\t<a href=\"https:\/\/www.facebook.com\/yasinseramik\/\">\n\t\t\t\t\t\t\t\t\t\t\t\t\t\t\t\t\t<em class=\"ui tf_vmiddle tf_textc tf_box \"><svg  aria-hidden=\"true\" class=\"tf_fa tf-ti-facebook\"><use href=\"#tf-ti-facebook\"><\/use><\/svg><\/em>\n\t\t\t\t\t\t\t\t\t\t\t\t\t\t\t\t\t\t\t<\/a>\n\t\t\t\t    <\/div>\n\t\t    <div class=\"module-icon-item tf_inline_b\">\n\t\t\t\t\t\t\t<a href=\" https:\/\/www.instagram.com\/yasin_yapi\/\">\n\t\t\t\t\t\t\t\t\t\t\t\t\t\t\t\t\t<em class=\"ui tf_vmiddle tf_textc tf_box \"><svg  aria-hidden=\"true\" class=\"tf_fa tf-ti-instagram\"><use href=\"#tf-ti-instagram\"><\/use><\/svg><\/em>\n\t\t\t\t\t\t\t\t\t\t\t\t\t\t\t\t\t\t\t<\/a>\n\t\t\t\t    <\/div>\n\t<\/div>\n<!-- \/module icon -->\n\t<div  data-lazy=\"1\" class=\"module_subrow themify_builder_sub_row repeat tb_gqo9484 tf_w tf_clearfix\">\n\t    \t\t<div class=\"subrow_inner col_align_top gutter-none col-count-4 tf_box tf_w\">\n\t\t\t<div  data-lazy=\"1\" class=\"sub_column module_column tf_box col4-1 first tb_aoc8484\"> \n\t    \t    \t<\/div>\n\t\t<div  style=\"width: 41.02%\" data-lazy=\"1\" class=\"sub_column module_column tf_box col4-1 second tb_vdxy484\"> \n\t    \t    \t        <div class=\"tb-column-inner tf_box tf_w\">\n\t\t    <!-- module text -->\n<div  class=\"module module-text tb_3048484   \" data-lazy=\"1\">\n        <div  class=\"tb_text_wrap\">\n    <div class=\"copyright col-sm-6 col-xs-12 text-left\">\n<p style=\"text-align: right;\">Yasin Yap\u0131 \u00a9 2022 B\u00fct\u00fcn Haklar\u0131 Sakl\u0131d\u0131r..<\/p>\n<\/div>    <\/div>\n<\/div>\n<!-- \/module text -->\t        <\/div>\n\t    \t<\/div>\n\t\t<div  style=\"width: 8.98%\" data-lazy=\"1\" class=\"sub_column module_column tf_box col4-1 third tb_94h2484\" > \n\t    \t    \t<\/div>\n\t\t<div  data-lazy=\"1\" class=\"sub_column module_column tf_box col4-1 last tb_w1if484\"> \n\t    \t    \t<\/div>\n\t\t    <\/div>\n\t<\/div><!-- \/themify_builder_sub_row -->\n\t\t        <\/div>\n\t    \t<\/div>\n\t\t    <\/div>\n\t    <!-- \/row_inner -->\n\t<\/div>\n\t<!-- \/module_row -->\n\t<\/div>\n<!--\/themify_builder_content-->","protected":false},"excerpt":{"rendered":"<p>Konseptlerimiz KONSEPT 1 KONSEPT 2 KONSEPT 3 KONSEPT 4 Yasin Yap\u0131 \u00a9 2022 B\u00fct\u00fcn Haklar\u0131 Sakl\u0131d\u0131r..<\/p>\n","protected":false},"author":1,"featured_media":0,"parent":0,"menu_order":0,"comment_status":"closed","ping_status":"closed","template":"","meta":{"footnotes":""},"class_list":["post-124","page","type-page","status-publish","hentry"],"yoast_head":"<!-- This site is optimized with the Yoast SEO plugin v18.4.1 - https:\/\/yoast.com\/wordpress\/plugins\/seo\/ -->\n<title>Konseptler - Yasin Yap\u0131<\/title>\n<meta name=\"robots\" content=\"index, follow, max-snippet:-1, max-image-preview:large, max-video-preview:-1\" \/>\n<link rel=\"canonical\" href=\"http:\/\/yasinseramik.com\/index.php\/konseptler\/\" \/>\n<meta property=\"og:locale\" content=\"tr_TR\" \/>\n<meta property=\"og:type\" content=\"article\" \/>\n<meta property=\"og:title\" content=\"Konseptler - Yasin Yap\u0131\" \/>\n<meta property=\"og:description\" content=\"Konseptlerimiz KONSEPT 1 KONSEPT 2 KONSEPT 3 KONSEPT 4 Yasin Yap\u0131 \u00a9 2022 B\u00fct\u00fcn Haklar\u0131 Sakl\u0131d\u0131r..\" \/>\n<meta property=\"og:url\" content=\"http:\/\/yasinseramik.com\/index.php\/konseptler\/\" \/>\n<meta property=\"og:site_name\" content=\"Yasin Yap\u0131\" \/>\n<meta property=\"article:modified_time\" content=\"2022-04-05T10:19:56+00:00\" \/>\n<meta property=\"og:image\" content=\"http:\/\/yasinseramik.com\/wp-content\/uploads\/2022\/03\/1-290x290.jpg\" \/>\n<meta name=\"twitter:card\" content=\"summary_large_image\" \/>\n<script type=\"application\/ld+json\" class=\"yoast-schema-graph\">{\"@context\":\"https:\/\/schema.org\",\"@graph\":[{\"@type\":\"Organization\",\"@id\":\"http:\/\/yasinseramik.com\/#organization\",\"name\":\"Yasin Yap\u0131\",\"url\":\"http:\/\/yasinseramik.com\/\",\"sameAs\":[],\"logo\":{\"@type\":\"ImageObject\",\"@id\":\"http:\/\/yasinseramik.com\/#logo\",\"inLanguage\":\"tr\",\"url\":\"http:\/\/yasinseramik.com\/wp-content\/uploads\/2022\/03\/cropped-cropped-cropped-HH_preview_rev_1-1.png\",\"contentUrl\":\"http:\/\/yasinseramik.com\/wp-content\/uploads\/2022\/03\/cropped-cropped-cropped-HH_preview_rev_1-1.png\",\"width\":196,\"height\":228,\"caption\":\"Yasin Yap\u0131\"},\"image\":{\"@id\":\"http:\/\/yasinseramik.com\/#logo\"}},{\"@type\":\"WebSite\",\"@id\":\"http:\/\/yasinseramik.com\/#website\",\"url\":\"http:\/\/yasinseramik.com\/\",\"name\":\"Yasin Yap\u0131\",\"description\":\"Yap\u0131 Malzemeleri\",\"publisher\":{\"@id\":\"http:\/\/yasinseramik.com\/#organization\"},\"potentialAction\":[{\"@type\":\"SearchAction\",\"target\":{\"@type\":\"EntryPoint\",\"urlTemplate\":\"http:\/\/yasinseramik.com\/?s={search_term_string}\"},\"query-input\":\"required name=search_term_string\"}],\"inLanguage\":\"tr\"},{\"@type\":\"ImageObject\",\"@id\":\"http:\/\/yasinseramik.com\/index.php\/konseptler\/#primaryimage\",\"inLanguage\":\"tr\",\"url\":\"http:\/\/yasinseramik.com\/wp-content\/uploads\/2022\/03\/5-768x1024-290x290.jpeg\",\"contentUrl\":\"http:\/\/yasinseramik.com\/wp-content\/uploads\/2022\/03\/5-768x1024-290x290.jpeg\"},{\"@type\":\"WebPage\",\"@id\":\"http:\/\/yasinseramik.com\/index.php\/konseptler\/#webpage\",\"url\":\"http:\/\/yasinseramik.com\/index.php\/konseptler\/\",\"name\":\"Konseptler - Yasin Yap\u0131\",\"isPartOf\":{\"@id\":\"http:\/\/yasinseramik.com\/#website\"},\"primaryImageOfPage\":{\"@id\":\"http:\/\/yasinseramik.com\/index.php\/konseptler\/#primaryimage\"},\"datePublished\":\"2022-03-18T15:13:21+00:00\",\"dateModified\":\"2022-04-05T10:19:56+00:00\",\"breadcrumb\":{\"@id\":\"http:\/\/yasinseramik.com\/index.php\/konseptler\/#breadcrumb\"},\"inLanguage\":\"tr\",\"potentialAction\":[{\"@type\":\"ReadAction\",\"target\":[\"http:\/\/yasinseramik.com\/index.php\/konseptler\/\"]}]},{\"@type\":\"BreadcrumbList\",\"@id\":\"http:\/\/yasinseramik.com\/index.php\/konseptler\/#breadcrumb\",\"itemListElement\":[{\"@type\":\"ListItem\",\"position\":1,\"name\":\"Anasayfa\",\"item\":\"http:\/\/yasinseramik.com\/\"},{\"@type\":\"ListItem\",\"position\":2,\"name\":\"Konseptler\"}]}]}<\/script>\n<!-- \/ Yoast SEO plugin. -->","yoast_head_json":{"title":"Konseptler - Yasin Yap\u0131","robots":{"index":"index","follow":"follow","max-snippet":"max-snippet:-1","max-image-preview":"max-image-preview:large","max-video-preview":"max-video-preview:-1"},"canonical":"http:\/\/yasinseramik.com\/index.php\/konseptler\/","og_locale":"tr_TR","og_type":"article","og_title":"Konseptler - Yasin Yap\u0131","og_description":"Konseptlerimiz KONSEPT 1 KONSEPT 2 KONSEPT 3 KONSEPT 4 Yasin Yap\u0131 \u00a9 2022 B\u00fct\u00fcn Haklar\u0131 Sakl\u0131d\u0131r..","og_url":"http:\/\/yasinseramik.com\/index.php\/konseptler\/","og_site_name":"Yasin Yap\u0131","article_modified_time":"2022-04-05T10:19:56+00:00","og_image":[{"url":"http:\/\/yasinseramik.com\/wp-content\/uploads\/2022\/03\/1-290x290.jpg"}],"twitter_card":"summary_large_image","schema":{"@context":"https:\/\/schema.org","@graph":[{"@type":"Organization","@id":"http:\/\/yasinseramik.com\/#organization","name":"Yasin Yap\u0131","url":"http:\/\/yasinseramik.com\/","sameAs":[],"logo":{"@type":"ImageObject","@id":"http:\/\/yasinseramik.com\/#logo","inLanguage":"tr","url":"http:\/\/yasinseramik.com\/wp-content\/uploads\/2022\/03\/cropped-cropped-cropped-HH_preview_rev_1-1.png","contentUrl":"http:\/\/yasinseramik.com\/wp-content\/uploads\/2022\/03\/cropped-cropped-cropped-HH_preview_rev_1-1.png","width":196,"height":228,"caption":"Yasin Yap\u0131"},"image":{"@id":"http:\/\/yasinseramik.com\/#logo"}},{"@type":"WebSite","@id":"http:\/\/yasinseramik.com\/#website","url":"http:\/\/yasinseramik.com\/","name":"Yasin Yap\u0131","description":"Yap\u0131 Malzemeleri","publisher":{"@id":"http:\/\/yasinseramik.com\/#organization"},"potentialAction":[{"@type":"SearchAction","target":{"@type":"EntryPoint","urlTemplate":"http:\/\/yasinseramik.com\/?s={search_term_string}"},"query-input":"required name=search_term_string"}],"inLanguage":"tr"},{"@type":"ImageObject","@id":"http:\/\/yasinseramik.com\/index.php\/konseptler\/#primaryimage","inLanguage":"tr","url":"http:\/\/yasinseramik.com\/wp-content\/uploads\/2022\/03\/5-768x1024-290x290.jpeg","contentUrl":"http:\/\/yasinseramik.com\/wp-content\/uploads\/2022\/03\/5-768x1024-290x290.jpeg"},{"@type":"WebPage","@id":"http:\/\/yasinseramik.com\/index.php\/konseptler\/#webpage","url":"http:\/\/yasinseramik.com\/index.php\/konseptler\/","name":"Konseptler - Yasin Yap\u0131","isPartOf":{"@id":"http:\/\/yasinseramik.com\/#website"},"primaryImageOfPage":{"@id":"http:\/\/yasinseramik.com\/index.php\/konseptler\/#primaryimage"},"datePublished":"2022-03-18T15:13:21+00:00","dateModified":"2022-04-05T10:19:56+00:00","breadcrumb":{"@id":"http:\/\/yasinseramik.com\/index.php\/konseptler\/#breadcrumb"},"inLanguage":"tr","potentialAction":[{"@type":"ReadAction","target":["http:\/\/yasinseramik.com\/index.php\/konseptler\/"]}]},{"@type":"BreadcrumbList","@id":"http:\/\/yasinseramik.com\/index.php\/konseptler\/#breadcrumb","itemListElement":[{"@type":"ListItem","position":1,"name":"Anasayfa","item":"http:\/\/yasinseramik.com\/"},{"@type":"ListItem","position":2,"name":"Konseptler"}]}]}},"builder_content":"<h2>Konseptlerimiz<\/h2>\n<a href=\"http:\/\/yasinseramik.com\/index.php\/konsept-5\" > <img loading=\"lazy\" decoding=\"async\" src=\"http:\/\/yasinseramik.com\/wp-content\/uploads\/2022\/03\/5-768x1024-290x290.jpeg\" width=\"290\" height=\"290\" title=\"KONSEPT 1\" alt=\"KONSEPT 1\" srcset=\"http:\/\/yasinseramik.com\/wp-content\/uploads\/2022\/03\/5-768x1024-290x290.jpeg 290w, http:\/\/yasinseramik.com\/wp-content\/uploads\/2022\/03\/5-150x150.jpeg 150w\" sizes=\"auto, (max-width: 290px) 100vw, 290px\" \/> <\/a> <h3> <a href=\"http:\/\/yasinseramik.com\/index.php\/konsept-5\" > KONSEPT 1 <\/a> <\/h3>\n<a href=\"http:\/\/yasinseramik.com\/index.php\/konsept-2\" > <img loading=\"lazy\" decoding=\"async\" src=\"http:\/\/yasinseramik.com\/wp-content\/uploads\/2022\/03\/2-769x1024-290x290.jpeg\" width=\"290\" height=\"290\" title=\"KONSEPT 2\" alt=\"KONSEPT 2\" srcset=\"http:\/\/yasinseramik.com\/wp-content\/uploads\/2022\/03\/2-769x1024-290x290.jpeg 290w, http:\/\/yasinseramik.com\/wp-content\/uploads\/2022\/03\/2-150x150.jpeg 150w\" sizes=\"auto, (max-width: 290px) 100vw, 290px\" \/> <\/a> <h3> <a href=\"http:\/\/yasinseramik.com\/index.php\/konsept-2\" > KONSEPT 2 <\/a> <\/h3>\n<a href=\"http:\/\/yasinseramik.com\/index.php\/konsept-7\" > <img loading=\"lazy\" decoding=\"async\" src=\"http:\/\/yasinseramik.com\/wp-content\/uploads\/2022\/03\/7-768x1024-290x290.jpeg\" width=\"290\" height=\"290\" title=\"KONSEPT 3\" alt=\"KONSEPT 3\" srcset=\"http:\/\/yasinseramik.com\/wp-content\/uploads\/2022\/03\/7-768x1024-290x290.jpeg 290w, http:\/\/yasinseramik.com\/wp-content\/uploads\/2022\/03\/7-150x150.jpeg 150w\" sizes=\"auto, (max-width: 290px) 100vw, 290px\" \/> <\/a> <h3> <a href=\"http:\/\/yasinseramik.com\/index.php\/konsept-7\" > KONSEPT 3 <\/a> <\/h3>\n<a href=\"http:\/\/yasinseramik.com\/index.php\/konsept-4\" > <img loading=\"lazy\" decoding=\"async\" src=\"http:\/\/yasinseramik.com\/wp-content\/uploads\/2022\/03\/4-768x1024-290x290.jpeg\" width=\"290\" height=\"290\" title=\"KONSEPT 4\" alt=\"KONSEPT 4\" srcset=\"http:\/\/yasinseramik.com\/wp-content\/uploads\/2022\/03\/4-768x1024-290x290.jpeg 290w, http:\/\/yasinseramik.com\/wp-content\/uploads\/2022\/03\/4-150x150.jpeg 150w\" sizes=\"auto, (max-width: 290px) 100vw, 290px\" \/> <\/a> <h3> <a href=\"http:\/\/yasinseramik.com\/index.php\/konsept-4\" > KONSEPT 4 <\/a> <\/h3>\n<h3><img loading=\"lazy\" decoding=\"async\" src=\"http:\/\/yasinseramik.com\/wp-content\/uploads\/2022\/03\/cropped-cropped-HH_preview_rev_1-1-300x101.png\" alt=\"\" width=\"300\" height=\"101\" srcset=\"http:\/\/yasinseramik.com\/wp-content\/uploads\/2022\/03\/cropped-cropped-HH_preview_rev_1-1-300x101.png 300w, http:\/\/yasinseramik.com\/wp-content\/uploads\/2022\/03\/cropped-cropped-HH_preview_rev_1-1-768x258.png 768w, http:\/\/yasinseramik.com\/wp-content\/uploads\/2022\/03\/cropped-cropped-HH_preview_rev_1-1.png 800w\" sizes=\"auto, (max-width: 300px) 100vw, 300px\" \/><\/h3>\n<a href=\"https:\/\/www.facebook.com\/yasinseramik\/\"> <em><svg aria-hidden=\"true\"><use href=\"#tf-ti-facebook\"><\/use><\/svg><\/em> <\/a> <a href=\" https:\/\/www.instagram.com\/yasin_yapi\/\"> <em><svg aria-hidden=\"true\"><use href=\"#tf-ti-instagram\"><\/use><\/svg><\/em> <\/a>\n<p style=\"text-align: right;\">Yasin Yap\u0131 \u00a9 2022 B\u00fct\u00fcn Haklar\u0131 Sakl\u0131d\u0131r..<\/p>","_links":{"self":[{"href":"http:\/\/yasinseramik.com\/index.php\/wp-json\/wp\/v2\/pages\/124","targetHints":{"allow":["GET"]}}],"collection":[{"href":"http:\/\/yasinseramik.com\/index.php\/wp-json\/wp\/v2\/pages"}],"about":[{"href":"http:\/\/yasinseramik.com\/index.php\/wp-json\/wp\/v2\/types\/page"}],"author":[{"embeddable":true,"href":"http:\/\/yasinseramik.com\/index.php\/wp-json\/wp\/v2\/users\/1"}],"replies":[{"embeddable":true,"href":"http:\/\/yasinseramik.com\/index.php\/wp-json\/wp\/v2\/comments?post=124"}],"version-history":[{"count":13,"href":"http:\/\/yasinseramik.com\/index.php\/wp-json\/wp\/v2\/pages\/124\/revisions"}],"predecessor-version":[{"id":3847,"href":"http:\/\/yasinseramik.com\/index.php\/wp-json\/wp\/v2\/pages\/124\/revisions\/3847"}],"wp:attachment":[{"href":"http:\/\/yasinseramik.com\/index.php\/wp-json\/wp\/v2\/media?parent=124"}],"curies":[{"name":"wp","href":"https:\/\/api.w.org\/{rel}","templated":true}]}}