{"id":123,"date":"2022-03-18T18:13:21","date_gmt":"2022-03-18T15:13:21","guid":{"rendered":"http:\/\/localhost\/wordpress\/?page_id=62"},"modified":"2022-04-18T15:53:50","modified_gmt":"2022-04-18T12:53:50","slug":"hakkinda","status":"publish","type":"page","link":"http:\/\/yasinseramik.com\/index.php\/hakkinda\/","title":{"rendered":"Hakk\u0131nda"},"content":{"rendered":"<div data-colibri-id=\"123-c1\" class=\"style-334 style-local-123-c1 position-relative\">\n  <!---->\n  <div data-colibri-component=\"section\" data-colibri-id=\"123-c2\" id=\"about\" class=\"h-section h-section-global-spacing d-flex align-items-lg-center align-items-md-center align-items-center style-346 style-local-123-c2 position-relative\">\n    <!---->\n    <!---->\n    <div class=\"h-section-grid-container h-section-boxed-container\">\n      <!---->\n      <div data-colibri-id=\"123-c3\" class=\"h-row-container gutters-row-lg-0 gutters-row-md-0 gutters-row-0 gutters-row-v-lg-0 gutters-row-v-md-0 gutters-row-v-0 style-347 style-local-123-c3 position-relative\">\n        <!---->\n        <div class=\"h-row justify-content-lg-center justify-content-md-center justify-content-center align-items-lg-stretch align-items-md-stretch align-items-stretch gutters-col-lg-0 gutters-col-md-0 gutters-col-0 gutters-col-v-lg-0 gutters-col-v-md-0 gutters-col-v-0\">\n          <!---->\n          <div class=\"h-column h-column-container d-flex h-col-lg-auto h-col-md-auto h-col-auto style-348-outer style-local-123-c4-outer\">\n            <div data-colibri-id=\"123-c4\" class=\"d-flex h-flex-basis h-column__inner h-px-lg-0 h-px-md-0 h-px-0 v-inner-lg-0 v-inner-md-0 v-inner-0 style-348 style-local-123-c4 position-relative\">\n              <!---->\n              <!---->\n              <div class=\"w-100 h-y-container h-column__content h-column__v-align flex-basis-100 align-self-lg-start align-self-md-start align-self-start\">\n                <!---->\n                <div data-colibri-id=\"123-c5\" class=\"h-global-transition-all h-heading style-349 style-local-123-c5 position-relative h-element\">\n                  <!---->\n                  <div class=\"h-heading__outer style-349 style-local-123-c5\">\n                    <!---->\n                    <!---->\n                    <h5 class=\"\">Hakk\u0131m\u0131zda<\/h5>\n                  <\/div>\n                <\/div>\n                <div data-colibri-id=\"123-c6\" class=\"h-global-transition-all h-heading style-350 style-local-123-c6 position-relative h-element\">\n                  <!---->\n                  <div class=\"h-heading__outer style-350 style-local-123-c6\">\n                    <!---->\n                    <!---->\n                    <h1 class=\"\">Biz B\u00fcy\u00fck Bir Aileyiz<\/h1>\n                  <\/div>\n                <\/div>\n                <div data-colibri-id=\"123-c7\" class=\"h-text h-text-component style-351 style-local-123-c7 position-relative h-element\">\n                  <!---->\n                  <!---->\n                  <div class=\"\">\n                    <p>Lorem ipsum dolor sit amet, consectetur adipisicing elit, sed do eiusmod tempor incididunt ut labore et dolore magna aliqua. Ut enim ad minim veniam, quis nostrud exercitation ullamco laboris nisi ut aliquip.<\/p>\n                  <\/div>\n                <\/div>\n              <\/div>\n            <\/div>\n          <\/div>\n          <div class=\"h-column h-column-container d-flex h-col-lg-auto h-col-md-auto h-col-auto style-352-outer style-local-123-c8-outer\">\n            <div data-colibri-id=\"123-c8\" class=\"d-flex h-flex-basis h-column__inner h-ui-empty-state-container h-px-lg-2 h-px-md-2 h-px-2 v-inner-lg-2 v-inner-md-2 v-inner-2 style-352 style-local-123-c8 position-relative\">\n              <!---->\n              <!---->\n              <div class=\"w-100 h-y-container h-column__content h-column__v-align flex-basis-100\">\n                <!---->\n              <\/div>\n            <\/div>\n          <\/div>\n        <\/div>\n      <\/div>\n    <\/div>\n  <\/div>\n  <div data-colibri-component=\"section\" data-colibri-id=\"123-c9\" id=\"about-2\" class=\"h-section h-section-global-spacing d-flex align-items-lg-center align-items-md-center align-items-center style-370 style-local-123-c9 position-relative\">\n    <!---->\n    <!---->\n    <div class=\"h-section-grid-container h-section-boxed-container\">\n      <!---->\n      <div data-colibri-id=\"123-c10\" class=\"h-row-container gutters-row-lg-0 gutters-row-md-0 gutters-row-0 gutters-row-v-lg-0 gutters-row-v-md-0 gutters-row-v-0 style-371 style-local-123-c10 position-relative\">\n        <!---->\n        <div class=\"h-row justify-content-lg-center justify-content-md-center justify-content-center align-items-lg-stretch align-items-md-stretch align-items-stretch gutters-col-lg-0 gutters-col-md-0 gutters-col-0 gutters-col-v-lg-0 gutters-col-v-md-0 gutters-col-v-0\">\n          <!---->\n          <div class=\"h-column h-column-container d-flex h-col-lg-auto h-col-md-auto h-col-auto style-372-outer style-local-123-c11-outer\">\n            <div data-colibri-id=\"123-c11\" class=\"d-flex h-flex-basis h-column__inner h-ui-empty-state-container h-px-lg-0 h-px-md-0 h-px-0 v-inner-lg-0 v-inner-md-0 v-inner-0 style-372 style-local-123-c11 position-relative\">\n              <!---->\n              <!---->\n              <div class=\"w-100 h-y-container h-column__content h-column__v-align flex-basis-100\">\n                <!---->\n              <\/div>\n            <\/div>\n          <\/div>\n          <div class=\"h-column h-column-container d-flex h-col-lg-auto h-col-md-auto h-col-auto style-373-outer style-local-123-c12-outer\">\n            <div data-colibri-id=\"123-c12\" class=\"d-flex h-flex-basis h-column__inner h-px-lg-2 h-px-md-2 h-px-2 v-inner-lg-2 v-inner-md-2 v-inner-2 style-373 style-local-123-c12 position-relative\">\n              <!---->\n              <!---->\n              <div class=\"w-100 h-y-container h-column__content h-column__v-align flex-basis-100 align-self-lg-start align-self-md-start align-self-start\">\n                <!---->\n                <div data-colibri-id=\"123-c13\" class=\"h-global-transition-all h-heading style-375 style-local-123-c13 position-relative h-element\">\n                  <!---->\n                  <div class=\"h-heading__outer style-375 style-local-123-c13\">\n                    <!---->\n                    <!---->\n                    <h2 class=\"\">Misyon -Vizyon<\/h2>\n                  <\/div>\n                <\/div>\n                <div data-colibri-id=\"123-c14\" class=\"h-text h-text-component style-376 style-local-123-c14 position-relative h-element\">\n                  <!---->\n                  <!---->\n                  <div class=\"\">\n                    <p>2002 y\u0131l\u0131nda kurulan \u015firketimiz;&nbsp;<\/p>\n                    <p>M\u00fc\u015fteri memnuniyeti, sorumluluk ve sa\u011fl\u0131kl\u0131 b\u00fcy\u00fcme odakl\u0131 misyon ve vizyonlar\u0131m\u0131z\u0131 uygulayarak kendimizi geli\u015ftirdik.&nbsp;Bug\u00fcn itibari ile sekt\u00f6rde g\u00fcvenirlili\u011fi ve kalitesi ile tan\u0131nan \u00f6nc\u00fc bir firma haline gelmi\u015f bulunuyoruz.<\/p>\n                    <p>\n                      <br>\n                    <\/p>\n                  <\/div>\n                <\/div>\n              <\/div>\n            <\/div>\n          <\/div>\n        <\/div>\n      <\/div>\n    <\/div>\n  <\/div>\n  <div data-colibri-component=\"section\" data-colibri-id=\"123-c15\" id=\"about-3\" class=\"h-section h-section-global-spacing d-flex align-items-lg-center align-items-md-center align-items-center style-380 style-local-123-c15 position-relative\">\n    <!---->\n    <!---->\n    <div class=\"h-section-grid-container h-section-boxed-container\">\n      <div data-colibri-id=\"123-c20\" class=\"h-row-container gutters-row-lg-2 gutters-row-md-2 gutters-row-2 gutters-row-v-lg-2 gutters-row-v-md-2 gutters-row-v-2 style-385 style-local-123-c20 position-relative\">\n        <!---->\n        <div class=\"h-row justify-content-lg-center justify-content-md-center justify-content-center align-items-lg-stretch align-items-md-stretch align-items-stretch gutters-col-lg-2 gutters-col-md-2 gutters-col-2 gutters-col-v-lg-2 gutters-col-v-md-2 gutters-col-v-2\">\n          <!---->\n          <div class=\"h-column h-column-container d-flex h-col-lg-auto h-col-md-auto h-col-auto style-386-outer style-local-123-c21-outer\">\n            <div data-colibri-id=\"123-c21\" class=\"d-flex h-flex-basis h-column__inner h-px-lg-2 h-px-md-2 h-px-2 v-inner-lg-2 v-inner-md-2 v-inner-2 style-386 style-local-123-c21 position-relative\">\n              <!---->\n              <!---->\n              <div class=\"w-100 h-y-container h-column__content h-column__v-align flex-basis-100 align-self-lg-start align-self-md-start align-self-start\">\n                <!---->\n                <div data-colibri-id=\"123-c22\" class=\"h-global-transition-all h-heading style-387 style-local-123-c22 position-relative h-element\">\n                  <!---->\n                  <div class=\"h-heading__outer style-387 style-local-123-c22\">\n                    <!---->\n                    <!---->\n                    <h5 class=\"\">\u00dcr\u00fcnler<\/h5>\n                  <\/div>\n                <\/div>\n                <div data-colibri-id=\"123-c23\" class=\"h-global-transition-all h-heading style-388 style-local-123-c23 position-relative h-element\">\n                  <!---->\n                  <div class=\"h-heading__outer style-388 style-local-123-c23\">\n                    <!---->\n                    <!---->\n                    <h1 class=\"\">Zengin \u00dcr\u00fcn \u00c7e\u015fitlili\u011fimiz<\/h1>\n                  <\/div>\n                <\/div>\n                <div data-colibri-id=\"123-c24\" class=\"h-x-container style-390 style-local-123-c24 position-relative h-element\">\n                  <!---->\n                  <div class=\"h-x-container-inner style-dynamic-123-c24-group style-390-spacing style-local-123-c24-spacing\"><span class=\"h-button__outer style-391-outer style-local-123-c25-outer d-inline-flex h-element\"><a h-use-smooth-scroll=\"true\" href=\"http:\/\/yasinseramik.com\/index.php\/iletisim\/\"  data-colibri-id=\"123-c25\" class=\"d-flex w-100 align-items-center h-button justify-content-lg-center justify-content-md-center justify-content-center style-391 style-local-123-c25 position-relative\"><!----><!----> <span>bize ula\u015f\u0131n<\/span><\/a>\n                    <\/span>\n                  <\/div>\n                <\/div>\n              <\/div>\n            <\/div>\n          <\/div>\n        <\/div>\n      <\/div>\n      <div data-colibri-id=\"123-c16\" class=\"h-row-container gutters-row-lg-0 gutters-row-md-0 gutters-row-0 gutters-row-v-lg-0 gutters-row-v-md-0 gutters-row-v-0 style-381 style-local-123-c16 h-overflow-hidden position-relative\">\n        <!---->\n        <div class=\"h-row justify-content-lg-center justify-content-md-center justify-content-center align-items-lg-end align-items-md-end align-items-end gutters-col-lg-0 gutters-col-md-0 gutters-col-0 gutters-col-v-lg-0 gutters-col-v-md-0 gutters-col-v-0\">\n          <!---->\n          <div class=\"h-column h-column-container d-flex h-col-lg-auto h-col-md-auto h-col-auto align-self-lg-end align-self-md-end align-self-end style-382-outer style-local-123-c17-outer\">\n            <div data-colibri-id=\"123-c17\" class=\"d-flex h-flex-basis h-column__inner h-ui-empty-state-container h-px-lg-0 h-px-md-0 h-px-0 v-inner-lg-0 v-inner-md-0 v-inner-0 style-382 style-local-123-c17 position-relative\">\n              <!---->\n              <!---->\n              <div class=\"w-100 h-y-container h-column__content h-column__v-align flex-basis-100\">\n                <!---->\n              <\/div>\n            <\/div>\n          <\/div>\n          <div class=\"h-column h-column-container d-flex h-col-lg-auto h-col-md-auto h-col-auto align-self-lg-end align-self-md-end align-self-end style-383-outer style-local-123-c18-outer\">\n            <div data-colibri-id=\"123-c18\" class=\"d-flex h-flex-basis h-column__inner h-ui-empty-state-container h-px-lg-0 h-px-md-0 h-px-0 v-inner-lg-0 v-inner-md-0 v-inner-0 style-383 style-local-123-c18 position-relative\">\n              <!---->\n              <!---->\n              <div class=\"w-100 h-y-container h-column__content h-column__v-align flex-basis-100\">\n                <!---->\n              <\/div>\n            <\/div>\n          <\/div>\n          <div class=\"h-column h-column-container d-flex h-col-lg-auto h-col-md-auto h-col-auto align-self-lg-end align-self-md-end align-self-end style-384-outer style-local-123-c19-outer\">\n            <div data-colibri-id=\"123-c19\" class=\"d-flex h-flex-basis h-column__inner h-ui-empty-state-container h-px-lg-0 h-px-md-0 h-px-0 v-inner-lg-0 v-inner-md-0 v-inner-0 style-384 style-local-123-c19 position-relative\">\n              <!---->\n              <!---->\n              <div class=\"w-100 h-y-container h-column__content h-column__v-align flex-basis-100\">\n                <!---->\n              <\/div>\n            <\/div>\n          <\/div>\n        <\/div>\n      <\/div>\n    <\/div>\n  <\/div>\n<\/div><!--themify_builder_content-->\n<div id=\"themify_builder_content-123\" data-postid=\"123\" class=\"themify_builder_content themify_builder_content-123 themify_builder tf_clear\">\n    \t<!-- module_row -->\n\t<div  data-css_id=\"9q9z171\" data-lazy=\"1\" class=\"module_row themify_builder_row repeat fullwidth tb_9q9z171 tb_first tf_clearfix\" >\n\t    \t\t<div class=\"row_inner col_align_middle gutter-none col-count-1 tf_box tf_w tf_rel\"  data-basecol=\"1\" data-col_tablet=\"tablet-full\">\n\t\t\t<div  data-lazy=\"1\" class=\"module_column tb-column col-full first tb_q8cn171 repeat tf_box\">\n\t\t\t    \t        <div class=\"tb-column-inner tf_box tf_w\">\n\t\t    <!-- module text -->\n<div  class=\"module module-text tb_a3tg171   \" data-lazy=\"1\">\n        <div  class=\"tb_text_wrap\">\n    <h3><img loading=\"lazy\" decoding=\"async\" class=\"alignnone size-medium wp-image-1633\" src=\"http:\/\/yasinseramik.com\/wp-content\/uploads\/2022\/03\/cropped-cropped-HH_preview_rev_1-1-300x101.png\" alt=\"\" width=\"300\" height=\"101\" srcset=\"http:\/\/yasinseramik.com\/wp-content\/uploads\/2022\/03\/cropped-cropped-HH_preview_rev_1-1-300x101.png 300w, http:\/\/yasinseramik.com\/wp-content\/uploads\/2022\/03\/cropped-cropped-HH_preview_rev_1-1-768x258.png 768w, http:\/\/yasinseramik.com\/wp-content\/uploads\/2022\/03\/cropped-cropped-HH_preview_rev_1-1.png 800w\" sizes=\"auto, (max-width: 300px) 100vw, 300px\" \/><\/h3>    <\/div>\n<\/div>\n<!-- \/module text --><!-- module icon -->\n<div  class=\"module module-icon tb_eihg171  large none icon_horizontal tf_textc\" data-lazy=\"1\">\n    \t    <div class=\"module-icon-item tf_inline_b\">\n\t\t\t\t\t\t\t<a href=\"https:\/\/www.facebook.com\/yasinseramik\/\">\n\t\t\t\t\t\t\t\t\t\t\t\t\t\t\t\t\t<em class=\"ui tf_vmiddle tf_textc tf_box \"><svg  aria-hidden=\"true\" class=\"tf_fa tf-ti-facebook\"><use href=\"#tf-ti-facebook\"><\/use><\/svg><\/em>\n\t\t\t\t\t\t\t\t\t\t\t\t\t\t\t\t\t\t\t<\/a>\n\t\t\t\t    <\/div>\n\t\t    <div class=\"module-icon-item tf_inline_b\">\n\t\t\t\t\t\t\t<a href=\" https:\/\/www.instagram.com\/yasin_yapi\/\">\n\t\t\t\t\t\t\t\t\t\t\t\t\t\t\t\t\t<em class=\"ui tf_vmiddle tf_textc tf_box \"><svg  aria-hidden=\"true\" class=\"tf_fa tf-ti-instagram\"><use href=\"#tf-ti-instagram\"><\/use><\/svg><\/em>\n\t\t\t\t\t\t\t\t\t\t\t\t\t\t\t\t\t\t\t<\/a>\n\t\t\t\t    <\/div>\n\t<\/div>\n<!-- \/module icon -->\n\t<div  data-lazy=\"1\" class=\"module_subrow themify_builder_sub_row repeat tb_imuf171 tf_w tf_clearfix\">\n\t    \t\t<div class=\"subrow_inner col_align_top gutter-none col-count-4 tf_box tf_w\">\n\t\t\t<div  data-lazy=\"1\" class=\"sub_column module_column tf_box col4-1 first tb_9bfn171\"> \n\t    \t    \t<\/div>\n\t\t<div  style=\"width: 38.39%\" data-lazy=\"1\" class=\"sub_column module_column tf_box col4-1 second tb_80wk171\"> \n\t    \t    \t        <div class=\"tb-column-inner tf_box tf_w\">\n\t\t    <!-- module text -->\n<div  class=\"module module-text tb_qn2f171   \" data-lazy=\"1\">\n        <div  class=\"tb_text_wrap\">\n    <div class=\"copyright col-sm-6 col-xs-12 text-left\">\n<p style=\"text-align: right;\">Yasin Yap\u0131 \u00a9 2022 T\u00fcm Haklar\u0131 Sakl\u0131d\u0131r.<\/p>\n<\/div>    <\/div>\n<\/div>\n<!-- \/module text -->\t        <\/div>\n\t    \t<\/div>\n\t\t<div  style=\"width: 11.61%\" data-lazy=\"1\" class=\"sub_column module_column tf_box col4-1 third tb_nbq8171\"> \n\t    \t    \t<\/div>\n\t\t<div  data-lazy=\"1\" class=\"sub_column module_column tf_box col4-1 last tb_w5bj171\"> \n\t    \t    \t<\/div>\n\t\t    <\/div>\n\t<\/div><!-- \/themify_builder_sub_row -->\n\t\t        <\/div>\n\t    \t<\/div>\n\t\t    <\/div>\n\t    <!-- \/row_inner -->\n\t<\/div>\n\t<!-- \/module_row -->\n\t<\/div>\n<!--\/themify_builder_content-->\n","protected":false},"excerpt":{"rendered":"<p>Hakk\u0131m\u0131zda Biz B\u00fcy\u00fck Bir Aileyiz Lorem ipsum dolor sit amet, consectetur adipisicing elit, sed do eiusmod tempor incididunt ut labore et dolore magna aliqua. Ut enim ad minim veniam, quis nostrud exercitation ullamco laboris nisi ut aliquip. Misyon -Vizyon 2002 y\u0131l\u0131nda kurulan \u015firketimiz;&nbsp; M\u00fc\u015fteri memnuniyeti, sorumluluk ve sa\u011fl\u0131kl\u0131 b\u00fcy\u00fcme odakl\u0131 misyon ve vizyonlar\u0131m\u0131z\u0131 uygulayarak kendimizi [&hellip;]<\/p>\n","protected":false},"author":1,"featured_media":0,"parent":0,"menu_order":0,"comment_status":"closed","ping_status":"closed","template":"page-templates\/full-width-page.php","meta":{"footnotes":""},"class_list":["post-123","page","type-page","status-publish","hentry"],"yoast_head":"<!-- This site is optimized with the Yoast SEO plugin v18.4.1 - https:\/\/yoast.com\/wordpress\/plugins\/seo\/ -->\n<title>Hakk\u0131nda - Yasin Yap\u0131<\/title>\n<meta name=\"robots\" content=\"index, follow, max-snippet:-1, max-image-preview:large, max-video-preview:-1\" \/>\n<link rel=\"canonical\" href=\"http:\/\/yasinseramik.com\/index.php\/hakkinda\/\" \/>\n<meta property=\"og:locale\" content=\"tr_TR\" \/>\n<meta property=\"og:type\" content=\"article\" \/>\n<meta property=\"og:title\" content=\"Hakk\u0131nda - Yasin Yap\u0131\" \/>\n<meta property=\"og:description\" content=\"Hakk\u0131m\u0131zda Biz B\u00fcy\u00fck Bir Aileyiz Lorem ipsum dolor sit amet, consectetur adipisicing elit, sed do eiusmod tempor incididunt ut labore et dolore magna aliqua. Ut enim ad minim veniam, quis nostrud exercitation ullamco laboris nisi ut aliquip. Misyon -Vizyon 2002 y\u0131l\u0131nda kurulan \u015firketimiz;&nbsp; M\u00fc\u015fteri memnuniyeti, sorumluluk ve sa\u011fl\u0131kl\u0131 b\u00fcy\u00fcme odakl\u0131 misyon ve vizyonlar\u0131m\u0131z\u0131 uygulayarak kendimizi [&hellip;]\" \/>\n<meta property=\"og:url\" content=\"http:\/\/yasinseramik.com\/index.php\/hakkinda\/\" \/>\n<meta property=\"og:site_name\" content=\"Yasin Yap\u0131\" \/>\n<meta property=\"article:modified_time\" content=\"2022-04-18T12:53:50+00:00\" \/>\n<meta name=\"twitter:card\" content=\"summary_large_image\" \/>\n<meta name=\"twitter:label1\" content=\"Tahmini okuma s\u00fcresi\" \/>\n\t<meta name=\"twitter:data1\" content=\"1 dakika\" \/>\n<script type=\"application\/ld+json\" class=\"yoast-schema-graph\">{\"@context\":\"https:\/\/schema.org\",\"@graph\":[{\"@type\":\"Organization\",\"@id\":\"http:\/\/yasinseramik.com\/#organization\",\"name\":\"Yasin Yap\u0131\",\"url\":\"http:\/\/yasinseramik.com\/\",\"sameAs\":[],\"logo\":{\"@type\":\"ImageObject\",\"@id\":\"http:\/\/yasinseramik.com\/#logo\",\"inLanguage\":\"tr\",\"url\":\"http:\/\/yasinseramik.com\/wp-content\/uploads\/2022\/03\/cropped-cropped-cropped-HH_preview_rev_1-1.png\",\"contentUrl\":\"http:\/\/yasinseramik.com\/wp-content\/uploads\/2022\/03\/cropped-cropped-cropped-HH_preview_rev_1-1.png\",\"width\":196,\"height\":228,\"caption\":\"Yasin Yap\u0131\"},\"image\":{\"@id\":\"http:\/\/yasinseramik.com\/#logo\"}},{\"@type\":\"WebSite\",\"@id\":\"http:\/\/yasinseramik.com\/#website\",\"url\":\"http:\/\/yasinseramik.com\/\",\"name\":\"Yasin Yap\u0131\",\"description\":\"Yap\u0131 Malzemeleri\",\"publisher\":{\"@id\":\"http:\/\/yasinseramik.com\/#organization\"},\"potentialAction\":[{\"@type\":\"SearchAction\",\"target\":{\"@type\":\"EntryPoint\",\"urlTemplate\":\"http:\/\/yasinseramik.com\/?s={search_term_string}\"},\"query-input\":\"required name=search_term_string\"}],\"inLanguage\":\"tr\"},{\"@type\":\"WebPage\",\"@id\":\"http:\/\/yasinseramik.com\/index.php\/hakkinda\/#webpage\",\"url\":\"http:\/\/yasinseramik.com\/index.php\/hakkinda\/\",\"name\":\"Hakk\u0131nda - Yasin Yap\u0131\",\"isPartOf\":{\"@id\":\"http:\/\/yasinseramik.com\/#website\"},\"datePublished\":\"2022-03-18T15:13:21+00:00\",\"dateModified\":\"2022-04-18T12:53:50+00:00\",\"breadcrumb\":{\"@id\":\"http:\/\/yasinseramik.com\/index.php\/hakkinda\/#breadcrumb\"},\"inLanguage\":\"tr\",\"potentialAction\":[{\"@type\":\"ReadAction\",\"target\":[\"http:\/\/yasinseramik.com\/index.php\/hakkinda\/\"]}]},{\"@type\":\"BreadcrumbList\",\"@id\":\"http:\/\/yasinseramik.com\/index.php\/hakkinda\/#breadcrumb\",\"itemListElement\":[{\"@type\":\"ListItem\",\"position\":1,\"name\":\"Anasayfa\",\"item\":\"http:\/\/yasinseramik.com\/\"},{\"@type\":\"ListItem\",\"position\":2,\"name\":\"Hakk\u0131nda\"}]}]}<\/script>\n<!-- \/ Yoast SEO plugin. -->","yoast_head_json":{"title":"Hakk\u0131nda - Yasin Yap\u0131","robots":{"index":"index","follow":"follow","max-snippet":"max-snippet:-1","max-image-preview":"max-image-preview:large","max-video-preview":"max-video-preview:-1"},"canonical":"http:\/\/yasinseramik.com\/index.php\/hakkinda\/","og_locale":"tr_TR","og_type":"article","og_title":"Hakk\u0131nda - Yasin Yap\u0131","og_description":"Hakk\u0131m\u0131zda Biz B\u00fcy\u00fck Bir Aileyiz Lorem ipsum dolor sit amet, consectetur adipisicing elit, sed do eiusmod tempor incididunt ut labore et dolore magna aliqua. Ut enim ad minim veniam, quis nostrud exercitation ullamco laboris nisi ut aliquip. Misyon -Vizyon 2002 y\u0131l\u0131nda kurulan \u015firketimiz;&nbsp; M\u00fc\u015fteri memnuniyeti, sorumluluk ve sa\u011fl\u0131kl\u0131 b\u00fcy\u00fcme odakl\u0131 misyon ve vizyonlar\u0131m\u0131z\u0131 uygulayarak kendimizi [&hellip;]","og_url":"http:\/\/yasinseramik.com\/index.php\/hakkinda\/","og_site_name":"Yasin Yap\u0131","article_modified_time":"2022-04-18T12:53:50+00:00","twitter_card":"summary_large_image","twitter_misc":{"Tahmini okuma s\u00fcresi":"1 dakika"},"schema":{"@context":"https:\/\/schema.org","@graph":[{"@type":"Organization","@id":"http:\/\/yasinseramik.com\/#organization","name":"Yasin Yap\u0131","url":"http:\/\/yasinseramik.com\/","sameAs":[],"logo":{"@type":"ImageObject","@id":"http:\/\/yasinseramik.com\/#logo","inLanguage":"tr","url":"http:\/\/yasinseramik.com\/wp-content\/uploads\/2022\/03\/cropped-cropped-cropped-HH_preview_rev_1-1.png","contentUrl":"http:\/\/yasinseramik.com\/wp-content\/uploads\/2022\/03\/cropped-cropped-cropped-HH_preview_rev_1-1.png","width":196,"height":228,"caption":"Yasin Yap\u0131"},"image":{"@id":"http:\/\/yasinseramik.com\/#logo"}},{"@type":"WebSite","@id":"http:\/\/yasinseramik.com\/#website","url":"http:\/\/yasinseramik.com\/","name":"Yasin Yap\u0131","description":"Yap\u0131 Malzemeleri","publisher":{"@id":"http:\/\/yasinseramik.com\/#organization"},"potentialAction":[{"@type":"SearchAction","target":{"@type":"EntryPoint","urlTemplate":"http:\/\/yasinseramik.com\/?s={search_term_string}"},"query-input":"required name=search_term_string"}],"inLanguage":"tr"},{"@type":"WebPage","@id":"http:\/\/yasinseramik.com\/index.php\/hakkinda\/#webpage","url":"http:\/\/yasinseramik.com\/index.php\/hakkinda\/","name":"Hakk\u0131nda - Yasin Yap\u0131","isPartOf":{"@id":"http:\/\/yasinseramik.com\/#website"},"datePublished":"2022-03-18T15:13:21+00:00","dateModified":"2022-04-18T12:53:50+00:00","breadcrumb":{"@id":"http:\/\/yasinseramik.com\/index.php\/hakkinda\/#breadcrumb"},"inLanguage":"tr","potentialAction":[{"@type":"ReadAction","target":["http:\/\/yasinseramik.com\/index.php\/hakkinda\/"]}]},{"@type":"BreadcrumbList","@id":"http:\/\/yasinseramik.com\/index.php\/hakkinda\/#breadcrumb","itemListElement":[{"@type":"ListItem","position":1,"name":"Anasayfa","item":"http:\/\/yasinseramik.com\/"},{"@type":"ListItem","position":2,"name":"Hakk\u0131nda"}]}]}},"builder_content":"<h3><img loading=\"lazy\" decoding=\"async\" src=\"http:\/\/yasinseramik.com\/wp-content\/uploads\/2022\/03\/cropped-cropped-HH_preview_rev_1-1-300x101.png\" alt=\"\" width=\"300\" height=\"101\" srcset=\"http:\/\/yasinseramik.com\/wp-content\/uploads\/2022\/03\/cropped-cropped-HH_preview_rev_1-1-300x101.png 300w, http:\/\/yasinseramik.com\/wp-content\/uploads\/2022\/03\/cropped-cropped-HH_preview_rev_1-1-768x258.png 768w, http:\/\/yasinseramik.com\/wp-content\/uploads\/2022\/03\/cropped-cropped-HH_preview_rev_1-1.png 800w\" sizes=\"auto, (max-width: 300px) 100vw, 300px\" \/><\/h3>\n<a href=\"https:\/\/www.facebook.com\/yasinseramik\/\"> <em><svg aria-hidden=\"true\"><use href=\"#tf-ti-facebook\"><\/use><\/svg><\/em> <\/a> <a href=\" https:\/\/www.instagram.com\/yasin_yapi\/\"> <em><svg aria-hidden=\"true\"><use href=\"#tf-ti-instagram\"><\/use><\/svg><\/em> <\/a>\n<p style=\"text-align: right;\">Yasin Yap\u0131 \u00a9 2022 T\u00fcm Haklar\u0131 Sakl\u0131d\u0131r.<\/p>","_links":{"self":[{"href":"http:\/\/yasinseramik.com\/index.php\/wp-json\/wp\/v2\/pages\/123","targetHints":{"allow":["GET"]}}],"collection":[{"href":"http:\/\/yasinseramik.com\/index.php\/wp-json\/wp\/v2\/pages"}],"about":[{"href":"http:\/\/yasinseramik.com\/index.php\/wp-json\/wp\/v2\/types\/page"}],"author":[{"embeddable":true,"href":"http:\/\/yasinseramik.com\/index.php\/wp-json\/wp\/v2\/users\/1"}],"replies":[{"embeddable":true,"href":"http:\/\/yasinseramik.com\/index.php\/wp-json\/wp\/v2\/comments?post=123"}],"version-history":[{"count":8,"href":"http:\/\/yasinseramik.com\/index.php\/wp-json\/wp\/v2\/pages\/123\/revisions"}],"predecessor-version":[{"id":5349,"href":"http:\/\/yasinseramik.com\/index.php\/wp-json\/wp\/v2\/pages\/123\/revisions\/5349"}],"wp:attachment":[{"href":"http:\/\/yasinseramik.com\/index.php\/wp-json\/wp\/v2\/media?parent=123"}],"curies":[{"name":"wp","href":"https:\/\/api.w.org\/{rel}","templated":true}]}}